{"id":86675,"date":"2018-10-19T19:45:55","date_gmt":"2018-10-19T17:45:55","guid":{"rendered":"https:\/\/budoshop.si\/?product=mrezasta-sportna-torba-tokaido-mesh"},"modified":"2023-10-05T21:30:17","modified_gmt":"2023-10-05T19:30:17","slug":"mrezasta-sportna-torba-tokaido-mesh","status":"publish","type":"product","link":"https:\/\/www.budoshop.si\/sl\/izdelek\/mrezasta-sportna-torba-tokaido-mesh\/","title":{"rendered":"Mre\u017easta \u0161portna torba &#8221;Tokaido MESH&#8221;"},"content":{"rendered":"<div><span style=\"color: #c00000; font-size: 15px;\">Prakti\u010dna mre\u017easta \u0161portna vre\u010da v kateri se bo va\u0161a \u0161portna oprema hitro in enostavno posu\u0161ila. Japonske Karate znamke TOKAIDO.<\/span><\/div>\n<div><span style=\"color: #c00000; font-size: 15px;\">\u00a0<\/span><\/div>\n<div><span style=\"color: #c00000; font-size: 15px;\">Mere: cca. 60 x 30 cm<\/span><\/div>\n","protected":false},"excerpt":{"rendered":"<p><span id=\"dnn_ctr448_ProductPage_lstProducts_lbllistDescription_10\"><span style=\"color: #002060;\"><strong>Prakti\u010dna mre\u017easta TOKAIDO torbica za \u0161portno opremo.<\/strong><\/span><\/span><\/p>\n","protected":false},"featured_media":86681,"comment_status":"open","ping_status":"closed","template":"","meta":[],"product_brand":[],"product_cat":[1043,1033,1029,971,1039,1047,949],"product_tag":[],"class_list":{"0":"post-86675","1":"product","2":"type-product","3":"status-publish","4":"has-post-thumbnail","6":"product_cat-boks-kickbox-tajski-boks-mma","7":"product_cat-ju-jitsujiu-jitsu-1","8":"product_cat-karate-5","9":"product_cat-sportne-torbe","10":"product_cat-taekwondo-3","11":"product_cat-tokaido-1","12":"product_cat-shureido-3","14":"first","15":"instock","16":"taxable","17":"shipping-taxable","18":"purchasable","19":"product-type-simple"},"_links":{"self":[{"href":"https:\/\/www.budoshop.si\/sl\/wp-json\/wp\/v2\/product\/86675","targetHints":{"allow":["GET"]}}],"collection":[{"href":"https:\/\/www.budoshop.si\/sl\/wp-json\/wp\/v2\/product"}],"about":[{"href":"https:\/\/www.budoshop.si\/sl\/wp-json\/wp\/v2\/types\/product"}],"replies":[{"embeddable":true,"href":"https:\/\/www.budoshop.si\/sl\/wp-json\/wp\/v2\/comments?post=86675"}],"wp:featuredmedia":[{"embeddable":true,"href":"https:\/\/www.budoshop.si\/sl\/wp-json\/wp\/v2\/media\/86681"}],"wp:attachment":[{"href":"https:\/\/www.budoshop.si\/sl\/wp-json\/wp\/v2\/media?parent=86675"}],"wp:term":[{"taxonomy":"product_brand","embeddable":true,"href":"https:\/\/www.budoshop.si\/sl\/wp-json\/wp\/v2\/product_brand?post=86675"},{"taxonomy":"product_cat","embeddable":true,"href":"https:\/\/www.budoshop.si\/sl\/wp-json\/wp\/v2\/product_cat?post=86675"},{"taxonomy":"product_tag","embeddable":true,"href":"https:\/\/www.budoshop.si\/sl\/wp-json\/wp\/v2\/product_tag?post=86675"}],"curies":[{"name":"wp","href":"https:\/\/api.w.org\/{rel}","templated":true}]}}