{"id":86581,"date":"2018-10-19T19:26:31","date_gmt":"2018-10-19T19:26:31","guid":{"rendered":"https:\/\/budoshop.si\/?product=karate-scitniki-za-golen-in-nart-tokaido-kumite-ce"},"modified":"2025-08-07T08:38:03","modified_gmt":"2025-08-07T06:38:03","slug":"karate-scitniki-za-golen-in-nart-tokaido-kumite-ce","status":"publish","type":"product","link":"https:\/\/www.budoshop.si\/sl\/izdelek\/karate-scitniki-za-golen-in-nart-tokaido-kumite-ce\/","title":{"rendered":"Karate \u0161\u010ditniki za golen in nart &#8221;Tokaido KUMITE&#8221;"},"content":{"rendered":"<p style=\"margin: 0cm 0cm 0pt; text-align: justify;\"><span style=\"color: #c00000; font-size: 15px;\">Ta \u0161\u010ditnik za pi\u0161\u010dal\/golen z odstranljivim \u0161\u010ditnikom stopala\/narta znamke TOKAIDO je oblikovan za najnovej\u0161a Karate pravila. \u0160\u010ditnik je izdelan iz posebnega, anatomsko oblikovanega PU materiala, ki ohranja svojo obliko, ga je enostavno \u010distiti in zagotavlja udobno uporabo.<\/span><\/p>\n<p style=\"margin: 0cm 0cm 0pt; text-align: justify;\"><span style=\"color: #c00000; font-size: 15px;\"><br \/>\n\u0160\u010dit pi\u0161\u010dali in \u0161\u010dit stopala sta spojena s funkcionalnim je\u017ekom in se lahko uporabljata tudi lo\u010deno. Zapenjanje z elasti\u010dnimi trakovi tudi okrog pete in stopala, da \u0161\u010ditnik trdno ostaja na svojem mestu.<\/span><\/p>\n<p style=\"margin: 0cm 0cm 0pt; text-align: justify;\"><span style=\"color: #c00000; font-size: 15px;\"><strong><br \/>\nKvaliteta, ki jo zagotavlja samo japonska TOKAIDO znamka!<\/strong><\/span><\/p>\n<p style=\"margin: 0cm 0cm 0pt; text-align: justify;\"><span style=\"font-size: 15px;\"><span style=\"color: #c00000;\"><br \/>\n<\/span><span style=\"color: #c00000;\"><strong>Ta artikel je odobren iz strani WKF<\/strong>-ja (World Karate Federation)! <\/span><\/span><\/p>\n<p style=\"margin: 0cm 0cm 0pt; text-align: justify;\"><span style=\"color: #c00000; font-size: 15px;\"><br \/>\nUstreza CE standardom! <\/span><\/p>\n<p style=\"margin: 0cm 0cm 0pt; text-align: justify;\"><span style=\"color: #c00000; font-size: 15px;\"><br \/>\nBarve: Modra ali rde\u010da<\/span><\/p>\n<p style=\"margin: 0cm 0cm 0pt; text-align: justify;\"><span style=\"color: #c00000; font-size: 15px;\"><br \/>\nVelikosti: S &#8211; M \u2013 L &#8211; XL &#8211; XXL<br \/>\n<\/span><\/p>\n<p style=\"margin: 0cm 0cm 0pt; text-align: justify;\"><span style=\"color: #c00000; font-size: 15px;\"><br \/>\nProdaja se v paru.<\/span><\/p>\n","protected":false},"excerpt":{"rendered":"<p><span id=\"dnn_ctr448_ProductPage_lstProducts_lbllistDescription_11\" style=\"color: #003366;\"><strong>WKF verificiran \u0161\u010ditnik za pi\u0161\u010dal\/golen in stopalo japonske znamke TOKAIDO.<\/strong><\/span><\/p>\n","protected":false},"featured_media":86586,"comment_status":"open","ping_status":"closed","template":"","meta":[],"product_brand":[5598],"product_cat":[1029,899,1047,949],"product_tag":[],"class_list":{"0":"post-86581","1":"product","2":"type-product","3":"status-publish","4":"has-post-thumbnail","6":"product_brand-tokaido","7":"product_cat-karate-5","8":"product_cat-scitniki-za-piscali","9":"product_cat-tokaido-1","10":"product_cat-shureido-3","11":"pa_barva-modre-barve-sl","12":"pa_barva-rdeca-barva-sl-2","13":"pa_velikost-l-sl-2","14":"pa_velikost-m-sl-2","15":"pa_velikost-s-sl-2","16":"pa_velikost-xl-sl","17":"pa_velikost-xxl-sl-2","19":"first","20":"instock","21":"taxable","22":"shipping-taxable","23":"purchasable","24":"product-type-variable"},"_links":{"self":[{"href":"https:\/\/www.budoshop.si\/sl\/wp-json\/wp\/v2\/product\/86581","targetHints":{"allow":["GET"]}}],"collection":[{"href":"https:\/\/www.budoshop.si\/sl\/wp-json\/wp\/v2\/product"}],"about":[{"href":"https:\/\/www.budoshop.si\/sl\/wp-json\/wp\/v2\/types\/product"}],"replies":[{"embeddable":true,"href":"https:\/\/www.budoshop.si\/sl\/wp-json\/wp\/v2\/comments?post=86581"}],"wp:featuredmedia":[{"embeddable":true,"href":"https:\/\/www.budoshop.si\/sl\/wp-json\/wp\/v2\/media\/86586"}],"wp:attachment":[{"href":"https:\/\/www.budoshop.si\/sl\/wp-json\/wp\/v2\/media?parent=86581"}],"wp:term":[{"taxonomy":"product_brand","embeddable":true,"href":"https:\/\/www.budoshop.si\/sl\/wp-json\/wp\/v2\/product_brand?post=86581"},{"taxonomy":"product_cat","embeddable":true,"href":"https:\/\/www.budoshop.si\/sl\/wp-json\/wp\/v2\/product_cat?post=86581"},{"taxonomy":"product_tag","embeddable":true,"href":"https:\/\/www.budoshop.si\/sl\/wp-json\/wp\/v2\/product_tag?post=86581"}],"curies":[{"name":"wp","href":"https:\/\/api.w.org\/{rel}","templated":true}]}}