{"id":86505,"date":"2018-10-19T15:14:03","date_gmt":"2018-10-19T15:14:03","guid":{"rendered":"https:\/\/budoshop.si\/?product=otrosko-karate-gi-kimono-tokaido-kata-master-junior"},"modified":"2025-05-12T17:22:23","modified_gmt":"2025-05-12T15:22:23","slug":"otrosko-karate-gi-kimono-tokaido-kata-master-junior","status":"publish","type":"product","link":"https:\/\/www.budoshop.si\/sl\/izdelek\/otrosko-karate-gi-kimono-tokaido-kata-master-junior\/","title":{"rendered":"Otro\u0161ko Karate Gi (Kimono) &#8221;Tokaido KATA MASTER JUNIOR&#8221;"},"content":{"rendered":"<p style=\"margin: 0cm 0cm 0pt; text-align: justify;\"><span style=\"color: #c00000; font-size: 15px;\">To WKF Karate Kata Kimono je Tokaido razvil posebej za otroke, saj je bil &#8216;slim-fit&#8217; kroj prilagojen postavi otrok in mladostnikov. Tehnologija &#8216;Ultimate-Sound&#8217; zagotavlja impresivno akusti\u010dno podporo dinami\u010dnim premikom telesa. Izdelan je 100% (12 OZ) ko\u017ei prijetnega in zra\u010dnega bomba\u017ea, ki je prijetno gladek in ne praska. Hla\u010de so opremljene s \u0161iroko in mehko elastiko z dodatno vrvico, kar omogo\u010da hitro obla\u010denje in ne \u017euli. Za \u0161ivanje so uporabljeni ve\u010dkratni in oja\u010dani \u0161ivi. Na predelu prsi Karate Kimono krasi tudi prepoznaven vezen Tokaido logotip ter uradni JKA znak.<\/span><\/p>\n<p style=\"margin: 0cm 0cm 0pt; text-align: justify;\"><span style=\"color: #c00000; font-size: 15px;\"><strong><br \/>\nKvaliteta, ki jo zagotavlja samo japonska TOKAIDO Karate znamka!<\/strong><\/span><\/p>\n<p style=\"margin: 0cm 0cm 0pt; text-align: justify;\"><span style=\"color: #c00000; font-size: 15px;\"><br \/>\nV kompletu se nahajajo hla\u010de z elastiko v pasu in jakna (brez pasu).<\/span><\/p>\n<p style=\"margin: 0cm 0cm 0pt; text-align: justify;\"><span style=\"color: #c00000; font-size: 15px;\"><br \/>\nVelikosti: 110 \u2013 160 cm (na 10cm).<\/span><\/p>\n<p style=\"margin: 0cm 0cm 12pt; text-align: justify;\"><span style=\"color: #c00000; font-size: 15px;\"><strong><br \/>\nTa artikel je odobren iz strani WKF<\/strong>-ja (World Karate Federation).<\/span><\/p>\n<p style=\"margin: 0cm 0cm 0pt; text-align: justify;\"><span style=\"font-size: x-small; color: #c00000;\">Pozor! Kimono ni predprano in se pri prvem pranju lahko\u00a0skr\u010di za cca. 5 %.<\/span><\/p>\n","protected":false},"excerpt":{"rendered":"<p><span id=\"dnn_ctr448_ProductPage_lstProducts_lbllistDescription_12\"><span style=\"color: #002060;\"><strong>Otro\u0161ki Kata Kimono japonske znamke Tokaido.<\/strong><\/span><\/span><\/p>\n","protected":false},"featured_media":86510,"comment_status":"open","ping_status":"closed","template":"","meta":[],"product_brand":[5598],"product_cat":[1029,1047,917,949],"product_tag":[],"class_list":{"0":"post-86505","1":"product","2":"type-product","3":"status-publish","4":"has-post-thumbnail","6":"product_brand-tokaido","7":"product_cat-karate-5","8":"product_cat-tokaido-1","9":"product_cat-shureido-1","10":"product_cat-shureido-3","11":"pa_velikost-110-cm-sl","12":"pa_velikost-120-cm-sl","13":"pa_velikost-130-cm-sl","14":"pa_velikost-140-cm-sl","15":"pa_velikost-150-cm-sl","16":"pa_velikost-160-cm-sl","18":"first","19":"instock","20":"taxable","21":"shipping-taxable","22":"purchasable","23":"product-type-variable"},"_links":{"self":[{"href":"https:\/\/www.budoshop.si\/sl\/wp-json\/wp\/v2\/product\/86505","targetHints":{"allow":["GET"]}}],"collection":[{"href":"https:\/\/www.budoshop.si\/sl\/wp-json\/wp\/v2\/product"}],"about":[{"href":"https:\/\/www.budoshop.si\/sl\/wp-json\/wp\/v2\/types\/product"}],"replies":[{"embeddable":true,"href":"https:\/\/www.budoshop.si\/sl\/wp-json\/wp\/v2\/comments?post=86505"}],"wp:featuredmedia":[{"embeddable":true,"href":"https:\/\/www.budoshop.si\/sl\/wp-json\/wp\/v2\/media\/86510"}],"wp:attachment":[{"href":"https:\/\/www.budoshop.si\/sl\/wp-json\/wp\/v2\/media?parent=86505"}],"wp:term":[{"taxonomy":"product_brand","embeddable":true,"href":"https:\/\/www.budoshop.si\/sl\/wp-json\/wp\/v2\/product_brand?post=86505"},{"taxonomy":"product_cat","embeddable":true,"href":"https:\/\/www.budoshop.si\/sl\/wp-json\/wp\/v2\/product_cat?post=86505"},{"taxonomy":"product_tag","embeddable":true,"href":"https:\/\/www.budoshop.si\/sl\/wp-json\/wp\/v2\/product_tag?post=86505"}],"curies":[{"name":"wp","href":"https:\/\/api.w.org\/{rel}","templated":true}]}}