{"id":86422,"date":"2018-10-19T14:49:45","date_gmt":"2018-10-19T14:49:45","guid":{"rendered":"https:\/\/budoshop.si\/?product=judo-crn-pas-obi-mizuno-ijf"},"modified":"2026-01-12T08:37:26","modified_gmt":"2026-01-12T07:37:26","slug":"judo-crn-pas-obi-mizuno-ijf","status":"publish","type":"product","link":"https:\/\/www.budoshop.si\/sl\/izdelek\/judo-crn-pas-obi-mizuno-ijf\/","title":{"rendered":"Judo \u010drn pas &#8221;Obi MIZUNO IJF&#8221;"},"content":{"rendered":"<div style=\"text-align: justify;\"><span style=\"color: #993300; font-size: 15px;\">Vrhunski tekmovalni JUDO \u010drn pas japonske znamke MIZUNO. Narejen je iz izjemno trpe\u017enega 100% bomba\u017ea najbolj\u0161e kvalitete zelo obstojne barve in kar 13 krat pre\u0161it, kar daje temu pasu njegov zna\u010dilen izgled.<br \/>\n<\/span><\/div>\n<div style=\"text-align: justify;\"><span style=\"color: #993300; font-size: 15px;\">Na pasu se nahaja srebrno vezen 3D Mizuno logotip in uradni IJF znak z rde\u010do obrobo.<\/span><\/div>\n<div style=\"text-align: justify;\"><span style=\"color: #993300; font-size: 15px;\">\u00a0<\/span><\/div>\n<div style=\"text-align: justify;\"><span style=\"color: #993300; font-size: 15px;\"><strong>Kvaliteta, ki jo zagotavlja samo japonska MIZUNO znamka!<\/strong><br \/>\n<\/span><\/div>\n<div style=\"text-align: justify;\"><span style=\"color: #993300; font-size: 15px;\">\u00a0<\/span><\/div>\n<div style=\"text-align: justify;\"><span style=\"color: #993300; font-size: 15px;\"><strong>Ta artikel je odobren s strani IJF<\/strong>-a (Intenational Judo Federation).<\/span><\/div>\n<div style=\"text-align: justify;\"><span style=\"color: #993300; font-size: 15px;\">\u00a0<\/span><\/div>\n<div style=\"text-align: justify;\"><span style=\"color: #993300; font-size: 15px;\">Nudimo mo\u017enost vezenja!<\/span><\/div>\n<div style=\"text-align: justify;\">\n<p><span style=\"color: #993300; font-size: 15px;\">Debelina: cca. 4,50cm<\/span><\/p>\n<p><span style=\"color: #993300; font-size: 15px;\">Dol\u017eine: 255 &#8211; 265 &#8211; 275 &#8211; 285 &#8211; 295 &#8211; 315 &#8211; 325 &#8211; 335 &#8211; 355 cm<\/span><\/p>\n<\/div>\n","protected":false},"excerpt":{"rendered":"<p><span id=\"dnn_ctr448_ProductPage_lstProducts_lbllistDescription_13\" style=\"color: #003366;\"><strong>IJF verificiran \u010drn Judo pas japonske znamke MIZUNO.<\/strong><\/span><\/p>\n","protected":false},"featured_media":86429,"comment_status":"open","ping_status":"closed","template":"","meta":[],"product_brand":[5597],"product_cat":[1031,861,1081,1051],"product_tag":[],"class_list":{"0":"post-86422","1":"product","2":"type-product","3":"status-publish","4":"has-post-thumbnail","6":"product_brand-mizuno","7":"product_cat-judo-1","8":"product_cat-mojstrski-pasovi","9":"product_cat-mizuno-5","10":"product_cat-mizuno-3","11":"pa_dolzina-pasu-255-cm-2","12":"pa_dolzina-pasu-265-cm-2","13":"pa_dolzina-pasu-275-cm-2","14":"pa_dolzina-pasu-285-cm-2","15":"pa_dolzina-pasu-295-cm-2","16":"pa_dolzina-pasu-305-cm-2","17":"pa_dolzina-pasu-315-cm-sl","18":"pa_dolzina-pasu-325-cm-sl","19":"pa_dolzina-pasu-335-cm-sl","20":"pa_dolzina-pasu-355-cm-sl","22":"first","23":"instock","24":"taxable","25":"shipping-taxable","26":"purchasable","27":"product-type-variable"},"_links":{"self":[{"href":"https:\/\/www.budoshop.si\/sl\/wp-json\/wp\/v2\/product\/86422","targetHints":{"allow":["GET"]}}],"collection":[{"href":"https:\/\/www.budoshop.si\/sl\/wp-json\/wp\/v2\/product"}],"about":[{"href":"https:\/\/www.budoshop.si\/sl\/wp-json\/wp\/v2\/types\/product"}],"replies":[{"embeddable":true,"href":"https:\/\/www.budoshop.si\/sl\/wp-json\/wp\/v2\/comments?post=86422"}],"wp:featuredmedia":[{"embeddable":true,"href":"https:\/\/www.budoshop.si\/sl\/wp-json\/wp\/v2\/media\/86429"}],"wp:attachment":[{"href":"https:\/\/www.budoshop.si\/sl\/wp-json\/wp\/v2\/media?parent=86422"}],"wp:term":[{"taxonomy":"product_brand","embeddable":true,"href":"https:\/\/www.budoshop.si\/sl\/wp-json\/wp\/v2\/product_brand?post=86422"},{"taxonomy":"product_cat","embeddable":true,"href":"https:\/\/www.budoshop.si\/sl\/wp-json\/wp\/v2\/product_cat?post=86422"},{"taxonomy":"product_tag","embeddable":true,"href":"https:\/\/www.budoshop.si\/sl\/wp-json\/wp\/v2\/product_tag?post=86422"}],"curies":[{"name":"wp","href":"https:\/\/api.w.org\/{rel}","templated":true}]}}