{"id":86233,"date":"2018-10-19T11:21:14","date_gmt":"2018-10-19T11:21:14","guid":{"rendered":"https:\/\/budoshop.si\/?product=ijf-judo-gi-kimono-mizuno-yusho-iii"},"modified":"2026-03-26T14:51:35","modified_gmt":"2026-03-26T13:51:35","slug":"ijf-judo-gi-kimono-mizuno-yusho-iii","status":"publish","type":"product","link":"https:\/\/www.budoshop.si\/sl\/izdelek\/ijf-judo-gi-kimono-mizuno-yusho-iii\/","title":{"rendered":"IJF Judo Gi (Kimono) &#8221;Mizuno YUSHO III.&#8221;"},"content":{"rendered":"<p style=\"margin: 0cm 0cm 0pt; text-align: justify; line-height: normal;\"><span style=\"color: #c00000; font-family: tahoma; font-size: 15px;\">Ta novi Mizuno IJF Judo Kimono je namenjen tekmovalcem, ki tekmujejo na najvi\u0161ji dr\u017eavni in mednarodni ravni, kot tudi vsem drugim, ki od svojega obla\u010dila zahtevajo najve\u010d. Zasnovan je bil v japonski Osaki. V skladu z zadnjimi IJF pravili ima jakna podalj\u0161ane in rahlo o\u017eje rokave. Kimono je izdelano iz vrhunskega poli-bomba\u017e materiala (80% bomba\u017e\/20% poliester) 750 g\/m<sup>2<\/sup>. Jakna je izdelana z dvojnimi \u0161ivi in ima oja\u010dan rever ter predele ramen in prsi. Tudi hla\u010de so izdelane z mo\u010dnej\u0161imi \u0161ivi in oja\u010danim predelom kolen.<\/span><\/p>\n<p style=\"margin: 0cm 0cm 0pt; text-align: justify; line-height: normal;\"><span style=\"color: #c00000; font-family: tahoma; font-size: 15px;\">\u00a0<\/span><\/p>\n<p style=\"margin: 0cm 0cm 0pt; text-align: justify; line-height: normal;\"><span style=\"color: #c00000; font-family: tahoma; font-size: 15px;\"><strong>Kvaliteta, ki jo zagotavlja samo japonska MIZUNO Judo znamka!<\/strong><\/span><\/p>\n<p style=\"margin: 0cm 0cm 0pt; text-align: justify; line-height: normal;\"><span style=\"color: #c00000; font-family: tahoma; font-size: 15px;\"><strong>\u00a0<\/strong><\/span><\/p>\n<p style=\"margin: 0cm 0cm 0pt; text-align: justify; line-height: normal;\"><span style=\"color: #c00000; font-family: tahoma; font-size: 15px;\">V kompletu se nahajajo hla\u010de z vrvico v pasu in jakna.<\/span><\/p>\n<p style=\"margin: 0cm 0cm 0pt; text-align: justify; line-height: normal;\"><span style=\"color: #c00000; font-family: tahoma; font-size: 15px;\">\u00a0<\/span><\/p>\n<p style=\"margin: 0cm 0cm 0pt; text-align: justify; line-height: normal;\"><span style=\"color: #c00000; font-family: tahoma; font-size: 15px;\">Velikosti: 155 \u2013 200 cm (na 5cm) &#8211; nekatere velikosti se dobavljajo po naro\u010dilu.<br \/>\n<\/span><\/p>\n<p style=\"margin: 0cm 0cm 0pt; text-align: justify; line-height: normal;\"><span style=\"color: #c00000; font-family: tahoma; font-size: 15px;\">\u00a0<\/span><\/p>\n<p style=\"margin: 0cm 0cm 0pt; text-align: justify; line-height: normal;\"><span style=\"color: #c00000; font-family: tahoma; font-size: 15px;\"><strong>Ta artikel je odobren iz strani IJF<\/strong>-a (International Judo Federation) \u2013 rde\u010da etiketa.<\/span><\/p>\n<p>&nbsp;<\/p>\n<div style=\"text-align: justify;\"><\/div>\n<p>&nbsp;<\/p>\n<p style=\"margin: 0cm 0cm 0pt; text-align: justify; line-height: normal;\"><span style=\"color: #c00000; font-family: tahoma; font-size: x-small;\">Pozor! Kimono ni predprano in se pri prvem pranju lahko\u00a0skr\u010di za cca. 5 %.<\/span><\/p>\n","protected":false},"excerpt":{"rendered":"<p><span style=\"color: #003366; font-size: 15px;\"><strong>750g IJF verificirano japonsko MIZUNO Kimono.<\/strong><\/span><\/p>\n","protected":false},"featured_media":86238,"comment_status":"open","ping_status":"closed","template":"","meta":[],"product_brand":[5597],"product_cat":[1031,675,1051,1081,1019],"product_tag":[],"class_list":{"0":"post-86233","1":"product","2":"type-product","3":"status-publish","4":"has-post-thumbnail","6":"product_brand-mizuno","7":"product_cat-judo-1","8":"product_cat-judo-kimona","9":"product_cat-mizuno-3","10":"product_cat-mizuno-5","11":"product_cat-mizuno-1","12":"pa_velikost-155-cm-sl","13":"pa_velikost-160-cm-sl","14":"pa_velikost-165-cm-sl","15":"pa_velikost-170-cm-sl","16":"pa_velikost-175-cm-sl","17":"pa_velikost-180-cm-sl","18":"pa_velikost-185-cm-sl","19":"pa_velikost-190-cm-sl","20":"pa_velikost-195-cm-sl","21":"pa_velikost-200-cm-sl","23":"first","24":"instock","25":"taxable","26":"shipping-taxable","27":"purchasable","28":"product-type-variable"},"_links":{"self":[{"href":"https:\/\/www.budoshop.si\/sl\/wp-json\/wp\/v2\/product\/86233","targetHints":{"allow":["GET"]}}],"collection":[{"href":"https:\/\/www.budoshop.si\/sl\/wp-json\/wp\/v2\/product"}],"about":[{"href":"https:\/\/www.budoshop.si\/sl\/wp-json\/wp\/v2\/types\/product"}],"replies":[{"embeddable":true,"href":"https:\/\/www.budoshop.si\/sl\/wp-json\/wp\/v2\/comments?post=86233"}],"wp:featuredmedia":[{"embeddable":true,"href":"https:\/\/www.budoshop.si\/sl\/wp-json\/wp\/v2\/media\/86238"}],"wp:attachment":[{"href":"https:\/\/www.budoshop.si\/sl\/wp-json\/wp\/v2\/media?parent=86233"}],"wp:term":[{"taxonomy":"product_brand","embeddable":true,"href":"https:\/\/www.budoshop.si\/sl\/wp-json\/wp\/v2\/product_brand?post=86233"},{"taxonomy":"product_cat","embeddable":true,"href":"https:\/\/www.budoshop.si\/sl\/wp-json\/wp\/v2\/product_cat?post=86233"},{"taxonomy":"product_tag","embeddable":true,"href":"https:\/\/www.budoshop.si\/sl\/wp-json\/wp\/v2\/product_tag?post=86233"}],"curies":[{"name":"wp","href":"https:\/\/api.w.org\/{rel}","templated":true}]}}