{"id":86139,"date":"2018-10-19T10:33:38","date_gmt":"2018-10-19T10:33:38","guid":{"rendered":"https:\/\/budoshop.si\/?product=karate-scitnik-za-zobe-tokaido"},"modified":"2023-09-29T12:06:59","modified_gmt":"2023-09-29T10:06:59","slug":"karate-scitnik-za-zobe-tokaido","status":"publish","type":"product","link":"https:\/\/www.budoshop.si\/sl\/izdelek\/karate-scitnik-za-zobe-tokaido\/","title":{"rendered":"Karate \u0161\u010ditnik za zobe &#8221;TOKAIDO&#8221;"},"content":{"rendered":"<p style=\"margin: 0cm 0cm 0pt; line-height: normal; text-align: justify;\"><span style=\"font-size: 15px;\"><span style=\"font-family: tahoma; color: #c00000;\">Klasi\u010dni enojni Karate \u0161\u010ditnik za zobe, ki se ga lahko enostavno prilagodi z vro\u010do vodo, saj je izdelan iz posebne mehke gume. Posebno oblikovana oblika omogo\u010da optimalno dihanje in nudi zanesljivo za\u0161\u010dito zob med bojem. <\/span><span style=\"font-family: tahoma; color: #c00000;\">Prilo\u017eena \u0161katlica zagotavlja higiensko shranjevanje.<\/span><\/span><\/p>\n<p style=\"margin: 0cm 0cm 0pt; line-height: normal; text-align: justify;\"><span style=\"font-size: 15px; font-family: tahoma; color: #c00000;\"><br \/>\nVelikost: JR ali SR<\/span><\/p>\n<p>&nbsp;<\/p>\n<div style=\"text-align: justify;\"><span style=\"font-size: 15px; font-family: tahoma; color: #c00000; line-height: 115%;\"> Prozorne barve.<\/span><\/div>\n","protected":false},"excerpt":{"rendered":"<p><span id=\"dnn_ctr448_ProductPage_lstProducts_lbllistDescription_5\"><span style=\"color: #002060;\"><strong>Enojni \u0161\u010ditnik za zobe s \u0161katlico japonske znamke Tokaido<\/strong><\/span><\/span>.<\/p>\n","protected":false},"featured_media":86144,"comment_status":"open","ping_status":"closed","template":"","meta":[],"product_brand":[5598],"product_cat":[1043,1033,1029,903,1039,949,1047],"product_tag":[],"class_list":{"0":"post-86139","1":"product","2":"type-product","3":"status-publish","4":"has-post-thumbnail","6":"product_brand-tokaido","7":"product_cat-boks-kickbox-tajski-boks-mma","8":"product_cat-ju-jitsujiu-jitsu-1","9":"product_cat-karate-5","10":"product_cat-scitniki-za-zobe","11":"product_cat-taekwondo-3","12":"product_cat-shureido-3","13":"product_cat-tokaido-1","14":"pa_velikost-jr-sl","15":"pa_velikost-sr-sl","17":"first","18":"instock","19":"taxable","20":"shipping-taxable","21":"purchasable","22":"product-type-variable"},"_links":{"self":[{"href":"https:\/\/www.budoshop.si\/sl\/wp-json\/wp\/v2\/product\/86139","targetHints":{"allow":["GET"]}}],"collection":[{"href":"https:\/\/www.budoshop.si\/sl\/wp-json\/wp\/v2\/product"}],"about":[{"href":"https:\/\/www.budoshop.si\/sl\/wp-json\/wp\/v2\/types\/product"}],"replies":[{"embeddable":true,"href":"https:\/\/www.budoshop.si\/sl\/wp-json\/wp\/v2\/comments?post=86139"}],"wp:featuredmedia":[{"embeddable":true,"href":"https:\/\/www.budoshop.si\/sl\/wp-json\/wp\/v2\/media\/86144"}],"wp:attachment":[{"href":"https:\/\/www.budoshop.si\/sl\/wp-json\/wp\/v2\/media?parent=86139"}],"wp:term":[{"taxonomy":"product_brand","embeddable":true,"href":"https:\/\/www.budoshop.si\/sl\/wp-json\/wp\/v2\/product_brand?post=86139"},{"taxonomy":"product_cat","embeddable":true,"href":"https:\/\/www.budoshop.si\/sl\/wp-json\/wp\/v2\/product_cat?post=86139"},{"taxonomy":"product_tag","embeddable":true,"href":"https:\/\/www.budoshop.si\/sl\/wp-json\/wp\/v2\/product_tag?post=86139"}],"curies":[{"name":"wp","href":"https:\/\/api.w.org\/{rel}","templated":true}]}}