{"id":86045,"date":"2018-10-18T13:27:55","date_gmt":"2018-10-18T13:27:55","guid":{"rendered":"https:\/\/budoshop.si\/?product=karate-rokavice-kumite-tokaido-wkf"},"modified":"2026-01-22T12:10:54","modified_gmt":"2026-01-22T11:10:54","slug":"karate-rokavice-kumite-tokaido-wkf","status":"publish","type":"product","link":"https:\/\/www.budoshop.si\/sl\/izdelek\/karate-rokavice-kumite-tokaido-wkf\/","title":{"rendered":"Karate rokavice &#8221;Kumite TOKAIDO WKF&#8221;"},"content":{"rendered":"<p><span style=\"color: #993300; font-size: 15px;\">Te lahke Tokaido Karate rokavice so bile zasnovane z namenom izbolj\u0161anja udobja in za\u0161\u010dite Kumite borcev. <span style=\"color: #993300;\">Karate rokavice so enostavne za \u010di\u0161\u010denje in nego. Na voljo so v modri ali rde\u010di barvi velikosti, ki segajo od Small do XLarge. <\/span>Notranjost karate rokavic je izdelana iz mehke poliuretanske pene, ki ne \u0161\u010diti samo pesti, temve\u010d tudi ko\u017eo. Zunanjost Karate rokavic pa je izdelana iz umetnega usnja, ki je odporno na vodo in znojenje. Trije elasti\u010dni trakovi za prste, dlani in zapestja zagotavljajo udobno prileganje. Rokavice so izredno lahke in udobne ter zagotavljajo odli\u010dno za\u0161\u010dito. <\/span><\/p>\n<p><span style=\"color: #993300; font-size: 15px;\"><strong>Kvaliteta, ki jo zagotavlja samo japonska TOKAIDO Karate znamka!<\/strong> <\/span><\/p>\n<p><span style=\"color: #993300; font-size: 15px;\"><strong>Ta artikel je odobren iz strani WKF<\/strong>-a (World Karate Federation). <\/span><\/p>\n<p><span style=\"color: #993300; font-size: 15px;\">Ustreza CE standardom! <\/span><\/p>\n<p><span style=\"color: #993300; font-size: 15px;\">Barve: modra ali rde\u010da. <\/span><\/p>\n<p><span style=\"color: #993300; font-size: 15px;\">Velikosti: S &#8211; M &#8211; L &#8211; XL<\/span><\/p>\n","protected":false},"excerpt":{"rendered":"<p><span id=\"dnn_ctr448_ProductPage_lstProducts_lbllistDescription_6\"><span style=\"color: #002060;\"><strong>WKF verificirane Tokaido Karate rokavice japonske znamke<\/strong><\/span><\/span>.<\/p>\n","protected":false},"featured_media":86051,"comment_status":"open","ping_status":"closed","template":"","meta":[],"product_brand":[5598],"product_cat":[1033,1029,817,949,1047],"product_tag":[],"class_list":{"0":"post-86045","1":"product","2":"type-product","3":"status-publish","4":"has-post-thumbnail","6":"product_brand-tokaido","7":"product_cat-ju-jitsujiu-jitsu-1","8":"product_cat-karate-5","9":"product_cat-karate-in-jujitsu-rokavice","10":"product_cat-shureido-3","11":"product_cat-tokaido-1","12":"pa_barva-rdeca-barva-sl-2","13":"pa_barva-modre-barve-sl","14":"pa_velikost-s-sl-2","15":"pa_velikost-m-sl-2","16":"pa_velikost-l-sl-2","17":"pa_velikost-xl-sl","19":"first","20":"instock","21":"taxable","22":"shipping-taxable","23":"purchasable","24":"product-type-variable"},"_links":{"self":[{"href":"https:\/\/www.budoshop.si\/sl\/wp-json\/wp\/v2\/product\/86045","targetHints":{"allow":["GET"]}}],"collection":[{"href":"https:\/\/www.budoshop.si\/sl\/wp-json\/wp\/v2\/product"}],"about":[{"href":"https:\/\/www.budoshop.si\/sl\/wp-json\/wp\/v2\/types\/product"}],"replies":[{"embeddable":true,"href":"https:\/\/www.budoshop.si\/sl\/wp-json\/wp\/v2\/comments?post=86045"}],"wp:featuredmedia":[{"embeddable":true,"href":"https:\/\/www.budoshop.si\/sl\/wp-json\/wp\/v2\/media\/86051"}],"wp:attachment":[{"href":"https:\/\/www.budoshop.si\/sl\/wp-json\/wp\/v2\/media?parent=86045"}],"wp:term":[{"taxonomy":"product_brand","embeddable":true,"href":"https:\/\/www.budoshop.si\/sl\/wp-json\/wp\/v2\/product_brand?post=86045"},{"taxonomy":"product_cat","embeddable":true,"href":"https:\/\/www.budoshop.si\/sl\/wp-json\/wp\/v2\/product_cat?post=86045"},{"taxonomy":"product_tag","embeddable":true,"href":"https:\/\/www.budoshop.si\/sl\/wp-json\/wp\/v2\/product_tag?post=86045"}],"curies":[{"name":"wp","href":"https:\/\/api.w.org\/{rel}","templated":true}]}}