{"id":85994,"date":"2018-10-18T13:12:36","date_gmt":"2018-10-18T13:12:36","guid":{"rendered":"https:\/\/budoshop.si\/?product=karateju-jutsuninjutsu-gi-kimono-tokaido-bujin-kuro"},"modified":"2026-01-12T08:27:13","modified_gmt":"2026-01-12T07:27:13","slug":"karateju-jutsuninjutsu-gi-kimono-tokaido-bujin-kuro","status":"publish","type":"product","link":"https:\/\/www.budoshop.si\/sl\/izdelek\/karateju-jutsuninjutsu-gi-kimono-tokaido-bujin-kuro\/","title":{"rendered":"Karate\/Ju jutsu\/Ninjutsu Gi (Kimono) &#8221;Tokaido BUJIN KURO&#8221;"},"content":{"rendered":"<p style=\"margin: 0cm 0cm 0pt; line-height: normal; text-align: justify;\"><span style=\"font-family: tahoma; color: #c00000; font-size: 15px;\">Ta Tokaido Kimono \u010drne barve je namenjen splo\u0161nemu treningu borilnih ve\u0161\u010din saj je zaradi svoje izdelave primeren za tehnike udarjanja z rokami in nogami, pa tudi za tehnike metov in vzvodov. Izdelan je iz te\u017ejega (14 OZ) 100% bomba\u017ea, ki je na notranji strani rahlo bru\u0161en. Kimono je zelo trpe\u017eno a vseeno izredno udobno in se zato priporo\u010da praktikantom tako Karateja in klasi\u010dnega Ju-jitsuja kot praktikantom Ninjutsu-ja.<\/span><\/p>\n<p>&nbsp;<\/p>\n<p style=\"margin: 0cm 0cm 0pt; line-height: normal; text-align: justify;\"><span style=\"font-family: tahoma; color: #c00000; font-size: 15px;\"><strong>Kvaliteta, ki jo zagotavlja samo japonska TOKAIDO znamka!<\/strong><\/span><\/p>\n<p style=\"margin: 0cm 0cm 0pt; line-height: normal; text-align: justify;\"><span style=\"font-family: tahoma; color: #c00000; font-size: 15px;\"><br \/>\nV kompletu se nahajajo hla\u010de z vrvico v pasu in jakna.<\/span><\/p>\n<div style=\"text-align: justify;\"><span style=\"font-size: 15px;\"><span style=\"font-family: tahoma; color: #c00000;\"><br \/>\nVelikosti: 160 \u2013 200 cm (na 10cm).<\/span><\/span><\/div>\n<p><span style=\"font-family: tahoma; font-size: x-small; color: #c00000;\">Pozor! Kimono ni predprano in se pri prvem pranju lahko skr\u010di za cca. 3 %.<\/span><\/p>\n","protected":false},"excerpt":{"rendered":"<p><span id=\"dnn_ctr448_ProductPage_lstProducts_lbllistDescription_7\"><span style=\"color: #002060;\"><strong>\u010crno 14oz. Tokaido Kimono.<\/strong><\/span><\/span><\/p>\n","protected":false},"featured_media":85999,"comment_status":"open","ping_status":"closed","template":"","meta":[],"product_brand":[5598],"product_cat":[1033,1029,1037,917,939,949,1047],"product_tag":[],"class_list":{"0":"post-85994","1":"product","2":"type-product","3":"status-publish","4":"has-post-thumbnail","6":"product_brand-tokaido","7":"product_cat-ju-jitsujiu-jitsu-1","8":"product_cat-karate-5","9":"product_cat-ninjutsu-3","10":"product_cat-shureido-1","11":"product_cat-ninjutsu-oblacila","12":"product_cat-shureido-3","13":"product_cat-tokaido-1","14":"pa_velikost-160-cm-sl","15":"pa_velikost-170-cm-sl","16":"pa_velikost-180-cm-sl","17":"pa_velikost-190-cm-sl","18":"pa_velikost-200-cm-sl","20":"first","21":"instock","22":"taxable","23":"shipping-taxable","24":"purchasable","25":"product-type-variable"},"_links":{"self":[{"href":"https:\/\/www.budoshop.si\/sl\/wp-json\/wp\/v2\/product\/85994","targetHints":{"allow":["GET"]}}],"collection":[{"href":"https:\/\/www.budoshop.si\/sl\/wp-json\/wp\/v2\/product"}],"about":[{"href":"https:\/\/www.budoshop.si\/sl\/wp-json\/wp\/v2\/types\/product"}],"replies":[{"embeddable":true,"href":"https:\/\/www.budoshop.si\/sl\/wp-json\/wp\/v2\/comments?post=85994"}],"wp:featuredmedia":[{"embeddable":true,"href":"https:\/\/www.budoshop.si\/sl\/wp-json\/wp\/v2\/media\/85999"}],"wp:attachment":[{"href":"https:\/\/www.budoshop.si\/sl\/wp-json\/wp\/v2\/media?parent=85994"}],"wp:term":[{"taxonomy":"product_brand","embeddable":true,"href":"https:\/\/www.budoshop.si\/sl\/wp-json\/wp\/v2\/product_brand?post=85994"},{"taxonomy":"product_cat","embeddable":true,"href":"https:\/\/www.budoshop.si\/sl\/wp-json\/wp\/v2\/product_cat?post=85994"},{"taxonomy":"product_tag","embeddable":true,"href":"https:\/\/www.budoshop.si\/sl\/wp-json\/wp\/v2\/product_tag?post=85994"}],"curies":[{"name":"wp","href":"https:\/\/api.w.org\/{rel}","templated":true}]}}