{"id":85882,"date":"2018-10-18T12:30:39","date_gmt":"2018-10-18T12:30:39","guid":{"rendered":"https:\/\/budoshop.si\/?product=karate-gi-kimono-tokaido-kumite-athletic"},"modified":"2026-01-19T17:10:35","modified_gmt":"2026-01-19T16:10:35","slug":"karate-gi-kimono-tokaido-kumite-athletic-1","status":"publish","type":"product","link":"https:\/\/www.budoshop.si\/sl\/izdelek\/karate-gi-kimono-tokaido-kumite-athletic-1\/","title":{"rendered":"Karate Gi (Kimono) &#8221;Tokaido KUMITE ATHLETIC&#8221; &#8211; V AKCIJI!!!"},"content":{"rendered":"<p><span style=\"color: #993300; font-size: 15px;\">Ta izjemno lahkoten Tokaido Kumite Athletic Karate Kimono je prepri\u010dljiv rezultat intenzivnega sodelovanja z izku\u0161enimi Karate strokovnjaki. Zato se ta Karate Kimono lahko upravi\u010deno imenuje najbolj inovativen Kumite Karate Kimono vseh \u010dasov. Dolo\u010da nove standarde, predvsem v smislu kroja in vseh drugih svojih lastnosti. Zaradi tega je to ultimativno obla\u010dilo za vse ambiciozne Kumite borce.<br \/>\n<span class=\"HwtZe\" lang=\"sl\"><span class=\"jCAhz ChMk0b\"><span class=\"ryNqvb\">To je prvi Karate Gi z rde\u010dimi in modrimi odstranljivimi na\u0161itki na ramenih.<\/span><\/span> <span class=\"jCAhz ChMk0b\"><span class=\"ryNqvb\">To omogo\u010da hitro in enostavno preklapljanje med rde\u010dim in modrim ramenskim vezenjem.<\/span><\/span><\/span><br \/>\n<\/span><\/p>\n<p><span style=\"color: #993300; font-size: 15px;\">Ta Slim Fit model je izdelan iz ultra lahkega (3,5 OZ) 100% poliestra, ki se odli\u010dno prilega, se ne kr\u010di in ohranja svojo obliko. Jakna je telirana s &#8216;Smart Shoulder&#8217; patentom. Tudi rokavi in hla\u010dnice so o\u017eje. Zaklju\u010dki rokavov so izdelani iz elasti\u010dne tkanine in zato trajajo dlje. Za maksimalno udobje no\u0161nje, imajo hla\u010de \u0161irok in mehak elasti\u010den pas z dodatno vrvico. Hla\u010dnice imajo tudi posebne razpore, da ne omejujejo \u0161\u010ditnikov nog. Znotraj hla\u010d se nahaja \u0161e ena novost, majhen \u017eepek v katerega lahko spravite svoj \u0161\u010ditnik za zobe. Na ramenih se nahaja unikatno Tokaido vezenje v japonskih Kanji pismenkah, ki naredi Kimono \u0161e posebej plemenito in edinstveno. Edinstven je tudi poseben velik tradicionalni japonski tisk na notranji strani jakne. Tako na jakni kot na hla\u010dah se nahaja tudi ve\u010d mre\u017enih vlo\u017ekov, ki zagotavljajo odli\u010dno zra\u010dnost in urejajo temperaturo borca. Poleg tega so hla\u010dnice na notranji strani opremljene tudi s posebnim elasti\u010dnim vlo\u017ekom, ki omogo\u010dajo brezprimerno svobodo nog. Na predelu prsi, vratu in hla\u010dnicah Kimono krasi tudi prepoznaven vezen Tokaido logotip. <\/span><\/p>\n<p><span style=\"color: #993300; font-size: 15px;\"><strong>Kvaliteta, ki jo zagotavlja samo japonska TOKAIDO Karate znamka!<\/strong> <\/span><\/p>\n<p><span style=\"color: #993300; font-size: 15px;\">V kompletu se nahajajo hla\u010de z elastiko v pasu, jakna in atraktivna prenosna torba. <\/span><\/p>\n<p><span style=\"color: #993300; font-size: 15px;\">Velikosti: 160 \u2013 190 cm (na 5cm). <\/span><\/p>\n<p><span style=\"color: #993300; font-size: 15px;\"><strong>Ta artikel je odobren iz strani WKF<\/strong>-a (World Karate Federation).<\/span><\/p>\n","protected":false},"excerpt":{"rendered":"<p><span style=\"color: #003366;\"><strong>Vrhunski TOKAIDO Kumite Karate Kimono z <span class=\"HwtZe\" lang=\"sl\"><span class=\"jCAhz ChMk0b\"><span class=\"ryNqvb\">odstranljivimi barvnimi na\u0161itki na ramenih<\/span><\/span><\/span>.<\/strong><\/span><\/p>\n","protected":false},"featured_media":85886,"comment_status":"open","ping_status":"closed","template":"","meta":[],"product_brand":[5598],"product_cat":[1027,1029,917,1047],"product_tag":[],"class_list":{"0":"post-85882","1":"product","2":"type-product","3":"status-publish","4":"has-post-thumbnail","6":"product_brand-tokaido","7":"product_cat-v-akciji-2","8":"product_cat-karate-5","9":"product_cat-shureido-1","10":"product_cat-tokaido-1","11":"pa_velikost-160-cm-sl","12":"pa_velikost-165-cm-sl","13":"pa_velikost-170-cm-sl","14":"pa_velikost-175-cm-sl","15":"pa_velikost-180-cm-sl","16":"pa_velikost-185-cm-sl","17":"pa_velikost-190-cm-sl","19":"first","20":"instock","21":"sale","22":"taxable","23":"shipping-taxable","24":"purchasable","25":"product-type-variable"},"_links":{"self":[{"href":"https:\/\/www.budoshop.si\/sl\/wp-json\/wp\/v2\/product\/85882","targetHints":{"allow":["GET"]}}],"collection":[{"href":"https:\/\/www.budoshop.si\/sl\/wp-json\/wp\/v2\/product"}],"about":[{"href":"https:\/\/www.budoshop.si\/sl\/wp-json\/wp\/v2\/types\/product"}],"replies":[{"embeddable":true,"href":"https:\/\/www.budoshop.si\/sl\/wp-json\/wp\/v2\/comments?post=85882"}],"wp:featuredmedia":[{"embeddable":true,"href":"https:\/\/www.budoshop.si\/sl\/wp-json\/wp\/v2\/media\/85886"}],"wp:attachment":[{"href":"https:\/\/www.budoshop.si\/sl\/wp-json\/wp\/v2\/media?parent=85882"}],"wp:term":[{"taxonomy":"product_brand","embeddable":true,"href":"https:\/\/www.budoshop.si\/sl\/wp-json\/wp\/v2\/product_brand?post=85882"},{"taxonomy":"product_cat","embeddable":true,"href":"https:\/\/www.budoshop.si\/sl\/wp-json\/wp\/v2\/product_cat?post=85882"},{"taxonomy":"product_tag","embeddable":true,"href":"https:\/\/www.budoshop.si\/sl\/wp-json\/wp\/v2\/product_tag?post=85882"}],"curies":[{"name":"wp","href":"https:\/\/api.w.org\/{rel}","templated":true}]}}