{"id":85474,"date":"2018-09-13T06:51:49","date_gmt":"2018-09-13T04:51:49","guid":{"rendered":"https:\/\/budoshop.si\/?product=otroski-boksarski-set"},"modified":"2024-01-22T09:17:58","modified_gmt":"2024-01-22T08:17:58","slug":"otroski-boksarski-set","status":"publish","type":"product","link":"https:\/\/www.budoshop.si\/sl\/izdelek\/otroski-boksarski-set\/","title":{"rendered":"Otro\u0161ki boksarski set"},"content":{"rendered":"<div style=\"text-align: justify;\">\n<p><span style=\"color: #993300; font-size: 15px;\">Otro\u0161ki boksarski set sestavljajo:<\/span><\/p>\n<p><span style=\"font-size: 15px; color: #993300;\"><strong>&#8211; 4oz otro\u0161ke boks rokavice &#8216;MINI SHARK&#8217;<br \/>\n&#8211; otro\u0161ka boks vre\u010da &#8216;MINI SHARK&#8217;<\/strong><\/span><\/p>\n<p><span style=\"font-size: 15px; color: #993300;\">Darilo: <strong>Obesek boks rokavica!<\/strong><\/span><\/p>\n<\/div>\n","protected":false},"excerpt":{"rendered":"<p>Otro\u0161ki boksarski set sestavljajo: &#8211; 4oz otro\u0161ke boks rokavice &#8216;MINI SHARK&#8217; &#8211; otro\u0161ka boks vre\u010da &#8216;MINI SHARK&#8217; Darilo: Obesek boks rokavica!<\/p>\n","protected":false},"featured_media":109522,"comment_status":"open","ping_status":"closed","template":"","meta":[],"product_brand":[],"product_cat":[5431,1043,927,925,967,983,1061],"product_tag":[],"class_list":{"0":"post-85474","1":"product","2":"type-product","3":"status-publish","4":"has-post-thumbnail","6":"product_cat-otroske-boksarske-vrece","7":"product_cat-boks-kickbox-tajski-boks-mma","8":"product_cat-v-akciji","9":"product_cat-mma-in-boxing-set","10":"product_cat-otroske-boks-rokavice","11":"product_cat-kwon-3","12":"product_cat-kwon-5","14":"first","15":"instock","16":"sale","17":"taxable","18":"shipping-taxable","19":"purchasable","20":"product-type-simple"},"_links":{"self":[{"href":"https:\/\/www.budoshop.si\/sl\/wp-json\/wp\/v2\/product\/85474","targetHints":{"allow":["GET"]}}],"collection":[{"href":"https:\/\/www.budoshop.si\/sl\/wp-json\/wp\/v2\/product"}],"about":[{"href":"https:\/\/www.budoshop.si\/sl\/wp-json\/wp\/v2\/types\/product"}],"replies":[{"embeddable":true,"href":"https:\/\/www.budoshop.si\/sl\/wp-json\/wp\/v2\/comments?post=85474"}],"wp:featuredmedia":[{"embeddable":true,"href":"https:\/\/www.budoshop.si\/sl\/wp-json\/wp\/v2\/media\/109522"}],"wp:attachment":[{"href":"https:\/\/www.budoshop.si\/sl\/wp-json\/wp\/v2\/media?parent=85474"}],"wp:term":[{"taxonomy":"product_brand","embeddable":true,"href":"https:\/\/www.budoshop.si\/sl\/wp-json\/wp\/v2\/product_brand?post=85474"},{"taxonomy":"product_cat","embeddable":true,"href":"https:\/\/www.budoshop.si\/sl\/wp-json\/wp\/v2\/product_cat?post=85474"},{"taxonomy":"product_tag","embeddable":true,"href":"https:\/\/www.budoshop.si\/sl\/wp-json\/wp\/v2\/product_tag?post=85474"}],"curies":[{"name":"wp","href":"https:\/\/api.w.org\/{rel}","templated":true}]}}