{"id":84815,"date":"2018-09-13T06:51:49","date_gmt":"2018-09-13T06:51:49","guid":{"rendered":"https:\/\/budoshop.si\/?product=karate-judo-rdec-pas-obi-adidas-elite-red"},"modified":"2026-02-10T12:46:31","modified_gmt":"2026-02-10T11:46:31","slug":"karate-judo-rdec-pas-obi-adidas-elite-red","status":"publish","type":"product","link":"https:\/\/www.budoshop.si\/sl\/izdelek\/karate-judo-rdec-pas-obi-adidas-elite-red\/","title":{"rendered":"Karate \/ Judo rde\u010d pas &#8221;Obi Adidas ELITE&#8221; red &#8211; V AKCIJI!!!"},"content":{"rendered":"<div style=\"text-align: justify;\">\n<p><span style=\"color: #c00000; font-size: 15px;\">Mo\u010dnej\u0161i pasovi za Karate, Judo in druge borilne ve\u010dine Adidas ELITE so namenjeni treningom in tekmovanjem. Narejeni so iz 100% bomba\u017ea najbolj\u0161e kvalitete zelo obstojnih barv, \u0161irine 4 cm in 9x pre\u0161it, kar daje pasu trdnost in trajnost. Na pasu se nahaja vezen Adidasov logotip.<\/span><\/p>\n<p><span style=\"color: #c00000; font-size: 15px;\">Rde\u010de barve.<\/span><\/p>\n<p><span style=\"color: #c00000; font-size: 15px;\">Dol\u017eine: 280 &#8211; 300 \u2013 320 cm<\/span><\/p>\n<\/div>\n","protected":false},"excerpt":{"rendered":"<p><span id=\"dnn_ctr448_ProductPage_lstProducts_lbllistDescription_7\" style=\"color: #002060;\"><strong>Vrhunski Adidas Karate pas rde\u010de barve.<\/strong><\/span><\/p>\n","protected":false},"featured_media":84818,"comment_status":"open","ping_status":"closed","template":"","meta":[],"product_brand":[5594],"product_cat":[1027,1033,1031,1029,1037,1039,859,951],"product_tag":[],"class_list":{"0":"post-84815","1":"product","2":"type-product","3":"status-publish","4":"has-post-thumbnail","6":"product_brand-adidas","7":"product_cat-v-akciji-2","8":"product_cat-ju-jitsujiu-jitsu-1","9":"product_cat-judo-1","10":"product_cat-karate-5","11":"product_cat-ninjutsu-3","12":"product_cat-taekwondo-3","13":"product_cat-barvni-pasovi","14":"product_cat-adidas-3","15":"pa_dolzina-280-cm-sl","16":"pa_dolzina-300-cm-sl","17":"pa_dolzina-320-cm-sl","19":"first","20":"instock","21":"sale","22":"taxable","23":"shipping-taxable","24":"purchasable","25":"product-type-variable"},"_links":{"self":[{"href":"https:\/\/www.budoshop.si\/sl\/wp-json\/wp\/v2\/product\/84815","targetHints":{"allow":["GET"]}}],"collection":[{"href":"https:\/\/www.budoshop.si\/sl\/wp-json\/wp\/v2\/product"}],"about":[{"href":"https:\/\/www.budoshop.si\/sl\/wp-json\/wp\/v2\/types\/product"}],"replies":[{"embeddable":true,"href":"https:\/\/www.budoshop.si\/sl\/wp-json\/wp\/v2\/comments?post=84815"}],"wp:featuredmedia":[{"embeddable":true,"href":"https:\/\/www.budoshop.si\/sl\/wp-json\/wp\/v2\/media\/84818"}],"wp:attachment":[{"href":"https:\/\/www.budoshop.si\/sl\/wp-json\/wp\/v2\/media?parent=84815"}],"wp:term":[{"taxonomy":"product_brand","embeddable":true,"href":"https:\/\/www.budoshop.si\/sl\/wp-json\/wp\/v2\/product_brand?post=84815"},{"taxonomy":"product_cat","embeddable":true,"href":"https:\/\/www.budoshop.si\/sl\/wp-json\/wp\/v2\/product_cat?post=84815"},{"taxonomy":"product_tag","embeddable":true,"href":"https:\/\/www.budoshop.si\/sl\/wp-json\/wp\/v2\/product_tag?post=84815"}],"curies":[{"name":"wp","href":"https:\/\/api.w.org\/{rel}","templated":true}]}}