{"id":84703,"date":"2018-09-13T06:51:49","date_gmt":"2018-09-13T06:51:49","guid":{"rendered":"https:\/\/budoshop.si\/?product=karate-gi-kimono-adidas-k220-fighter"},"modified":"2026-01-09T20:49:27","modified_gmt":"2026-01-09T19:49:27","slug":"karate-gi-kimono-adidas-k220-fighter","status":"publish","type":"product","link":"https:\/\/www.budoshop.si\/sl\/izdelek\/karate-gi-kimono-adidas-k220-fighter\/","title":{"rendered":"Karate Gi (Kimono) &#8221;Adidas K220 FIGHTER&#8221;"},"content":{"rendered":"<p style=\"margin: 0cm 0cm 0pt; line-height: normal; text-align: justify;\"><span style=\"font-family: tahoma; color: #993300; font-size: 15px;\">To Adidasovo WKF Karate Kimono je namenjeno tistim Kumite tekmovalcem, ki od svojega Kimona \u017eelijo najve\u010d. Nosijo ga \u0161tevilni prvaki in mnoge nacionalne ekipe iz celega sveta.<br \/>\nKarate Kimono je narejeno iz lahkotnega, pro\u017enega in udobnega polibomba\u017ea* (35% bomba\u017e \/ 65%poliester, 220 g\/m<sup>2<\/sup>). Priznana Adidas ClimaCOOL tehnologija in zra\u010dni predeli na hrbtnem in zadnji\u010dnem predelu zagotavljajo zra\u010dnost in uravnavajo temperaturo ter znojenje in s tem optimizirajo u\u010dinek vadbe. Zato Kimono ves \u010das ostaja lahkotno in suho ter omogo\u010da borcu hitre ineksplozivne gibe. Hla\u010de s trikotnim vstavkom vzdol\u017e celotne dol\u017eine in elasti\u010dnim pasom. Srebrno izvezen Adidas logotip se nahaja na prednjem in hrbtnem delu jakne.<br \/>\nIzbrani materiali zagotavljajo minimalno kr\u010denje.<\/span><\/p>\n<p><span style=\"color: #993300; font-size: 15px;\">V kompletu so hla\u010de z elastiko ter dodatnimi trakovi v pasu in jakna.<\/span><\/p>\n<p><span style=\"color: #993300; font-size: 15px;\">Vi\u0161ine: 140 do 195 cm (na 5 cm).<\/span><\/p>\n<p><span style=\"font-family: tahoma; color: #993300; font-size: 15px;\"><strong>Ta artikel je odobren iz strani WKF<\/strong>-ja (World Karate Federation).<\/span><\/p>\n<p style=\"text-align: justify;\"><span style=\"line-height: 115%; color: #993300; font-size: 15px;\"><span style=\"font-family: tahoma;\">* Testi raztegljivosti so pokazali, da je polibomba\u017e (me\u0161anica bomba\u017ea inpoliestra) 20% mo\u010dnej\u0161i ob enaki sili in enaki kompaktnosti tkanja na m2, terse po prvem pranju (30<sup>o<\/sup>) kr\u010di za 15% manj (v primerjavi s 100%bomba\u017eem).<\/span><\/span><\/p>\n<p>&nbsp;<\/p>\n","protected":false},"excerpt":{"rendered":"<p><span id=\"dnn_ctr448_ProductPage_lstProducts_lbllistDescription_2\" style=\"color: #002060;\"><strong>Vrhunski WKF verificiran Karate Kumite Kimono znamke Adidas.<\/strong><\/span><\/p>\n","protected":false},"featured_media":84708,"comment_status":"open","ping_status":"closed","template":"","meta":[],"product_brand":[5594],"product_cat":[951,1049,935,1029],"product_tag":[],"class_list":{"0":"post-84703","1":"product","2":"type-product","3":"status-publish","4":"has-post-thumbnail","6":"product_brand-adidas","7":"product_cat-adidas-3","8":"product_cat-adidas-7","9":"product_cat-adidas-1","10":"product_cat-karate-5","11":"pa_velikost-140-cm-sl","12":"pa_velikost-145-cm-sl","13":"pa_velikost-150-cm-sl","14":"pa_velikost-155-cm-sl","15":"pa_velikost-160-cm-sl","16":"pa_velikost-165-cm-sl","17":"pa_velikost-170-cm-sl","18":"pa_velikost-175-cm-sl","19":"pa_velikost-180-cm-sl","20":"pa_velikost-185-cm-sl","21":"pa_velikost-190-cm-sl","22":"pa_velikost-195-cm-sl","24":"first","25":"instock","26":"taxable","27":"shipping-taxable","28":"purchasable","29":"product-type-variable"},"_links":{"self":[{"href":"https:\/\/www.budoshop.si\/sl\/wp-json\/wp\/v2\/product\/84703","targetHints":{"allow":["GET"]}}],"collection":[{"href":"https:\/\/www.budoshop.si\/sl\/wp-json\/wp\/v2\/product"}],"about":[{"href":"https:\/\/www.budoshop.si\/sl\/wp-json\/wp\/v2\/types\/product"}],"replies":[{"embeddable":true,"href":"https:\/\/www.budoshop.si\/sl\/wp-json\/wp\/v2\/comments?post=84703"}],"wp:featuredmedia":[{"embeddable":true,"href":"https:\/\/www.budoshop.si\/sl\/wp-json\/wp\/v2\/media\/84708"}],"wp:attachment":[{"href":"https:\/\/www.budoshop.si\/sl\/wp-json\/wp\/v2\/media?parent=84703"}],"wp:term":[{"taxonomy":"product_brand","embeddable":true,"href":"https:\/\/www.budoshop.si\/sl\/wp-json\/wp\/v2\/product_brand?post=84703"},{"taxonomy":"product_cat","embeddable":true,"href":"https:\/\/www.budoshop.si\/sl\/wp-json\/wp\/v2\/product_cat?post=84703"},{"taxonomy":"product_tag","embeddable":true,"href":"https:\/\/www.budoshop.si\/sl\/wp-json\/wp\/v2\/product_tag?post=84703"}],"curies":[{"name":"wp","href":"https:\/\/api.w.org\/{rel}","templated":true}]}}