{"id":84589,"date":"2018-09-13T06:51:49","date_gmt":"2018-09-13T06:51:49","guid":{"rendered":"https:\/\/budoshop.si\/?product=scitnik-za-komolec-adidas-wako-par"},"modified":"2024-10-11T12:10:44","modified_gmt":"2024-10-11T10:10:44","slug":"scitnik-za-komolec-adidas-wako-par","status":"publish","type":"product","link":"https:\/\/www.budoshop.si\/sl\/izdelek\/scitnik-za-komolec-adidas-wako-par\/","title":{"rendered":"\u0160\u010ditnik za komolec &#8221;Adidas WAKO&#8221; (par)"},"content":{"rendered":"<p style=\"text-align: justify;\"><span style=\"font-size: 15px;\"><span style=\"color: #c00000;\">WAKO verificiran elasti\u010dni Adidasov bomba\u017eni \u0161\u010ditnik za komolec. Dvobarven kar pomeni, da se ga poljubno obra\u010da in izbira barvo, ki se jo potrebuje. Narejen je iz posebnega elasti\u010dnega tekstila in oblo\u017een z lahko EVA peno. \u0160\u010ditnik se enostavno se natakne na roko in ga ni potrebno zapenjati. Zaradi elasti\u010dnega materiala se \u0161\u010ditnik lepo in trdno prilega roki ter zagotavlja dobro gibljivost komolca in za\u0161\u010dito pred odrgninami, zvini, udarci ali drugimi po\u0161kodbami. Primeren za Kickboxing in ostale borilnie ve\u0161\u010dine. Bel Adidas logotip in originalni WAKO pe\u010dat na obeh straneh.<br \/>\n<\/span><span style=\"color: #c00000;\"><br \/>\nBarva: na eni strani rde\u010d, na drugi moder.<br \/>\n<\/span><span style=\"color: #c00000;\"><br \/>\nUniverzalna velikost.<\/span><\/span><\/p>\n<p style=\"text-align: justify;\"><span id=\"dnn_ctr448_ProductPage_lblItemHtmlHolder\" style=\"font-size: 15px; color: #c00000;\"><strong>Ta artikel je odobren s strani WAKO<\/strong>-ja (World Association of Kickboxing Organizations).<\/span><span style=\"font-size: 12px; color: #c00000;\"><br \/>\n<\/span><\/p>\n","protected":false},"excerpt":{"rendered":"<p><span style=\"color: #003366;\"><strong>WAKO verificiran obojestranski Kickboxing \u0161\u010ditnik za komolec (par).<\/strong><\/span><\/p>\n","protected":false},"featured_media":113340,"comment_status":"open","ping_status":"closed","template":"","meta":[],"product_brand":[5594],"product_cat":[951,1049,1043,1033,1031,1029,767],"product_tag":[],"class_list":{"0":"post-84589","1":"product","2":"type-product","3":"status-publish","4":"has-post-thumbnail","6":"product_brand-adidas","7":"product_cat-adidas-3","8":"product_cat-adidas-7","9":"product_cat-boks-kickbox-tajski-boks-mma","10":"product_cat-ju-jitsujiu-jitsu-1","11":"product_cat-judo-1","12":"product_cat-karate-5","13":"product_cat-scitniki-za-roke","15":"first","16":"instock","17":"taxable","18":"shipping-taxable","19":"purchasable","20":"product-type-simple"},"_links":{"self":[{"href":"https:\/\/www.budoshop.si\/sl\/wp-json\/wp\/v2\/product\/84589","targetHints":{"allow":["GET"]}}],"collection":[{"href":"https:\/\/www.budoshop.si\/sl\/wp-json\/wp\/v2\/product"}],"about":[{"href":"https:\/\/www.budoshop.si\/sl\/wp-json\/wp\/v2\/types\/product"}],"replies":[{"embeddable":true,"href":"https:\/\/www.budoshop.si\/sl\/wp-json\/wp\/v2\/comments?post=84589"}],"wp:featuredmedia":[{"embeddable":true,"href":"https:\/\/www.budoshop.si\/sl\/wp-json\/wp\/v2\/media\/113340"}],"wp:attachment":[{"href":"https:\/\/www.budoshop.si\/sl\/wp-json\/wp\/v2\/media?parent=84589"}],"wp:term":[{"taxonomy":"product_brand","embeddable":true,"href":"https:\/\/www.budoshop.si\/sl\/wp-json\/wp\/v2\/product_brand?post=84589"},{"taxonomy":"product_cat","embeddable":true,"href":"https:\/\/www.budoshop.si\/sl\/wp-json\/wp\/v2\/product_cat?post=84589"},{"taxonomy":"product_tag","embeddable":true,"href":"https:\/\/www.budoshop.si\/sl\/wp-json\/wp\/v2\/product_tag?post=84589"}],"curies":[{"name":"wp","href":"https:\/\/api.w.org\/{rel}","templated":true}]}}