{"id":84257,"date":"2018-09-13T06:51:49","date_gmt":"2018-09-13T06:51:49","guid":{"rendered":"https:\/\/budoshop.si\/?product=bambusov-kendo-mec-shinai-mushin"},"modified":"2026-01-25T19:17:55","modified_gmt":"2026-01-25T18:17:55","slug":"bambusov-kendo-mec-shinai-mushin","status":"publish","type":"product","link":"https:\/\/www.budoshop.si\/sl\/izdelek\/bambusov-kendo-mec-shinai-mushin\/","title":{"rendered":"Tekmovalni bambusov Kendo me\u010d &#8221;Shinai SHIAI&#8221;"},"content":{"rendered":"<div style=\"text-align: justify;\">\n<p><span style=\"color: #993300; font-size: 15px;\"><span class=\"HwtZe\" lang=\"sl\"><span class=\"jCAhz ChMk0b\"><span class=\"ryNqvb\">Shiai v japon\u0161\u010dini pomeni tekma ali tekmovanje.<\/span><\/span> <span class=\"jCAhz ChMk0b\"><span class=\"ryNqvb\">Tako je ta standardni bambusov me\u010d Shinai Shiai primeren za vsa Kendo tekmovanja in treninge.<\/span><\/span> <span class=\"jCAhz ChMk0b\"><span class=\"ryNqvb\">Odlikujeta ga optimalen oprijem in dobro ravnote\u017eje, saj je njegovo te\u017ei\u0161\u010de v osrednjem delu.<\/span><\/span> <span class=\"jCAhz ChMk0b\"><span class=\"ryNqvb\">Izdelan iz bambusa najbolj\u0161e kakovosti in opremljen s plasti\u010dno Tsuba (\u0161\u010ditnik) in gumijastim Dome (dr\u017ealo \u0161\u010ditnika).<\/span><\/span> <span class=\"jCAhz ChMk0b\"><span class=\"ryNqvb\">Na ro\u010daju je natisnjen Shiai v japonski pisavi.<\/span><\/span> <span class=\"jCAhz ChMk0b\"><span class=\"ryNqvb\">Ro\u010daj in konica sta narejena iz pravega usnja in zato varna za Kendo<\/span><\/span><\/span> in druge ve\u0161\u010dine kjer se ukvarjajo z japonskim me\u010devanjem.<\/span><\/p>\n<p>&nbsp;<\/p>\n<\/div>\n<div style=\"text-align: justify;\">\n<p><span style=\"color: #993300; font-size: 15px;\">Velikost: 39 (120 cm)<\/span><\/p>\n<p>&nbsp;<\/p>\n<\/div>\n<div style=\"text-align: justify;\"><span style=\"color: #993300; font-size: 15px;\">Skupna dol\u017eina: 120 cm<br \/>\nDol\u017eina rezila: 86 cm<\/span><\/div>\n<div style=\"text-align: justify;\"><span style=\"color: #993300; font-size: 15px;\">Dol\u017eina ro\u010daja: 33 cm<\/span><\/div>\n<div style=\"text-align: justify;\"><span style=\"color: #993300; font-size: 15px;\">Te\u017ea: cca. 440 g<\/span><\/div>\n","protected":false},"excerpt":{"rendered":"<p><span style=\"color: #002060;\"><strong>Tekmovalni Shinai bambusov me\u010d.<\/strong><\/span><\/p>\n","protected":false},"featured_media":112969,"comment_status":"open","ping_status":"closed","template":"","meta":[],"product_brand":[5596],"product_cat":[1035,1037,757,983,1061],"product_tag":[],"class_list":{"0":"post-84257","1":"product","2":"type-product","3":"status-publish","4":"has-post-thumbnail","6":"product_brand-kwon","7":"product_cat-aikido-kendo-iai-kobudo-1","8":"product_cat-ninjutsu-3","9":"product_cat-leseni","10":"product_cat-kwon-3","11":"product_cat-kwon-5","13":"first","14":"instock","15":"taxable","16":"shipping-taxable","17":"purchasable","18":"product-type-simple"},"_links":{"self":[{"href":"https:\/\/www.budoshop.si\/sl\/wp-json\/wp\/v2\/product\/84257","targetHints":{"allow":["GET"]}}],"collection":[{"href":"https:\/\/www.budoshop.si\/sl\/wp-json\/wp\/v2\/product"}],"about":[{"href":"https:\/\/www.budoshop.si\/sl\/wp-json\/wp\/v2\/types\/product"}],"replies":[{"embeddable":true,"href":"https:\/\/www.budoshop.si\/sl\/wp-json\/wp\/v2\/comments?post=84257"}],"wp:featuredmedia":[{"embeddable":true,"href":"https:\/\/www.budoshop.si\/sl\/wp-json\/wp\/v2\/media\/112969"}],"wp:attachment":[{"href":"https:\/\/www.budoshop.si\/sl\/wp-json\/wp\/v2\/media?parent=84257"}],"wp:term":[{"taxonomy":"product_brand","embeddable":true,"href":"https:\/\/www.budoshop.si\/sl\/wp-json\/wp\/v2\/product_brand?post=84257"},{"taxonomy":"product_cat","embeddable":true,"href":"https:\/\/www.budoshop.si\/sl\/wp-json\/wp\/v2\/product_cat?post=84257"},{"taxonomy":"product_tag","embeddable":true,"href":"https:\/\/www.budoshop.si\/sl\/wp-json\/wp\/v2\/product_tag?post=84257"}],"curies":[{"name":"wp","href":"https:\/\/api.w.org\/{rel}","templated":true}]}}