{"id":84052,"date":"2018-09-13T06:51:49","date_gmt":"2018-09-13T04:51:49","guid":{"rendered":"https:\/\/budoshop.si\/?product=sankaku-yari-kopje"},"modified":"2023-10-15T17:10:39","modified_gmt":"2023-10-15T15:10:39","slug":"sankaku-yari-kopje-1","status":"publish","type":"product","link":"https:\/\/www.budoshop.si\/sl\/izdelek\/sankaku-yari-kopje-1\/","title":{"rendered":"SANKAKU YARI kopje"},"content":{"rendered":"<div style=\"text-align: justify;\"><span style=\"color: #993300; font-size: 15px;\">Ta artikel je ekskluziven pri nas. Tradicionalno Samurajsko japonsko Yari kopje je zelo te\u017eko dobiti je pa obvezen za vse, ki se ukvarjajo s tradicionalnimi Samurajskimi in Ko-ryu ve\u0161\u010dinami. Trikotno (sankaku) rezilo je izdelano iz 1060 High Carbon jekla, dol\u017eine 26,5cm. Na eni od stranic ima Bohi utor, ki je tradicionalno rde\u010de barve. Rezilo je na tradicionalen na\u010din vtaknjeno v 206cm dolg lesen dr\u017eaj in pritrjen z dvema bambusovoma Mekugi zati\u010dema in oja\u010dan z ratanovim navojom. Dr\u017eaj je izdelan iz Kuroro Ishime lesa in oja\u010dan s kovinskimi rinkami. Kovinski je tudi Ishizuki, spodnji konec dr\u017eaja. \u010crne barve.<\/span><\/div>\n<div style=\"text-align: justify;\"><span style=\"color: #993300; font-size: 15px;\">\u00a0<\/span><\/div>\n<div style=\"text-align: justify;\"><span style=\"color: #993300; font-size: 15px;\">Skupna dol\u017eina: cca. 232,5cm<\/span><\/div>\n<div style=\"text-align: justify;\"><span style=\"color: #993300; font-size: 15px;\">Te\u017ea: cca. 2.600g<\/span><\/div>\n<div style=\"text-align: justify;\"><\/div>\n<div style=\"text-align: justify;\"><\/div>\n<div style=\"text-align: justify;\"><span style=\"color: #993300; font-size: 11px;\">Opomba! Artikel se dobavlja po naro\u010dilu in se zanj dostava zara\u010dunava posebej, po ceniku dostavne slu\u017ebe!<\/span><\/div>\n<div style=\"text-align: justify;\"><\/div>\n<div style=\"text-align: justify;\"><span style=\"color: #993300; font-size: 11px;\">Opozorilo!<br \/>\n\u25ba Artikel je namenjen samo dekorativni uporabi oziroma osebnemu treningu borilnih ve\u0161\u010din.<br \/>\n\u25ba Po prodaji, prodajalec ni ve\u010d odgovoren za nikakr\u0161ne po\u0161kodbe, ki se lahko zgodijo zaradi napa\u010dne uporabe ali zanemarjanja teh opozoril. Novi lastnik prevzema popolno odgovornost za skrb in uporabo tega artikla.<br \/>\n\u25ba Vsakr\u0161na napa\u010dna uporaba ali nepazljivost lahko vam ali drugemu povzro\u010di resne po\u0161kodbe ali celo smrt!<br \/>\n\u25ba Ta artikel se v nobenem primeru ne sme uporabljati na drugi osebi!<\/span><\/div>\n","protected":false},"excerpt":{"rendered":"<p><span style=\"color: #002060;\"><strong>Tradiconalno japonsko Samurajsko Yari kopje s kovinsko konico.<\/strong><\/span><\/p>\n","protected":false},"featured_media":84055,"comment_status":"open","ping_status":"closed","template":"","meta":[],"product_brand":[],"product_cat":[1035,729,1037,977,1055],"product_tag":[],"class_list":{"0":"post-84052","1":"product","2":"type-product","3":"status-publish","4":"has-post-thumbnail","6":"product_cat-aikido-kendo-iai-kobudo-1","7":"product_cat-dolga-orozja","8":"product_cat-ninjutsu-3","9":"product_cat-yari-no-hanzo-1","10":"product_cat-yari-no-hanzo-3","11":"pa_sw_featured-yes-sl","13":"first","14":"instock","15":"taxable","16":"shipping-taxable","17":"purchasable","18":"product-type-simple"},"_links":{"self":[{"href":"https:\/\/www.budoshop.si\/sl\/wp-json\/wp\/v2\/product\/84052","targetHints":{"allow":["GET"]}}],"collection":[{"href":"https:\/\/www.budoshop.si\/sl\/wp-json\/wp\/v2\/product"}],"about":[{"href":"https:\/\/www.budoshop.si\/sl\/wp-json\/wp\/v2\/types\/product"}],"replies":[{"embeddable":true,"href":"https:\/\/www.budoshop.si\/sl\/wp-json\/wp\/v2\/comments?post=84052"}],"wp:featuredmedia":[{"embeddable":true,"href":"https:\/\/www.budoshop.si\/sl\/wp-json\/wp\/v2\/media\/84055"}],"wp:attachment":[{"href":"https:\/\/www.budoshop.si\/sl\/wp-json\/wp\/v2\/media?parent=84052"}],"wp:term":[{"taxonomy":"product_brand","embeddable":true,"href":"https:\/\/www.budoshop.si\/sl\/wp-json\/wp\/v2\/product_brand?post=84052"},{"taxonomy":"product_cat","embeddable":true,"href":"https:\/\/www.budoshop.si\/sl\/wp-json\/wp\/v2\/product_cat?post=84052"},{"taxonomy":"product_tag","embeddable":true,"href":"https:\/\/www.budoshop.si\/sl\/wp-json\/wp\/v2\/product_tag?post=84052"}],"curies":[{"name":"wp","href":"https:\/\/api.w.org\/{rel}","templated":true}]}}