{"id":83893,"date":"2018-09-13T06:51:49","date_gmt":"2018-09-13T06:51:49","guid":{"rendered":"https:\/\/budoshop.si\/?product=karate-gi-kimono-adidas-adizero"},"modified":"2026-03-19T10:49:42","modified_gmt":"2026-03-19T09:49:42","slug":"karate-gi-kimono-adidas-adizero","status":"publish","type":"product","link":"https:\/\/www.budoshop.si\/sl\/izdelek\/karate-gi-kimono-adidas-adizero\/","title":{"rendered":"Karate Gi (Kimono) &#8221;Adidas ADIZERO&#8221; &#8211; OUTLET!!!"},"content":{"rendered":"<p style=\"text-align: justify;\"><span style=\"color: #993300; font-size: 15px;\">To WKF Karate Kimono je idealno tako za trening kot tekmovanja saj izpopolnjuje hitrost in natan\u010dnost gibov. Izraz &#8216;zero&#8217; v imenu je oznaka za najla\u017eji Kimono v razredu, saj je izdelan iz revolucionarnega ultra lahkega 100% microfiber Diamond FlexTM poliestra, te\u017ee samo 110g\/m2. To pomeni, da je trenutno najla\u017eji Karate Kimono na tr\u017ei\u0161\u010du. Poleg tega ga ozna\u010dujejo \u0161e kvalitete kot so pro\u017enost, hitro su\u0161enje in ne-kr\u010denje. Hla\u010de imajo vstavek po celotni dol\u017eini in za najbolj\u0161o udobnost elastiko v pasu. Jakna je brez hrbtnega \u0161iva, na prednji in zadnji strani pa se nahaja vezen srebrno-siv Adidas Logotip.<\/span><\/p>\n<p><span style=\"color: #993300; font-size: 15px;\">Ta Kimono je bil oblikovan posebej za izku\u0161ene borce a primeren prav za vsakega, ki zase \u017eeli le najbolj\u0161e.<\/span><\/p>\n<p style=\"text-align: justify;\"><span style=\"color: #993300; font-size: 15px;\">V kompletu so jakna in hla\u010de z elastiko v pasu.<\/span><\/p>\n<p style=\"text-align: justify;\"><span style=\"color: #993300; font-size: 15px;\">Vi\u0161ina: 190 cm.<\/span><\/p>\n<p style=\"text-align: justify;\"><span style=\"color: #993300; font-size: 15px;\"><strong>Ta artikel je odobren iz strani WKF<\/strong>-ja (World Karate Federation)!<\/span><\/p>\n","protected":false},"excerpt":{"rendered":"<p><span style=\"color: #002060; font-size: 15px;\"><strong>Najla\u017eje Adidas WKF Karate Kimono.<\/strong><\/span><\/p>\n","protected":false},"featured_media":83901,"comment_status":"open","ping_status":"closed","template":"","meta":[],"product_brand":[5594],"product_cat":[1027,935,933,951,1049],"product_tag":[],"class_list":{"0":"post-83893","1":"product","2":"type-product","3":"status-publish","4":"has-post-thumbnail","6":"product_brand-adidas","7":"product_cat-v-akciji-2","8":"product_cat-adidas-1","9":"product_cat-odprodaja","10":"product_cat-adidas-3","11":"product_cat-adidas-7","12":"pa_velikost-150-cm-sl","13":"pa_velikost-155-cm-sl","14":"pa_velikost-160-cm-sl","15":"pa_velikost-165-cm-sl","16":"pa_velikost-170-cm-sl","17":"pa_velikost-175-cm-sl","18":"pa_velikost-180-cm-sl","19":"pa_velikost-185-cm-sl","20":"pa_velikost-190-cm-sl","21":"pa_velikost-195-cm-sl","22":"pa_velikost-200-cm-sl","24":"first","25":"instock","26":"sale","27":"taxable","28":"shipping-taxable","29":"purchasable","30":"product-type-simple"},"_links":{"self":[{"href":"https:\/\/www.budoshop.si\/sl\/wp-json\/wp\/v2\/product\/83893","targetHints":{"allow":["GET"]}}],"collection":[{"href":"https:\/\/www.budoshop.si\/sl\/wp-json\/wp\/v2\/product"}],"about":[{"href":"https:\/\/www.budoshop.si\/sl\/wp-json\/wp\/v2\/types\/product"}],"replies":[{"embeddable":true,"href":"https:\/\/www.budoshop.si\/sl\/wp-json\/wp\/v2\/comments?post=83893"}],"wp:featuredmedia":[{"embeddable":true,"href":"https:\/\/www.budoshop.si\/sl\/wp-json\/wp\/v2\/media\/83901"}],"wp:attachment":[{"href":"https:\/\/www.budoshop.si\/sl\/wp-json\/wp\/v2\/media?parent=83893"}],"wp:term":[{"taxonomy":"product_brand","embeddable":true,"href":"https:\/\/www.budoshop.si\/sl\/wp-json\/wp\/v2\/product_brand?post=83893"},{"taxonomy":"product_cat","embeddable":true,"href":"https:\/\/www.budoshop.si\/sl\/wp-json\/wp\/v2\/product_cat?post=83893"},{"taxonomy":"product_tag","embeddable":true,"href":"https:\/\/www.budoshop.si\/sl\/wp-json\/wp\/v2\/product_tag?post=83893"}],"curies":[{"name":"wp","href":"https:\/\/api.w.org\/{rel}","templated":true}]}}