{"id":83858,"date":"2018-09-13T06:51:49","date_gmt":"2018-09-13T06:51:49","guid":{"rendered":"https:\/\/budoshop.si\/?product=boks-hruska-adidas"},"modified":"2026-02-11T07:59:34","modified_gmt":"2026-02-11T06:59:34","slug":"boks-hruska-adidas","status":"publish","type":"product","link":"https:\/\/www.budoshop.si\/sl\/izdelek\/boks-hruska-adidas\/","title":{"rendered":"Boks hru\u0161ka &#8221;ADIDAS&#8221;"},"content":{"rendered":"<div style=\"text-align: justify;\"><span style=\"color: #c00000; font-size: 15px;\">Adidasove boksarske hitre \u017eoge-hru\u0161ke so izdelane iz pravega usnja. Konstantno absorbira znoj, med tem ko ostaja pro\u017een in odporen proti razpokam. Boksarska hru\u0161ka je izdalana tako, da ima zamenljiv zunanji del, notranji butilni meh in zapiralno vrvico. \u010crne barve z belim Adidas logotipom.<\/span><\/div>\n<div style=\"text-align: justify;\"><\/div>\n<div style=\"text-align: justify;\">\n<p><span style=\"color: #c00000; font-size: 15px;\">Hitro \u017eoge (Speedball) so odli\u010dne za trening preciznosti, vzdr\u017eljivosti ramen in koordinacije rok-o\u010di. Neko\u010d so bile klju\u010dno orodje za boksarjevo pripravo. Hitro \u017eogo, imenovane so tudi kot hitra vre\u010da, se obesi na poseben vrtljivi obe\u0161alnik z le\u017eajem. <\/span><\/p>\n<\/div>\n<div style=\"text-align: justify;\"><span style=\"color: #c00000; font-size: small;\"><span style=\"font-size: 15px;\">Velikosti:<br \/>\nM (13 x 20 cm)<br \/>\nL (15 x 23 cm)<\/span><br \/>\n<\/span><\/div>\n","protected":false},"excerpt":{"rendered":"<p><span style=\"color: #002060;\"><strong>2 veliksti Adidasovih boksing hru\u0161k.<\/strong><\/span><\/p>\n","protected":false},"featured_media":109756,"comment_status":"open","ping_status":"closed","template":"","meta":[],"product_brand":[5594],"product_cat":[951,1049,1043,751],"product_tag":[],"class_list":{"0":"post-83858","1":"product","2":"type-product","3":"status-publish","4":"has-post-thumbnail","6":"product_brand-adidas","7":"product_cat-adidas-3","8":"product_cat-adidas-7","9":"product_cat-boks-kickbox-tajski-boks-mma","10":"product_cat-punching-ball-1","11":"pa_velikost-l-sl-2","12":"pa_velikost-m-sl-2","14":"first","15":"instock","16":"taxable","17":"shipping-taxable","18":"purchasable","19":"product-type-variable"},"_links":{"self":[{"href":"https:\/\/www.budoshop.si\/sl\/wp-json\/wp\/v2\/product\/83858","targetHints":{"allow":["GET"]}}],"collection":[{"href":"https:\/\/www.budoshop.si\/sl\/wp-json\/wp\/v2\/product"}],"about":[{"href":"https:\/\/www.budoshop.si\/sl\/wp-json\/wp\/v2\/types\/product"}],"replies":[{"embeddable":true,"href":"https:\/\/www.budoshop.si\/sl\/wp-json\/wp\/v2\/comments?post=83858"}],"wp:featuredmedia":[{"embeddable":true,"href":"https:\/\/www.budoshop.si\/sl\/wp-json\/wp\/v2\/media\/109756"}],"wp:attachment":[{"href":"https:\/\/www.budoshop.si\/sl\/wp-json\/wp\/v2\/media?parent=83858"}],"wp:term":[{"taxonomy":"product_brand","embeddable":true,"href":"https:\/\/www.budoshop.si\/sl\/wp-json\/wp\/v2\/product_brand?post=83858"},{"taxonomy":"product_cat","embeddable":true,"href":"https:\/\/www.budoshop.si\/sl\/wp-json\/wp\/v2\/product_cat?post=83858"},{"taxonomy":"product_tag","embeddable":true,"href":"https:\/\/www.budoshop.si\/sl\/wp-json\/wp\/v2\/product_tag?post=83858"}],"curies":[{"name":"wp","href":"https:\/\/api.w.org\/{rel}","templated":true}]}}