{"id":83763,"date":"2018-09-13T06:51:49","date_gmt":"2018-09-13T06:51:49","guid":{"rendered":"https:\/\/budoshop.si\/?product=wt-tatami-blazine-taekwondo"},"modified":"2026-03-18T12:29:01","modified_gmt":"2026-03-18T11:29:01","slug":"wt-tatami-blazine-taekwondo","status":"publish","type":"product","link":"https:\/\/www.budoshop.si\/sl\/izdelek\/wt-tatami-blazine-taekwondo\/","title":{"rendered":"WT Tatami blazine &#8221;TAEKWONDO&#8221;"},"content":{"rendered":"<div style=\"text-align: justify;\"><span style=\"color: #c00000; font-size: 15px;\">Te dvobarvne Tatami blazine so namenjene predvsem Taekwondo treningom in tekmovanjem, saj so odobrene s strani svetovne Taekwondo organizacije (WT), a uporabne tudi za Karate, Kickboxing, Aerobiko in druge \u0161porte. Nudijo fleksibilno postavljanje in s tem prihranijo veliko prostora. Lahko se jih hitro sestavi in znova postavi, sestavni zobovi pa zagotavljajo zanesljivo sestavljanje blazin skupaj. Sestavljene zagotavljajo varno, nedrse\u010do trening podro\u010dje.<\/span><\/div>\n<div style=\"text-align: justify;\"><span style=\"color: #c00000; font-size: 15px;\">\u00a0<\/span><\/div>\n<div style=\"text-align: justify;\"><span style=\"color: #c00000; font-size: 15px;\">Barva: rde\u010de\/modra<\/span><\/div>\n<div style=\"text-align: justify;\"><span style=\"color: #c00000; font-size: 15px;\">\u00a0<\/span><\/div>\n<div style=\"text-align: justify;\"><span style=\"color: #c00000; font-size: 15px;\">Dimenzije: 100 x 100 x 2,4cm<\/span><\/div>\n<div style=\"text-align: justify;\"><span style=\"color: #c00000; font-size: 15px;\">\u00a0<\/span><\/div>\n<div style=\"text-align: justify;\"><span style=\"color: #c00000; font-size: 15px;\">Te\u017ea: cca. 3,5kg<\/span><\/div>\n<div style=\"text-align: justify;\"><span style=\"color: #c00000; font-size: 15px;\">\u00a0<\/span><\/div>\n<div style=\"text-align: justify;\"><span style=\"color: #c00000; font-size: 15px;\"><strong>Ta artikel je odobren s strani WT<\/strong>-ja (World Taekwondo).<\/span><\/div>\n<div style=\"text-align: justify;\">\n<p>&nbsp;<\/p>\n<p><span style=\"color: #c00000;\"><span style=\"color: #c00000;\"><span style=\"font-size: 11px;\"> Opomba: Artikel se dobavlja po naro\u010dilu zato se pred naro\u010dilom pozanimajte o dobavljivosti in stro\u0161ku dostave.<\/span><\/span><\/span><\/p>\n<\/div>\n","protected":false},"excerpt":{"rendered":"<p><span style=\"color: #002060;\"><strong>WT verificirane sestavljive TAEKWONDO Tatami blazine.<\/strong><\/span><\/p>\n","protected":false},"featured_media":83767,"comment_status":"open","ping_status":"closed","template":"","meta":[],"product_brand":[],"product_cat":[1061,983,1039,743],"product_tag":[],"class_list":{"0":"post-83763","1":"product","2":"type-product","3":"status-publish","4":"has-post-thumbnail","6":"product_cat-kwon-5","7":"product_cat-kwon-3","8":"product_cat-taekwondo-3","9":"product_cat-tatami-blazine","11":"first","12":"instock","13":"taxable","14":"shipping-taxable","15":"purchasable","16":"product-type-simple"},"_links":{"self":[{"href":"https:\/\/www.budoshop.si\/sl\/wp-json\/wp\/v2\/product\/83763","targetHints":{"allow":["GET"]}}],"collection":[{"href":"https:\/\/www.budoshop.si\/sl\/wp-json\/wp\/v2\/product"}],"about":[{"href":"https:\/\/www.budoshop.si\/sl\/wp-json\/wp\/v2\/types\/product"}],"replies":[{"embeddable":true,"href":"https:\/\/www.budoshop.si\/sl\/wp-json\/wp\/v2\/comments?post=83763"}],"wp:featuredmedia":[{"embeddable":true,"href":"https:\/\/www.budoshop.si\/sl\/wp-json\/wp\/v2\/media\/83767"}],"wp:attachment":[{"href":"https:\/\/www.budoshop.si\/sl\/wp-json\/wp\/v2\/media?parent=83763"}],"wp:term":[{"taxonomy":"product_brand","embeddable":true,"href":"https:\/\/www.budoshop.si\/sl\/wp-json\/wp\/v2\/product_brand?post=83763"},{"taxonomy":"product_cat","embeddable":true,"href":"https:\/\/www.budoshop.si\/sl\/wp-json\/wp\/v2\/product_cat?post=83763"},{"taxonomy":"product_tag","embeddable":true,"href":"https:\/\/www.budoshop.si\/sl\/wp-json\/wp\/v2\/product_tag?post=83763"}],"curies":[{"name":"wp","href":"https:\/\/api.w.org\/{rel}","templated":true}]}}