{"id":83706,"date":"2018-09-13T08:51:49","date_gmt":"2018-09-13T06:51:49","guid":{"rendered":"https:\/\/budoshop.si\/?product=sport-backpack-dojo-jujutsu"},"modified":"2026-02-27T11:23:51","modified_gmt":"2026-02-27T10:23:51","slug":"backpack-dojo-jujutsu-1447","status":"publish","type":"product","link":"https:\/\/www.budoshop.si\/sl\/izdelek\/backpack-dojo-jujutsu-1447\/","title":{"rendered":"\u0160portni Jujutsu nahrbtnik &#8221;DOJO JUJUTSU&#8221;"},"content":{"rendered":"<div style=\"text-align: justify;\">\n<p><span style=\"color: #c00000; font-size: 15px;\">Vre\u010da za va\u0161o trening opremo. Izdelana izte\u017ekega 14 Oz bomba\u017enega platna, ki je izjemno odporen proti trganju.Zapenja se s priro\u010dno vrvico. S povezovanjem vrvice v kovinski obro\u010dekna dnu vre\u010de, se ustvari prakti\u010dni nahrbtnik. Torbo krasi tudi \u010drn pas Jujutsu v latinici in japon\u0161\u010dini. S tem nahrbtnikom bo \u0161el va\u0161 mladi borec \u0161e raje na trening!<\/span><\/p>\n<p><span style=\"color: #c00000; font-size: 15px;\">Bele ali \u010drne barve.<\/span><\/p>\n<p><span style=\"font-size: 15px;\"><span style=\"color: #c00000;\">Dimenzije: cca. 45 cm x 40 cm<\/span><\/span><\/p>\n<\/div>\n","protected":false},"excerpt":{"rendered":"<p><strong><span style=\"color: #002060;\">\u0160portni JUJUTSU nahrbtnik za opremo s \u010drnim pasom.<\/span><\/strong><\/p>\n","protected":false},"featured_media":83712,"comment_status":"open","ping_status":"closed","template":"","meta":[],"product_brand":[],"product_cat":[1033,971,985],"product_tag":[],"class_list":{"0":"post-83706","1":"product","2":"type-product","3":"status-publish","4":"has-post-thumbnail","6":"product_cat-ju-jitsujiu-jitsu-1","7":"product_cat-sportne-torbe","8":"product_cat-danrho-1","9":"pa_barva-bele-barve-sl","10":"pa_barva-crne-barve-sl-2","12":"first","13":"instock","14":"taxable","15":"shipping-taxable","16":"purchasable","17":"product-type-variable"},"_links":{"self":[{"href":"https:\/\/www.budoshop.si\/sl\/wp-json\/wp\/v2\/product\/83706","targetHints":{"allow":["GET"]}}],"collection":[{"href":"https:\/\/www.budoshop.si\/sl\/wp-json\/wp\/v2\/product"}],"about":[{"href":"https:\/\/www.budoshop.si\/sl\/wp-json\/wp\/v2\/types\/product"}],"replies":[{"embeddable":true,"href":"https:\/\/www.budoshop.si\/sl\/wp-json\/wp\/v2\/comments?post=83706"}],"wp:featuredmedia":[{"embeddable":true,"href":"https:\/\/www.budoshop.si\/sl\/wp-json\/wp\/v2\/media\/83712"}],"wp:attachment":[{"href":"https:\/\/www.budoshop.si\/sl\/wp-json\/wp\/v2\/media?parent=83706"}],"wp:term":[{"taxonomy":"product_brand","embeddable":true,"href":"https:\/\/www.budoshop.si\/sl\/wp-json\/wp\/v2\/product_brand?post=83706"},{"taxonomy":"product_cat","embeddable":true,"href":"https:\/\/www.budoshop.si\/sl\/wp-json\/wp\/v2\/product_cat?post=83706"},{"taxonomy":"product_tag","embeddable":true,"href":"https:\/\/www.budoshop.si\/sl\/wp-json\/wp\/v2\/product_tag?post=83706"}],"curies":[{"name":"wp","href":"https:\/\/api.w.org\/{rel}","templated":true}]}}