{"id":83702,"date":"2018-09-13T06:51:49","date_gmt":"2018-09-13T06:51:49","guid":{"rendered":"https:\/\/budoshop.si\/?product=sportni-judo-nahrbtnik-dojo-judo"},"modified":"2026-02-27T11:24:13","modified_gmt":"2026-02-27T10:24:13","slug":"sportni-judo-nahrbtnik-dojo-judo","status":"publish","type":"product","link":"https:\/\/www.budoshop.si\/sl\/izdelek\/sportni-judo-nahrbtnik-dojo-judo\/","title":{"rendered":"\u0160portni Judo nahrbtnik &#8221;DOJO JUDO&#8221;"},"content":{"rendered":"<p><span style=\"font-size: 15px;\"><span style=\"color: #c00000;\">Vre\u010da za va\u0161o trening opremo. Izdelana izte\u017ekega 14 Oz bomba\u017enega platna, ki je izjemno odporen proti trganju.Zapenja se s priro\u010dno vrvico. S povezovanjem vrvice v kovinski obro\u010dekna dnu vre\u010de, se ustvari prakti\u010dni nahrbtnik. Torbo krasi tudi \u010drn pas ter napis Judo v latinici in japon\u0161\u010dini.<br \/>\n<\/span><span style=\"color: #c00000;\"><br \/>\nBele ali \u010drne barve.<\/span><\/span><\/p>\n<p><span style=\"color: #c00000; font-size: 15px;\">Dimenzije: cca. 45cm x 40cm<\/span><\/p>\n","protected":false},"excerpt":{"rendered":"<p><span style=\"color: #003366;\"><strong>Otro\u0161ki JUDO nahrbtnik za opremo s \u010drnim pasom.<\/strong><\/span><\/p>\n","protected":false},"featured_media":83705,"comment_status":"open","ping_status":"closed","template":"","meta":[],"product_brand":[5607],"product_cat":[1063,985,1031,971],"product_tag":[],"class_list":{"0":"post-83702","1":"product","2":"type-product","3":"status-publish","4":"has-post-thumbnail","6":"product_brand-danhro","7":"product_cat-danhro-1","8":"product_cat-danrho-1","9":"product_cat-judo-1","10":"product_cat-sportne-torbe","11":"pa_barva-bele-barve-sl","12":"pa_barva-crne-barve-sl-2","14":"first","15":"instock","16":"taxable","17":"shipping-taxable","18":"purchasable","19":"product-type-variable"},"_links":{"self":[{"href":"https:\/\/www.budoshop.si\/sl\/wp-json\/wp\/v2\/product\/83702","targetHints":{"allow":["GET"]}}],"collection":[{"href":"https:\/\/www.budoshop.si\/sl\/wp-json\/wp\/v2\/product"}],"about":[{"href":"https:\/\/www.budoshop.si\/sl\/wp-json\/wp\/v2\/types\/product"}],"replies":[{"embeddable":true,"href":"https:\/\/www.budoshop.si\/sl\/wp-json\/wp\/v2\/comments?post=83702"}],"wp:featuredmedia":[{"embeddable":true,"href":"https:\/\/www.budoshop.si\/sl\/wp-json\/wp\/v2\/media\/83705"}],"wp:attachment":[{"href":"https:\/\/www.budoshop.si\/sl\/wp-json\/wp\/v2\/media?parent=83702"}],"wp:term":[{"taxonomy":"product_brand","embeddable":true,"href":"https:\/\/www.budoshop.si\/sl\/wp-json\/wp\/v2\/product_brand?post=83702"},{"taxonomy":"product_cat","embeddable":true,"href":"https:\/\/www.budoshop.si\/sl\/wp-json\/wp\/v2\/product_cat?post=83702"},{"taxonomy":"product_tag","embeddable":true,"href":"https:\/\/www.budoshop.si\/sl\/wp-json\/wp\/v2\/product_tag?post=83702"}],"curies":[{"name":"wp","href":"https:\/\/api.w.org\/{rel}","templated":true}]}}