{"id":83641,"date":"2018-09-13T06:51:49","date_gmt":"2018-09-13T06:51:49","guid":{"rendered":"https:\/\/budoshop.si\/?product=torba-za-borilne-sporte-adidas-3-v-1"},"modified":"2024-05-23T12:32:45","modified_gmt":"2024-05-23T10:32:45","slug":"torba-za-borilne-sporte-adidas-3-v-1","status":"publish","type":"product","link":"https:\/\/www.budoshop.si\/sl\/izdelek\/torba-za-borilne-sporte-adidas-3-v-1\/","title":{"rendered":"Torba za borilne \u0161porte &#8221;Adidas 3 v 1&#8221;"},"content":{"rendered":"<div style=\"text-align: justify;\"><span style=\"color: #c00000; font-size: 15px;\">Ta odli\u010dna Adidasova \u0161portna torba je izdelana iz kvalitetnega mo\u010dnega umetnega usnja \u010drne barve. Zapenja se s \u0161iroko zadrgo, ki sega od enega konca torbe do druge in s tem omogo\u010da la\u017eje vstavljanje in jemanje opreme iz torbe. Torba je opremljena z ro\u010dnima prenosnima ro\u010dema, oblazinjenim enojnim ramenskim trakom IN dvojnim oblo\u017eenim ramenskim trakom tako, da se jo lahko prena\u0161a kot ro\u010dno torbo, ramensko torbo ali kot nahrbtnik. Dovolj velika za vso va\u0161o trening opremo!<br \/>\n<\/span><\/div>\n<div style=\"text-align: justify;\"><span style=\"color: #c00000; font-size: 15px;\">\u00a0<\/span><\/div>\n<div style=\"text-align: justify;\"><span style=\"color: #c00000; font-size: small;\"><span style=\"font-size: 15px;\">Mere: cca. 72 x 34 x 34 cm \/ 83 l<\/span><br \/>\n<\/span><\/div>\n","protected":false},"excerpt":{"rendered":"<p><span style=\"color: #002060;\"><strong>Kvalitetna Adidas \u0161portna torba-nahrbtnik.<\/strong><\/span><\/p>\n","protected":false},"featured_media":112007,"comment_status":"open","ping_status":"closed","template":"","meta":[],"product_brand":[5594],"product_cat":[1035,1043,1033,1031,1029,1037,1039,1041,971,951,1049],"product_tag":[],"class_list":{"0":"post-83641","1":"product","2":"type-product","3":"status-publish","4":"has-post-thumbnail","6":"product_brand-adidas","7":"product_cat-aikido-kendo-iai-kobudo-1","8":"product_cat-boks-kickbox-tajski-boks-mma","9":"product_cat-ju-jitsujiu-jitsu-1","10":"product_cat-judo-1","11":"product_cat-karate-5","12":"product_cat-ninjutsu-3","13":"product_cat-taekwondo-3","14":"product_cat-tai-chi-kunf-fu-wu-shu-1","15":"product_cat-sportne-torbe","16":"product_cat-adidas-3","17":"product_cat-adidas-7","19":"first","20":"instock","21":"taxable","22":"shipping-taxable","23":"purchasable","24":"product-type-simple"},"_links":{"self":[{"href":"https:\/\/www.budoshop.si\/sl\/wp-json\/wp\/v2\/product\/83641","targetHints":{"allow":["GET"]}}],"collection":[{"href":"https:\/\/www.budoshop.si\/sl\/wp-json\/wp\/v2\/product"}],"about":[{"href":"https:\/\/www.budoshop.si\/sl\/wp-json\/wp\/v2\/types\/product"}],"replies":[{"embeddable":true,"href":"https:\/\/www.budoshop.si\/sl\/wp-json\/wp\/v2\/comments?post=83641"}],"wp:featuredmedia":[{"embeddable":true,"href":"https:\/\/www.budoshop.si\/sl\/wp-json\/wp\/v2\/media\/112007"}],"wp:attachment":[{"href":"https:\/\/www.budoshop.si\/sl\/wp-json\/wp\/v2\/media?parent=83641"}],"wp:term":[{"taxonomy":"product_brand","embeddable":true,"href":"https:\/\/www.budoshop.si\/sl\/wp-json\/wp\/v2\/product_brand?post=83641"},{"taxonomy":"product_cat","embeddable":true,"href":"https:\/\/www.budoshop.si\/sl\/wp-json\/wp\/v2\/product_cat?post=83641"},{"taxonomy":"product_tag","embeddable":true,"href":"https:\/\/www.budoshop.si\/sl\/wp-json\/wp\/v2\/product_tag?post=83641"}],"curies":[{"name":"wp","href":"https:\/\/api.w.org\/{rel}","templated":true}]}}