{"id":83581,"date":"2018-09-13T06:51:49","date_gmt":"2018-09-13T06:51:49","guid":{"rendered":"https:\/\/budoshop.si\/?product=katana-nanbu"},"modified":"2026-02-19T09:43:08","modified_gmt":"2026-02-19T08:43:08","slug":"katana-nanbu","status":"publish","type":"product","link":"https:\/\/www.budoshop.si\/sl\/izdelek\/katana-nanbu\/","title":{"rendered":"Katana &#8221;NANBU&#8221;"},"content":{"rendered":"<div style=\"text-align: justify;\">\n<p><span style=\"color: #993300; font-size: 15px;\">Prava kovana japonska trening Katana! <\/span><\/p>\n<p><span style=\"color: #993300; font-size: 15px;\">Ta Katana je izdelana RO\u010cNO po TRADICIONALNI metodi, za izdelavo pa so uporabljeni samo najkvalitetnej\u0161i materiali. Rezilo je narejeno iz KOVANEGA 1060 HIGH CARBON jekla in RO\u010cNO BRU\u0160ENO tre tako primerno za TAMESHI GIRI sekanje. Tradicionalni proces kovanja daje rezilu maksimalno odpornost in pro\u017enost. Vsi sestavni deli (Tsuba, Fuchi, Kashira, Habaki) so kovinski in ro\u010dno izdelani, za razliko od poceni me\u010dev, kjer so ti deli narejeni iz aluminijaste litine. Ker so me\u010di izdelani ro\u010dno je seveda vsak me\u010d unikaten in se razlikuje od drugega. Me\u010d se za la\u017eje vzdr\u017eevanje lahko popolnoma razstavi. <\/span><\/p>\n<\/div>\n<div style=\"text-align: justify;\"><span style=\"font-size: 15px;\"><span style=\"color: #993300;\">Pravi TAMESHI GIRI me\u010d.<\/span><\/span><\/div>\n<div style=\"text-align: justify;\">\n<p><span style=\"color: #993300; font-size: 15px;\"> Ta me\u010d NI serijske produkcije pri kateri se uporabljajo materiali slab\u0161e kvalitete! <\/span><\/p>\n<p><span style=\"color: #993300; font-size: 15px;\">Detajli: <\/span><br \/>\n<span style=\"color: #993300; font-size: 15px;\">Kovina: 1060 High Carbon Steel &#8211; KOVANA GLINA in RO\u010cNO POLIRANO! <\/span><br \/>\n<span style=\"color: #993300; font-size: 15px;\">NAGASA (dol\u017eina rezila): 69 cm, 71 cm s habaki-em <\/span><br \/>\n<span style=\"color: #993300; font-size: 15px;\">HAMON (motiv ostrine): Notare stil <\/span><br \/>\n<span style=\"color: #993300; font-size: 15px;\">SORI (ukrivljenost): 2 cm <\/span><br \/>\n<span style=\"color: #993300; font-size: 15px;\">TSUKA (ro\u010daj): 28 cm <\/span><br \/>\n<span style=\"color: #993300; font-size: 15px;\">TSUKA ITO (navitje ro\u010daja): \u010drn bomba\u017e <\/span><br \/>\n<span style=\"color: #993300; font-size: 15px;\">SAME (podloga ro\u010daja): pravo ribje usnje <\/span><br \/>\n<span style=\"color: #993300; font-size: 15px;\">TSUBA (\u0161\u010ditnik): Shin no Marugata <\/span><br \/>\n<span style=\"color: #993300; font-size: 15px;\">BOHI (\u017eleb v rezilo): DA <\/span><br \/>\n<span style=\"color: #993300; font-size: 15px;\">SAYA (no\u017enica): 76cm \u010drno lakiran Kuroro les <\/span><br \/>\n<span style=\"color: #993300; font-size: 15px;\">SAGEO (vrvica): NE<\/span><br \/>\n<span style=\"color: #993300; font-size: 15px;\">MEKUGI (zati\u010d): bambusov 2X<\/span><\/p>\n<p><span style=\"color: #993300; font-size: 15px;\">Te\u017ea: cca 1.200 g (skupaj s Sayo), 1.000 g (brez Saye)<\/span><\/p>\n<p><span style=\"color: #993300; font-size: 15px;\">Darilo: \u010drna bomba\u017ena prenosna torba!<\/span><\/p>\n<p><span style=\"color: #993300; font-size: 15px;\">TA ARTIKEL PRODAJAMO SAMO POLNOLETNIM OSEBAM!!!<\/span><\/p>\n<\/div>\n<div style=\"text-align: justify;\"><\/div>\n<div style=\"text-align: justify;\"><\/div>\n<div style=\"text-align: justify;\"><\/div>\n<div style=\"text-align: justify;\"><span style=\"color: #993300; font-size: 11px;\">Opozorilo!<br \/>\n\u25ba Artikel je namenjen samo dekorativni uporabi oziroma osebnemu treningu borilnih ve\u0161\u010din.<br \/>\n\u25ba Po prodaji, prodajalec ni ve\u010d odgovoren za nikakr\u0161ne po\u0161kodbe, ki se lahko zgodijo zaradi napa\u010dne uporabe ali zanemarjanja teh opozoril. Novi lastnik prevzema popolno odgovornost za skrb in uporabo tega artikla.<br \/>\n\u25ba Vsakr\u0161na napa\u010dna uporaba ali nepazljivost lahko vam ali drugemu povzro\u010di resne po\u0161kodbe ali celo smrt!<br \/>\n\u25ba Ta artikel se v nobenem primeru ne sme uporabljati na drugi osebi!<\/span><\/div>\n","protected":false},"excerpt":{"rendered":"<p><span style=\"color: #002060;\"><strong>Vrhunski SHINKEN nabru\u0161en Katana me\u010d.<\/strong><\/span><\/p>\n","protected":false},"featured_media":83587,"comment_status":"open","ping_status":"closed","template":"","meta":[],"product_brand":[],"product_cat":[5384,1035,1037,977,1055],"product_tag":[],"class_list":{"0":"post-83581","1":"product","2":"type-product","3":"status-publish","4":"has-post-thumbnail","6":"product_cat-shinken-trening-katana-meci","7":"product_cat-aikido-kendo-iai-kobudo-1","8":"product_cat-ninjutsu-3","9":"product_cat-yari-no-hanzo-1","10":"product_cat-yari-no-hanzo-3","12":"first","13":"instock","14":"taxable","15":"shipping-taxable","16":"purchasable","17":"product-type-simple"},"_links":{"self":[{"href":"https:\/\/www.budoshop.si\/sl\/wp-json\/wp\/v2\/product\/83581","targetHints":{"allow":["GET"]}}],"collection":[{"href":"https:\/\/www.budoshop.si\/sl\/wp-json\/wp\/v2\/product"}],"about":[{"href":"https:\/\/www.budoshop.si\/sl\/wp-json\/wp\/v2\/types\/product"}],"replies":[{"embeddable":true,"href":"https:\/\/www.budoshop.si\/sl\/wp-json\/wp\/v2\/comments?post=83581"}],"wp:featuredmedia":[{"embeddable":true,"href":"https:\/\/www.budoshop.si\/sl\/wp-json\/wp\/v2\/media\/83587"}],"wp:attachment":[{"href":"https:\/\/www.budoshop.si\/sl\/wp-json\/wp\/v2\/media?parent=83581"}],"wp:term":[{"taxonomy":"product_brand","embeddable":true,"href":"https:\/\/www.budoshop.si\/sl\/wp-json\/wp\/v2\/product_brand?post=83581"},{"taxonomy":"product_cat","embeddable":true,"href":"https:\/\/www.budoshop.si\/sl\/wp-json\/wp\/v2\/product_cat?post=83581"},{"taxonomy":"product_tag","embeddable":true,"href":"https:\/\/www.budoshop.si\/sl\/wp-json\/wp\/v2\/product_tag?post=83581"}],"curies":[{"name":"wp","href":"https:\/\/api.w.org\/{rel}","templated":true}]}}