{"id":83251,"date":"2018-09-13T06:51:49","date_gmt":"2018-09-13T04:51:49","guid":{"rendered":"https:\/\/budoshop.si\/?product=mma-t-shirt-majica-legion-red-v-akciji"},"modified":"2024-03-18T18:57:29","modified_gmt":"2024-03-18T17:57:29","slug":"mma-t-shirt-majica-legion-red-v-akciji","status":"publish","type":"product","link":"https:\/\/www.budoshop.si\/sl\/izdelek\/mma-t-shirt-majica-legion-red-v-akciji\/","title":{"rendered":"MMA T-shirt majica &#8221;LEGION RED&#8221; &#8211; OUTLET!!!"},"content":{"rendered":"<p style=\"text-align: justify;\"><span style=\"color: #c00000; font-size: 15px;\">Ni prav veliko obla\u010dil popularnih kot so Mixed Martial Arts ali MMA majice. Legion Octagon predstavlja najbolj\u0161e med MMA abla\u010dili. Izdelane, da zadovoljijo potrebe vseh Ultimate borcev, elitnih MMA atletov, biznis bojevnikov in vseh MMA navdu\u0161encev povsod po svetu. Te majice poudarjajo kvalitete, ki jih \u017eeli tisti, ki jih nosi poudariti: \u010dvrstost, samozavest in stil. Izdelane iz 95% bomba\u017ea in 5% likre, okrogel ovratnik.<\/span><br \/>\n<span style=\"font-size: 15px;\"><span style=\"color: #c00000;\"><br \/>\n<\/span><span style=\"color: #c00000;\">Rde\u010de barve s prednjim in zadnjim barvnim tiskom. <\/span><\/span><\/p>\n<p><span style=\"color: #c00000; font-size: 15px;\"> Velikost: S<br \/>\n<\/span><\/p>\n<p style=\"text-align: justify;\"><span style=\"font-size: small; color: #c00000;\">Opomba: perite in likajte samo iz notranje strani!<\/span><\/p>\n","protected":false},"excerpt":{"rendered":"<p><span style=\"color: #002060;\"><strong>MMA majica rde\u010de barve z motivom Fight or die.<\/strong><\/span><\/p>\n","protected":false},"featured_media":83253,"comment_status":"open","ping_status":"closed","template":"","meta":[],"product_brand":[],"product_cat":[2211],"product_tag":[],"class_list":{"0":"post-83251","1":"product","2":"type-product","3":"status-publish","4":"has-post-thumbnail","6":"product_cat-nekategorizirano","7":"pa_velikost-s-sl-2","8":"pa_velikost-m-sl-2","9":"pa_velikost-l-sl-2","10":"pa_velikost-xl-sl","12":"first","13":"outofstock","14":"sale","15":"taxable","16":"shipping-taxable","17":"purchasable","18":"product-type-simple"},"_links":{"self":[{"href":"https:\/\/www.budoshop.si\/sl\/wp-json\/wp\/v2\/product\/83251","targetHints":{"allow":["GET"]}}],"collection":[{"href":"https:\/\/www.budoshop.si\/sl\/wp-json\/wp\/v2\/product"}],"about":[{"href":"https:\/\/www.budoshop.si\/sl\/wp-json\/wp\/v2\/types\/product"}],"replies":[{"embeddable":true,"href":"https:\/\/www.budoshop.si\/sl\/wp-json\/wp\/v2\/comments?post=83251"}],"wp:featuredmedia":[{"embeddable":true,"href":"https:\/\/www.budoshop.si\/sl\/wp-json\/wp\/v2\/media\/83253"}],"wp:attachment":[{"href":"https:\/\/www.budoshop.si\/sl\/wp-json\/wp\/v2\/media?parent=83251"}],"wp:term":[{"taxonomy":"product_brand","embeddable":true,"href":"https:\/\/www.budoshop.si\/sl\/wp-json\/wp\/v2\/product_brand?post=83251"},{"taxonomy":"product_cat","embeddable":true,"href":"https:\/\/www.budoshop.si\/sl\/wp-json\/wp\/v2\/product_cat?post=83251"},{"taxonomy":"product_tag","embeddable":true,"href":"https:\/\/www.budoshop.si\/sl\/wp-json\/wp\/v2\/product_tag?post=83251"}],"curies":[{"name":"wp","href":"https:\/\/api.w.org\/{rel}","templated":true}]}}