{"id":83236,"date":"2018-09-13T06:51:49","date_gmt":"2018-09-13T04:51:49","guid":{"rendered":"https:\/\/budoshop.si\/?product=varni-s-petro"},"modified":"2024-02-13T13:05:49","modified_gmt":"2024-02-13T12:05:49","slug":"varni-s-petro","status":"publish","type":"product","link":"https:\/\/www.budoshop.si\/sl\/izdelek\/varni-s-petro\/","title":{"rendered":"Varni s Petro"},"content":{"rendered":"<div style=\"text-align: justify;\">\n<p><span style=\"color: #993300; font-size: 15px;\">V sodobnem svetu na\u017ealost nasilje ni nikomur neznano. Vse ve\u010d ljudi je \u017ee izkusilo psihi\u010dno ali fizi\u010dno nasilje. Naj bo temu konec! Diplomirana trenerka borilnih ve\u0161\u010din je nosilka mojstrskega pasu 5. DAN in je v svoji dolgoletni karieri osvojila ogromno odli\u010dji, med njim 6 odli\u010dji z evropskega prvenstva, vice prvakinja Grand Slam turnirja v Tokiju itd.<\/span><\/p>\n<p><span style=\"font-size: 15px; color: #993300;\">Njena knjiga Varni s Petro je namenjena predvsem \u017eenski populaciji, a bodo v njej zagotovo na\u0161li vrednost prav vsi, ki se \u017eelijo nau\u010diti samoobrambe.<\/span><\/p>\n<p><span style=\"font-size: 15px; color: #993300;\">Iz vsebine: Predgovor, Obrambni polo\u017eaj, Ogrevanje, Ocena situacije; Obrambe: s pomo\u010djo vboda, direktni obrambni napad, proti &#8216;klofuti&#8217;, pred agresivnim rokovanjem, pred prijemom za zapestje, pred davljenjem od spredaj, pred prijemom okoli pasu od spredaj, pred davljenjem s strani, pred agresivnim prijemom okrog vratu, pred dvaljenjem od zadaj, pred prijemom okoli pasu od zadaj, pred posilstvom, Nasveti za ve\u010djo varnost.<\/span><\/p>\n<p><span style=\"font-size: 15px; color: #993300;\">42 strani, ve\u010d kot 125 barvnih fotografij, mehka vezava<\/span><\/p>\n<\/div>\n","protected":false},"excerpt":{"rendered":"<p><span style=\"color: #002060;\">Avtor: <strong>Petra NAREKS<\/strong><\/span><\/p>\n","protected":false},"featured_media":83243,"comment_status":"open","ping_status":"closed","template":"","meta":[],"product_brand":[],"product_cat":[1035,1043,1033,1031,1029,1037,1039,1041,777],"product_tag":[],"class_list":{"0":"post-83236","1":"product","2":"type-product","3":"status-publish","4":"has-post-thumbnail","6":"product_cat-aikido-kendo-iai-kobudo-1","7":"product_cat-boks-kickbox-tajski-boks-mma","8":"product_cat-ju-jitsujiu-jitsu-1","9":"product_cat-judo-1","10":"product_cat-karate-5","11":"product_cat-ninjutsu-3","12":"product_cat-taekwondo-3","13":"product_cat-tai-chi-kunf-fu-wu-shu-1","14":"product_cat-knjige-v-slovenscini","16":"first","17":"outofstock","18":"taxable","19":"shipping-taxable","20":"purchasable","21":"product-type-simple"},"_links":{"self":[{"href":"https:\/\/www.budoshop.si\/sl\/wp-json\/wp\/v2\/product\/83236","targetHints":{"allow":["GET"]}}],"collection":[{"href":"https:\/\/www.budoshop.si\/sl\/wp-json\/wp\/v2\/product"}],"about":[{"href":"https:\/\/www.budoshop.si\/sl\/wp-json\/wp\/v2\/types\/product"}],"replies":[{"embeddable":true,"href":"https:\/\/www.budoshop.si\/sl\/wp-json\/wp\/v2\/comments?post=83236"}],"wp:featuredmedia":[{"embeddable":true,"href":"https:\/\/www.budoshop.si\/sl\/wp-json\/wp\/v2\/media\/83243"}],"wp:attachment":[{"href":"https:\/\/www.budoshop.si\/sl\/wp-json\/wp\/v2\/media?parent=83236"}],"wp:term":[{"taxonomy":"product_brand","embeddable":true,"href":"https:\/\/www.budoshop.si\/sl\/wp-json\/wp\/v2\/product_brand?post=83236"},{"taxonomy":"product_cat","embeddable":true,"href":"https:\/\/www.budoshop.si\/sl\/wp-json\/wp\/v2\/product_cat?post=83236"},{"taxonomy":"product_tag","embeddable":true,"href":"https:\/\/www.budoshop.si\/sl\/wp-json\/wp\/v2\/product_tag?post=83236"}],"curies":[{"name":"wp","href":"https:\/\/api.w.org\/{rel}","templated":true}]}}