{"id":83187,"date":"2018-09-13T06:51:49","date_gmt":"2018-09-13T06:51:49","guid":{"rendered":"https:\/\/budoshop.si\/?product=otroske-boksarske-rokavice-kids"},"modified":"2026-01-09T10:01:09","modified_gmt":"2026-01-09T09:01:09","slug":"otroske-boksarske-rokavice-kids","status":"publish","type":"product","link":"https:\/\/www.budoshop.si\/sl\/izdelek\/otroske-boksarske-rokavice-kids\/","title":{"rendered":"Otro\u0161ke boksarske rokavice &#8221;KIDS modre&#8221;"},"content":{"rendered":"<p style=\"text-align: justify;\"><span style=\"color: #993300; font-size: 15px;\">Te boksarske rokavice so primerne za otroke starosti 6-11 let. Boksarske rokavice so izdelane so kvalitetnega umetnega usnja z oblazinjenjem in pritrjenim palcem, kar dobro \u0161\u010diti roko. Zapenjajo se s trakom na je\u017eka, ki zagotavlja dobro pritrditev in hitro ter enostavno natikanje in snemanje, odprtinice na dlani pa nudijo zra\u010dnost dlani. Zaradi zanimivega barvnega motiva jih bo otrok z veseljem uporabljal pri porabi vi\u0161ka svoje energije.<\/span><\/p>\n<p><span style=\"font-size: 15px; color: #993300;\">Barva: modra.<\/span><\/p>\n<p><span style=\"font-size: 15px; color: #993300;\">Velikost: 6OZ<\/span><\/p>\n<p style=\"text-align: justify;\"><span style=\"color: #c00000;\"><span style=\"color: #993300; font-size: 15px;\">Opomba: Naj va\u0161 otrok vedno trenira pod kvalificiranim nadzorom.<\/span><br \/>\n<\/span><\/p>\n<p><span style=\"color: #c00000;\">\u00a0<\/span><\/p>\n","protected":false},"excerpt":{"rendered":"<p><span style=\"color: #003366;\"><strong>Otro\u0161ke 6OZ boksarske rokavice v modri barvi.<\/strong><\/span><\/p>\n","protected":false},"featured_media":113056,"comment_status":"open","ping_status":"closed","template":"","meta":[],"product_brand":[5596],"product_cat":[1043,983,1061,967,821],"product_tag":[],"class_list":{"0":"post-83187","1":"product","2":"type-product","3":"status-publish","4":"has-post-thumbnail","6":"product_brand-kwon","7":"product_cat-boks-kickbox-tajski-boks-mma","8":"product_cat-kwon-3","9":"product_cat-kwon-5","10":"product_cat-otroske-boks-rokavice","11":"product_cat-kick-thai-boxing-rokavice","12":"pa_barva-modre-barve-sl","13":"pa_barva-roza-sl-2","15":"first","16":"instock","17":"taxable","18":"shipping-taxable","19":"purchasable","20":"product-type-simple"},"_links":{"self":[{"href":"https:\/\/www.budoshop.si\/sl\/wp-json\/wp\/v2\/product\/83187","targetHints":{"allow":["GET"]}}],"collection":[{"href":"https:\/\/www.budoshop.si\/sl\/wp-json\/wp\/v2\/product"}],"about":[{"href":"https:\/\/www.budoshop.si\/sl\/wp-json\/wp\/v2\/types\/product"}],"replies":[{"embeddable":true,"href":"https:\/\/www.budoshop.si\/sl\/wp-json\/wp\/v2\/comments?post=83187"}],"wp:featuredmedia":[{"embeddable":true,"href":"https:\/\/www.budoshop.si\/sl\/wp-json\/wp\/v2\/media\/113056"}],"wp:attachment":[{"href":"https:\/\/www.budoshop.si\/sl\/wp-json\/wp\/v2\/media?parent=83187"}],"wp:term":[{"taxonomy":"product_brand","embeddable":true,"href":"https:\/\/www.budoshop.si\/sl\/wp-json\/wp\/v2\/product_brand?post=83187"},{"taxonomy":"product_cat","embeddable":true,"href":"https:\/\/www.budoshop.si\/sl\/wp-json\/wp\/v2\/product_cat?post=83187"},{"taxonomy":"product_tag","embeddable":true,"href":"https:\/\/www.budoshop.si\/sl\/wp-json\/wp\/v2\/product_tag?post=83187"}],"curies":[{"name":"wp","href":"https:\/\/api.w.org\/{rel}","templated":true}]}}