{"id":83168,"date":"2018-09-13T06:51:49","date_gmt":"2018-09-13T04:51:49","guid":{"rendered":"https:\/\/budoshop.si\/?product=kotna-boksarska-vreca-adidas-uppercut-novo"},"modified":"2023-10-07T19:04:11","modified_gmt":"2023-10-07T17:04:11","slug":"kotna-boksarska-vreca-adidas-uppercut-novo","status":"publish","type":"product","link":"https:\/\/www.budoshop.si\/sl\/izdelek\/kotna-boksarska-vreca-adidas-uppercut-novo\/","title":{"rendered":"Kotna boksarska vre\u010da &#8221;Adidas UPPERCUT&#8221;"},"content":{"rendered":"<p style=\"text-align: justify;\"><span style=\"color: #993300; font-size: 15px;\">Ta kotna boksarska vre\u010da je izdelana iz 1.2mm debelega nubuck Maya umetnega usnja in \u0161tirih verig za obe\u0161anje. Kot vse Adidas boksarske vre\u010de je tudi ta skenirana (x-ray), da zagotovi maksimalno kvaliteto in varnost. Polnjena je s tekstilnimi obrezninami, ki zagotavljajo, da se vre\u010da ne zbije in tudi pri najbolj mo\u010dni uporabi ves \u010das ohranja svojo obliko in trdoto. Na vrhu je opremljena z veri\u017enim zapenjanjem s katerim se lahko polnilo po \u017eelji dodaja ali odvzema.<\/span><\/p>\n<p><span style=\"font-size: 15px; color: #993300;\">Zaradi svoje oblike ta vre\u010da omogo\u010da, poleg vseh klasi\u010dnih udarcev z roko in nogo, tudi posebne udarce pod razli\u010dnimi koti kot so aprekat ali udarci s koleni, kar omogo\u010da po\u0161evnost med spodnjim tanj\u0161im in zgornjim \u0161ir\u0161im delov vre\u010de.<\/span><\/p>\n<p style=\"text-align: justify;\"><span style=\"color: #993300; font-size: 15px;\">Mere: cca. 90 x 45\/35 cm x 25 kg.<\/span><\/p>\n<p><span style=\"font-size: 15px; color: #993300;\">Opomba! Dostava se zara\u010dunava posebej!<\/span><\/p>\n<p>&nbsp;<\/p>\n","protected":false},"excerpt":{"rendered":"<p><span style=\"color: #003366;\"><strong>Kotna Adidas boksarska vre\u010da za uppercut udarce.<\/strong><\/span><\/p>\n","protected":false},"featured_media":107858,"comment_status":"open","ping_status":"closed","template":"","meta":[],"product_brand":[],"product_cat":[951,1049,1043,1033,1029,1039,865],"product_tag":[],"class_list":{"0":"post-83168","1":"product","2":"type-product","3":"status-publish","4":"has-post-thumbnail","6":"product_cat-adidas-3","7":"product_cat-adidas-7","8":"product_cat-boks-kickbox-tajski-boks-mma","9":"product_cat-ju-jitsujiu-jitsu-1","10":"product_cat-karate-5","11":"product_cat-taekwondo-3","12":"product_cat-visece-vrece","14":"first","15":"instock","16":"taxable","17":"shipping-taxable","18":"purchasable","19":"product-type-simple"},"_links":{"self":[{"href":"https:\/\/www.budoshop.si\/sl\/wp-json\/wp\/v2\/product\/83168","targetHints":{"allow":["GET"]}}],"collection":[{"href":"https:\/\/www.budoshop.si\/sl\/wp-json\/wp\/v2\/product"}],"about":[{"href":"https:\/\/www.budoshop.si\/sl\/wp-json\/wp\/v2\/types\/product"}],"replies":[{"embeddable":true,"href":"https:\/\/www.budoshop.si\/sl\/wp-json\/wp\/v2\/comments?post=83168"}],"wp:featuredmedia":[{"embeddable":true,"href":"https:\/\/www.budoshop.si\/sl\/wp-json\/wp\/v2\/media\/107858"}],"wp:attachment":[{"href":"https:\/\/www.budoshop.si\/sl\/wp-json\/wp\/v2\/media?parent=83168"}],"wp:term":[{"taxonomy":"product_brand","embeddable":true,"href":"https:\/\/www.budoshop.si\/sl\/wp-json\/wp\/v2\/product_brand?post=83168"},{"taxonomy":"product_cat","embeddable":true,"href":"https:\/\/www.budoshop.si\/sl\/wp-json\/wp\/v2\/product_cat?post=83168"},{"taxonomy":"product_tag","embeddable":true,"href":"https:\/\/www.budoshop.si\/sl\/wp-json\/wp\/v2\/product_tag?post=83168"}],"curies":[{"name":"wp","href":"https:\/\/api.w.org\/{rel}","templated":true}]}}