{"id":83055,"date":"2018-09-13T06:51:49","date_gmt":"2018-09-13T06:51:49","guid":{"rendered":"https:\/\/budoshop.si\/?product=self-defence-deznik"},"modified":"2026-04-08T12:24:03","modified_gmt":"2026-04-08T10:24:03","slug":"self-defence-deznik","status":"publish","type":"product","link":"https:\/\/www.budoshop.si\/sl\/izdelek\/self-defence-deznik\/","title":{"rendered":"Self-defence de\u017enik"},"content":{"rendered":"<div style=\"text-align: justify;\">\n<p><span style=\"color: #993300; font-size: 15px;\">Od tega izjemno mo\u010dnega a elegantnega de\u017enika se boste te\u017eko lo\u010dili. Kljub njegovi trdnosti je popolnoma funkcionalen, z avtomati\u010dnim mehanizmom odpiranja. Njegova osrednja palica je prakti\u010dno nezlomljiva, prenese tudi obremenitve ve\u010d kot 70 kg. Kljub temu je de\u017enik zelo lahek, saj tehta samo 550 g, njegova skupna dol\u017eina pa je 86 cm. Premer odprtega de\u017enika pa je kar 107 cm, kar pomeni, da vas bo zagotovo dobro za\u0161\u010ditil pred vremenskimi nev\u0161e\u010dnostmi. De\u017enik se ima lahko s seboj povsod, tudi na letalu na primer ali pa v poslovni stavbi. Njegov edini kovinski del je nerjave\u010da konica. <\/span><\/p>\n<p><span style=\"font-size: 15px; color: #993300;\">Vedno elegantne in moderne \u010drne barve.<\/span><\/p>\n<p><span style=\"font-size: 15px; color: #993300;\">Dol\u017eina: 86 cm<\/span><br \/>\n<span style=\"font-size: 15px; color: #993300;\">Premer: 107 cm<\/span><br \/>\n<span style=\"font-size: 15px; color: #993300;\">Te\u017ea: 550 g<\/span><\/p>\n<\/div>\n","protected":false},"excerpt":{"rendered":"<p><span style=\"color: #002060;\"><strong>Mo\u010dan de\u017enik za vsakdanjo uporabo in samo-obrambo.<\/strong><\/span><\/p>\n","protected":false},"featured_media":83057,"comment_status":"open","ping_status":"closed","template":"","meta":[],"product_brand":[5596],"product_cat":[1035,1043,1033,1031,1029,1061,983,1037,731,923,1039,1041],"product_tag":[],"class_list":{"0":"post-83055","1":"product","2":"type-product","3":"status-publish","4":"has-post-thumbnail","6":"product_brand-kwon","7":"product_cat-aikido-kendo-iai-kobudo-1","8":"product_cat-boks-kickbox-tajski-boks-mma","9":"product_cat-ju-jitsujiu-jitsu-1","10":"product_cat-judo-1","11":"product_cat-karate-5","12":"product_cat-kwon-5","13":"product_cat-kwon-3","14":"product_cat-ninjutsu-3","15":"product_cat-ostalo-2","16":"product_cat-ostalo-5","17":"product_cat-taekwondo-3","18":"product_cat-tai-chi-kunf-fu-wu-shu-1","20":"first","21":"onbackorder","22":"taxable","23":"shipping-taxable","24":"purchasable","25":"product-type-simple"},"_links":{"self":[{"href":"https:\/\/www.budoshop.si\/sl\/wp-json\/wp\/v2\/product\/83055","targetHints":{"allow":["GET"]}}],"collection":[{"href":"https:\/\/www.budoshop.si\/sl\/wp-json\/wp\/v2\/product"}],"about":[{"href":"https:\/\/www.budoshop.si\/sl\/wp-json\/wp\/v2\/types\/product"}],"replies":[{"embeddable":true,"href":"https:\/\/www.budoshop.si\/sl\/wp-json\/wp\/v2\/comments?post=83055"}],"wp:featuredmedia":[{"embeddable":true,"href":"https:\/\/www.budoshop.si\/sl\/wp-json\/wp\/v2\/media\/83057"}],"wp:attachment":[{"href":"https:\/\/www.budoshop.si\/sl\/wp-json\/wp\/v2\/media?parent=83055"}],"wp:term":[{"taxonomy":"product_brand","embeddable":true,"href":"https:\/\/www.budoshop.si\/sl\/wp-json\/wp\/v2\/product_brand?post=83055"},{"taxonomy":"product_cat","embeddable":true,"href":"https:\/\/www.budoshop.si\/sl\/wp-json\/wp\/v2\/product_cat?post=83055"},{"taxonomy":"product_tag","embeddable":true,"href":"https:\/\/www.budoshop.si\/sl\/wp-json\/wp\/v2\/product_tag?post=83055"}],"curies":[{"name":"wp","href":"https:\/\/api.w.org\/{rel}","templated":true}]}}