{"id":83033,"date":"2018-09-13T06:51:49","date_gmt":"2018-09-13T04:51:49","guid":{"rendered":"https:\/\/budoshop.si\/?product=vrtljivi-stropni-obesalnik-za-boksarsko-vreco-novo"},"modified":"2024-05-30T11:28:05","modified_gmt":"2024-05-30T09:28:05","slug":"vrtljivi-stropni-obesalnik-za-boksarsko-vreco-novo","status":"publish","type":"product","link":"https:\/\/www.budoshop.si\/sl\/izdelek\/vrtljivi-stropni-obesalnik-za-boksarsko-vreco-novo\/","title":{"rendered":"Vrtljivi stropni obe\u0161alnik za boksarsko vre\u010do"},"content":{"rendered":"<div style=\"text-align: justify;\">\n<div style=\"text-align: justify;\"><span style=\"color: #993300; font-size: 15px;\">Stropni obe\u0161alnik z rotirajo\u010do rinko za obe\u0161anje boksarske hitre \u017eoge. <\/span><\/div>\n<div><span style=\"color: #993300; font-size: 15px;\">Primerno tudi za obe\u0161anje la\u017ejih boksraskih vre\u010d.<\/span><\/div>\n<p><span style=\"color: #993300; font-size: 15px;\">\u010crno jeklo. Vijaki niso vklju\u010deni.<\/span><\/p>\n<p><span style=\"font-size: 15px; color: #993300;\">Dimenzije: cca. 8 cm.<\/span><\/p>\n<\/div>\n","protected":false},"excerpt":{"rendered":"<p><span style=\"color: #002060;\"><strong>Vrtljivi stropni obe\u0161alnik za boksarske vre\u010de.<\/strong><\/span><\/p>\n","protected":false},"featured_media":83035,"comment_status":"open","ping_status":"closed","template":"","meta":[],"product_brand":[],"product_cat":[1043,869,1033,1029,983,1061,1039],"product_tag":[],"class_list":{"0":"post-83033","1":"product","2":"type-product","3":"status-publish","4":"has-post-thumbnail","6":"product_cat-boks-kickbox-tajski-boks-mma","7":"product_cat-dodatki-1","8":"product_cat-ju-jitsujiu-jitsu-1","9":"product_cat-karate-5","10":"product_cat-kwon-3","11":"product_cat-kwon-5","12":"product_cat-taekwondo-3","14":"first","15":"instock","16":"taxable","17":"shipping-taxable","18":"purchasable","19":"product-type-simple"},"_links":{"self":[{"href":"https:\/\/www.budoshop.si\/sl\/wp-json\/wp\/v2\/product\/83033","targetHints":{"allow":["GET"]}}],"collection":[{"href":"https:\/\/www.budoshop.si\/sl\/wp-json\/wp\/v2\/product"}],"about":[{"href":"https:\/\/www.budoshop.si\/sl\/wp-json\/wp\/v2\/types\/product"}],"replies":[{"embeddable":true,"href":"https:\/\/www.budoshop.si\/sl\/wp-json\/wp\/v2\/comments?post=83033"}],"wp:featuredmedia":[{"embeddable":true,"href":"https:\/\/www.budoshop.si\/sl\/wp-json\/wp\/v2\/media\/83035"}],"wp:attachment":[{"href":"https:\/\/www.budoshop.si\/sl\/wp-json\/wp\/v2\/media?parent=83033"}],"wp:term":[{"taxonomy":"product_brand","embeddable":true,"href":"https:\/\/www.budoshop.si\/sl\/wp-json\/wp\/v2\/product_brand?post=83033"},{"taxonomy":"product_cat","embeddable":true,"href":"https:\/\/www.budoshop.si\/sl\/wp-json\/wp\/v2\/product_cat?post=83033"},{"taxonomy":"product_tag","embeddable":true,"href":"https:\/\/www.budoshop.si\/sl\/wp-json\/wp\/v2\/product_tag?post=83033"}],"curies":[{"name":"wp","href":"https:\/\/api.w.org\/{rel}","templated":true}]}}