{"id":82997,"date":"2018-09-13T06:51:49","date_gmt":"2018-09-13T04:51:49","guid":{"rendered":"https:\/\/budoshop.si\/?product=likalnikblazilnik-oteklin-in-modric-in"},"modified":"2024-01-15T11:07:54","modified_gmt":"2024-01-15T10:07:54","slug":"likalnikblazilnik-oteklin-in-modric-in","status":"publish","type":"product","link":"https:\/\/www.budoshop.si\/sl\/izdelek\/likalnikblazilnik-oteklin-in-modric-in\/","title":{"rendered":"Likalnik\/bla\u017eilnik oteklin in modric &#8221;IN&#8221;"},"content":{"rendered":"<div style=\"text-align: justify;\"><span style=\"color: #c00000; font-size: small;\">Likalnik\/bla\u017eilnik oteklin in modric je preizku\u0161en pripomo\u010dek pri bla\u017eenju udarcev, da bi se \u010dim hitreje in \u010dim bolj prepre\u010dile otekline in udarnine. Ta VBO\u010cEN likalnik je narejen iz kvalitetnega visoko sijajnega nerjave\u010dega jekla z oblo\u017eenim ro\u010dajem za dalj\u0161o fazo hlajenja.<br \/>Likalnik oteklin je obvezen pripomo\u010dek vsakega trenerja!<\/p>\n<p>Mere: cca. 7,5 x 5 cm<\/span><\/div>\n","protected":false},"excerpt":{"rendered":"<p><span style=\"color: #002060;\"><strong>Profesionalni jekleni VBO\u010cEN bla\u017eilec oteklin in modric.<\/strong><\/span><\/p>\n","protected":false},"featured_media":83001,"comment_status":"open","ping_status":"closed","template":"","meta":[],"product_brand":[],"product_cat":[2211],"product_tag":[],"class_list":{"0":"post-82997","1":"product","2":"type-product","3":"status-publish","4":"has-post-thumbnail","6":"product_cat-nekategorizirano","8":"first","9":"outofstock","10":"taxable","11":"shipping-taxable","12":"purchasable","13":"product-type-simple"},"_links":{"self":[{"href":"https:\/\/www.budoshop.si\/sl\/wp-json\/wp\/v2\/product\/82997","targetHints":{"allow":["GET"]}}],"collection":[{"href":"https:\/\/www.budoshop.si\/sl\/wp-json\/wp\/v2\/product"}],"about":[{"href":"https:\/\/www.budoshop.si\/sl\/wp-json\/wp\/v2\/types\/product"}],"replies":[{"embeddable":true,"href":"https:\/\/www.budoshop.si\/sl\/wp-json\/wp\/v2\/comments?post=82997"}],"wp:featuredmedia":[{"embeddable":true,"href":"https:\/\/www.budoshop.si\/sl\/wp-json\/wp\/v2\/media\/83001"}],"wp:attachment":[{"href":"https:\/\/www.budoshop.si\/sl\/wp-json\/wp\/v2\/media?parent=82997"}],"wp:term":[{"taxonomy":"product_brand","embeddable":true,"href":"https:\/\/www.budoshop.si\/sl\/wp-json\/wp\/v2\/product_brand?post=82997"},{"taxonomy":"product_cat","embeddable":true,"href":"https:\/\/www.budoshop.si\/sl\/wp-json\/wp\/v2\/product_cat?post=82997"},{"taxonomy":"product_tag","embeddable":true,"href":"https:\/\/www.budoshop.si\/sl\/wp-json\/wp\/v2\/product_tag?post=82997"}],"curies":[{"name":"wp","href":"https:\/\/api.w.org\/{rel}","templated":true}]}}