{"id":82947,"date":"2018-09-13T06:51:49","date_gmt":"2018-09-13T06:51:49","guid":{"rendered":"https:\/\/budoshop.si\/?product=kung-fu-tai-chi-uniforma-traditional"},"modified":"2026-01-23T07:56:27","modified_gmt":"2026-01-23T06:56:27","slug":"kung-fu-tai-chi-uniforma-traditional","status":"publish","type":"product","link":"https:\/\/www.budoshop.si\/sl\/izdelek\/kung-fu-tai-chi-uniforma-traditional\/","title":{"rendered":"Kung Fu \/ Tai Chi uniforma &#8221;TRADITIONAL&#8221; &#8211; V AKCIJI!!!"},"content":{"rendered":"<div style=\"text-align: justify;\">\n<p><span style=\"color: #993300; font-size: 15px;\">Ta Tai Chi \/ Kung Fu uniforma je narejen iz lahkega in mehkega 100% viskoznega materiala. Tradicionalni kroj s 7 gumbi. Na koncih rokavov in hla\u010dnic se nahajajo elasti\u010dne man\u0161ete z dodatnimi majhnimi gumbi, s katerimi se prepre\u010di opletanje rokavov in hla\u010dnic. \u010crne barve. <\/span><\/p>\n<p><span style=\"color: #993300; font-size: 15px;\">V konpletu so jakna, hla\u010de in bel satenas pas.<\/span><\/p>\n<p><span style=\"color: #993300; font-size: 15px;\">Vi\u0161ina od 150 \u2013 200 cm (na 10 cm) &#8211; tudi manj\u0161e po naro\u010dilu.<\/span><\/p>\n<\/div>\n","protected":false},"excerpt":{"rendered":"<p><span style=\"color: #002060;\"><strong>Kung Fu in Tai Chi uniforma iz 100% viskoze.<\/strong><\/span><\/p>\n","protected":false},"featured_media":82951,"comment_status":"open","ping_status":"closed","template":"","meta":[],"product_brand":[5596],"product_cat":[1027,1041,679,983,1061],"product_tag":[],"class_list":{"0":"post-82947","1":"product","2":"type-product","3":"status-publish","4":"has-post-thumbnail","6":"product_brand-kwon","7":"product_cat-v-akciji-2","8":"product_cat-tai-chi-kunf-fu-wu-shu-1","9":"product_cat-kung-fu-tai-chi-uniforme","10":"product_cat-kwon-3","11":"product_cat-kwon-5","12":"pa_velikost-150-cm-sl","13":"pa_velikost-160-cm-sl","14":"pa_velikost-170-cm-sl","15":"pa_velikost-180-cm-sl","16":"pa_velikost-190-cm-sl","17":"pa_velikost-200-cm-sl","19":"first","20":"instock","21":"sale","22":"taxable","23":"shipping-taxable","24":"purchasable","25":"product-type-variable"},"_links":{"self":[{"href":"https:\/\/www.budoshop.si\/sl\/wp-json\/wp\/v2\/product\/82947","targetHints":{"allow":["GET"]}}],"collection":[{"href":"https:\/\/www.budoshop.si\/sl\/wp-json\/wp\/v2\/product"}],"about":[{"href":"https:\/\/www.budoshop.si\/sl\/wp-json\/wp\/v2\/types\/product"}],"replies":[{"embeddable":true,"href":"https:\/\/www.budoshop.si\/sl\/wp-json\/wp\/v2\/comments?post=82947"}],"wp:featuredmedia":[{"embeddable":true,"href":"https:\/\/www.budoshop.si\/sl\/wp-json\/wp\/v2\/media\/82951"}],"wp:attachment":[{"href":"https:\/\/www.budoshop.si\/sl\/wp-json\/wp\/v2\/media?parent=82947"}],"wp:term":[{"taxonomy":"product_brand","embeddable":true,"href":"https:\/\/www.budoshop.si\/sl\/wp-json\/wp\/v2\/product_brand?post=82947"},{"taxonomy":"product_cat","embeddable":true,"href":"https:\/\/www.budoshop.si\/sl\/wp-json\/wp\/v2\/product_cat?post=82947"},{"taxonomy":"product_tag","embeddable":true,"href":"https:\/\/www.budoshop.si\/sl\/wp-json\/wp\/v2\/product_tag?post=82947"}],"curies":[{"name":"wp","href":"https:\/\/api.w.org\/{rel}","templated":true}]}}