{"id":82899,"date":"2018-09-13T06:51:49","date_gmt":"2018-09-13T06:51:49","guid":{"rendered":"https:\/\/budoshop.si\/?product=trening-lutka-za-borilne-vescine-profi"},"modified":"2025-07-24T09:39:46","modified_gmt":"2025-07-24T07:39:46","slug":"trening-lutka-za-borilne-vescine-profi","status":"publish","type":"product","link":"https:\/\/www.budoshop.si\/sl\/izdelek\/trening-lutka-za-borilne-vescine-profi\/","title":{"rendered":"Trening lutka za borilne ve\u0161\u010dine &#8221;PROFI&#8221;"},"content":{"rendered":"<div style=\"text-align: justify;\">\n<p><span style=\"font-size: 15px; color: #993300;\">Trening lutka za borilne ve\u0161\u010dine je odli\u010den pripomo\u010dek za vse praktikante ve\u0161\u010din kot so Judo, Jujutsu, BJJ, MMA, rokoborba in drugih. Je odli\u010den pri vadbi tehnik metanj, vzvodov, davljen itd. Nad njim se lahko znesete z najmo\u010dnej\u0161im udarcem s kolenom, ga davite kolikor mo\u010dno \u017eelite, a ker ni ob\u010dutljiv na bole\u010dino, se nikoli ne prito\u017euje in je vedno pripravljen na &#8216;akcijo&#8217; kadarkoli si to za\u017eelimo.<br \/>\nLutka je izdelana iz visoko kvalitetneba, krepkega in s PVC prevle\u010dena umetnega usnja polnjena s te\u017ejim notranjim materialom. Natan\u010dna izdelava zagotavlja dolgo \u017eivljenjsko dobo tudi pri najmo\u010dnej\u0161ih vadbah.<\/span><\/p>\n<p><span style=\"color: #993300;\">\u010crne barve.<\/span><\/p>\n<p><span style=\"font-size: 15px; color: #993300;\">Vi\u0161ina: cca. 170 cm<\/span><br \/>\n<span style=\"font-size: 15px; color: #993300;\">Te\u017ea: cca. 20,3 kg<\/span><\/p>\n<\/div>\n<div><\/div>\n<div style=\"text-align: justify;\"><span style=\"color: #993300; font-size: 15px;\">\u00a0<\/span><\/div>\n<div style=\"text-align: justify;\"><span style=\"color: #993300; font-size: 11px;\">Opomba: Artikel se dobavlja po naro\u010dilu zato se pred naro\u010dilom pozanimajte o dobavljivosti in stro\u0161ku dostave.<\/span><\/div>\n","protected":false},"excerpt":{"rendered":"<p><span style=\"color: #002060;\"><strong>Profesionalna trening lutka za borilne ve\u0161\u010dine.<\/strong><\/span><\/p>\n","protected":false},"featured_media":82903,"comment_status":"open","ping_status":"closed","template":"","meta":[],"product_brand":[5607],"product_cat":[1043,1063,985,1033,1031,1089],"product_tag":[],"class_list":{"0":"post-82899","1":"product","2":"type-product","3":"status-publish","4":"has-post-thumbnail","6":"product_brand-danhro","7":"product_cat-boks-kickbox-tajski-boks-mma","8":"product_cat-danhro-1","9":"product_cat-danrho-1","10":"product_cat-ju-jitsujiu-jitsu-1","11":"product_cat-judo-1","12":"product_cat-trening-lutke","14":"first","15":"instock","16":"taxable","17":"shipping-taxable","18":"purchasable","19":"product-type-simple"},"_links":{"self":[{"href":"https:\/\/www.budoshop.si\/sl\/wp-json\/wp\/v2\/product\/82899","targetHints":{"allow":["GET"]}}],"collection":[{"href":"https:\/\/www.budoshop.si\/sl\/wp-json\/wp\/v2\/product"}],"about":[{"href":"https:\/\/www.budoshop.si\/sl\/wp-json\/wp\/v2\/types\/product"}],"replies":[{"embeddable":true,"href":"https:\/\/www.budoshop.si\/sl\/wp-json\/wp\/v2\/comments?post=82899"}],"wp:featuredmedia":[{"embeddable":true,"href":"https:\/\/www.budoshop.si\/sl\/wp-json\/wp\/v2\/media\/82903"}],"wp:attachment":[{"href":"https:\/\/www.budoshop.si\/sl\/wp-json\/wp\/v2\/media?parent=82899"}],"wp:term":[{"taxonomy":"product_brand","embeddable":true,"href":"https:\/\/www.budoshop.si\/sl\/wp-json\/wp\/v2\/product_brand?post=82899"},{"taxonomy":"product_cat","embeddable":true,"href":"https:\/\/www.budoshop.si\/sl\/wp-json\/wp\/v2\/product_cat?post=82899"},{"taxonomy":"product_tag","embeddable":true,"href":"https:\/\/www.budoshop.si\/sl\/wp-json\/wp\/v2\/product_tag?post=82899"}],"curies":[{"name":"wp","href":"https:\/\/api.w.org\/{rel}","templated":true}]}}