{"id":82837,"date":"2018-09-13T06:51:49","date_gmt":"2018-09-13T06:51:49","guid":{"rendered":"https:\/\/budoshop.si\/?product=karate-gi-kimono-kamikaze-kyokushinkai"},"modified":"2026-03-16T16:45:30","modified_gmt":"2026-03-16T15:45:30","slug":"karate-gi-kimono-kamikaze-kyokushinkai-1398-3","status":"publish","type":"product","link":"https:\/\/www.budoshop.si\/sl\/izdelek\/karate-gi-kimono-kamikaze-kyokushinkai-1398-3\/","title":{"rendered":"Karate Gi (Kimono) &#8221;Kamikaze KYOKUSHINKAI&#8221;"},"content":{"rendered":"<p><span style=\"color: #993300; font-size: 15px;\">Poseben Kyokushinkai Karate Kimono. Izdelan je iz srednje te\u017ekega 12oz 100% bomba\u017ea. V kompletu je jakna in hla\u010de z vrvico v pasu. Na levem prsnem delu se nahaja vezen Kyokushinkai simbol v modri barvi.<\/span><\/p>\n<p><span style=\"font-size: 15px; color: #993300;\">Vi\u0161ina: 160 &#8211; 200 cm (na 10cm)<\/span><\/p>\n<p><span style=\"font-size: x-small; color: #993300;\">Pozor! Kimono ni predprano in se pri prvem pranju lahko skr\u010di za cca. 3 %.<\/span><\/p>\n","protected":false},"excerpt":{"rendered":"<p><span style=\"color: #002060;\"><strong>Kyokushinkai model Kamikaze Karate Kimona z vezenim znakom.<\/strong><\/span><\/p>\n","protected":false},"featured_media":121797,"comment_status":"open","ping_status":"closed","template":"","meta":[],"product_brand":[5612],"product_cat":[947,1045,913,1029],"product_tag":[],"class_list":{"0":"post-82837","1":"product","2":"type-product","3":"status-publish","4":"has-post-thumbnail","6":"product_brand-kamikaze","7":"product_cat-kamikaze-3","8":"product_cat-kamikaze-5","9":"product_cat-kamikaze-1","10":"product_cat-karate-5","11":"pa_velikost-160-cm-sl","12":"pa_velikost-170-cm-sl","13":"pa_velikost-180-cm-sl","14":"pa_velikost-190-cm-sl","15":"pa_velikost-200-cm-sl","17":"first","18":"instock","19":"taxable","20":"shipping-taxable","21":"purchasable","22":"product-type-variable"},"_links":{"self":[{"href":"https:\/\/www.budoshop.si\/sl\/wp-json\/wp\/v2\/product\/82837","targetHints":{"allow":["GET"]}}],"collection":[{"href":"https:\/\/www.budoshop.si\/sl\/wp-json\/wp\/v2\/product"}],"about":[{"href":"https:\/\/www.budoshop.si\/sl\/wp-json\/wp\/v2\/types\/product"}],"replies":[{"embeddable":true,"href":"https:\/\/www.budoshop.si\/sl\/wp-json\/wp\/v2\/comments?post=82837"}],"wp:featuredmedia":[{"embeddable":true,"href":"https:\/\/www.budoshop.si\/sl\/wp-json\/wp\/v2\/media\/121797"}],"wp:attachment":[{"href":"https:\/\/www.budoshop.si\/sl\/wp-json\/wp\/v2\/media?parent=82837"}],"wp:term":[{"taxonomy":"product_brand","embeddable":true,"href":"https:\/\/www.budoshop.si\/sl\/wp-json\/wp\/v2\/product_brand?post=82837"},{"taxonomy":"product_cat","embeddable":true,"href":"https:\/\/www.budoshop.si\/sl\/wp-json\/wp\/v2\/product_cat?post=82837"},{"taxonomy":"product_tag","embeddable":true,"href":"https:\/\/www.budoshop.si\/sl\/wp-json\/wp\/v2\/product_tag?post=82837"}],"curies":[{"name":"wp","href":"https:\/\/api.w.org\/{rel}","templated":true}]}}