{"id":82781,"date":"2018-09-13T06:51:49","date_gmt":"2018-09-13T04:51:49","guid":{"rendered":"https:\/\/budoshop.si\/?product=obi-fighting-films-ijf-odprodaja"},"modified":"2024-09-12T10:48:15","modified_gmt":"2024-09-12T08:48:15","slug":"obi-fighting-films-ijf-odprodaja","status":"publish","type":"product","link":"https:\/\/www.budoshop.si\/sl\/izdelek\/obi-fighting-films-ijf-odprodaja\/","title":{"rendered":"Obi &#8221;FIGHTING FILMS IJF&#8221; &#8211; ODPRODAJA!!!"},"content":{"rendered":"<div style=\"text-align: justify;\"><span style=\"color: #c00000; font-size: small;\">Vrhunski Judo tekmovalni \u010drn pas znamke Fighting Films \u0161irine 4 cm. Narejen je iz izjemno trpe\u017enega 100% bomba\u017ea najbolj\u0161e kvalitete in zelo obstojne barve ter kar 9-krat pre\u0161it. Na pasu se nahaja vezen Adidasov logotip v beli barvi in uradni IJF znak.<\/p>\n<p><strong>Ta artikel je odobren iz strani IJF<\/strong>-a (International Judo Federation).<\/p>\n<p>Dol\u017eine: 280 cm<\/span><\/div>\n","protected":false},"excerpt":{"rendered":"<p><span style=\"color: #002060;\"><strong>IJF verificiran FF \u010drn pas.<\/strong><\/span><\/p>\n","protected":false},"featured_media":82786,"comment_status":"open","ping_status":"closed","template":"","meta":[],"product_brand":[],"product_cat":[2211],"product_tag":[],"class_list":{"0":"post-82781","1":"product","2":"type-product","3":"status-publish","4":"has-post-thumbnail","6":"product_cat-nekategorizirano","8":"first","9":"outofstock","10":"sale","11":"taxable","12":"shipping-taxable","13":"purchasable","14":"product-type-simple"},"_links":{"self":[{"href":"https:\/\/www.budoshop.si\/sl\/wp-json\/wp\/v2\/product\/82781","targetHints":{"allow":["GET"]}}],"collection":[{"href":"https:\/\/www.budoshop.si\/sl\/wp-json\/wp\/v2\/product"}],"about":[{"href":"https:\/\/www.budoshop.si\/sl\/wp-json\/wp\/v2\/types\/product"}],"replies":[{"embeddable":true,"href":"https:\/\/www.budoshop.si\/sl\/wp-json\/wp\/v2\/comments?post=82781"}],"wp:featuredmedia":[{"embeddable":true,"href":"https:\/\/www.budoshop.si\/sl\/wp-json\/wp\/v2\/media\/82786"}],"wp:attachment":[{"href":"https:\/\/www.budoshop.si\/sl\/wp-json\/wp\/v2\/media?parent=82781"}],"wp:term":[{"taxonomy":"product_brand","embeddable":true,"href":"https:\/\/www.budoshop.si\/sl\/wp-json\/wp\/v2\/product_brand?post=82781"},{"taxonomy":"product_cat","embeddable":true,"href":"https:\/\/www.budoshop.si\/sl\/wp-json\/wp\/v2\/product_cat?post=82781"},{"taxonomy":"product_tag","embeddable":true,"href":"https:\/\/www.budoshop.si\/sl\/wp-json\/wp\/v2\/product_tag?post=82781"}],"curies":[{"name":"wp","href":"https:\/\/api.w.org\/{rel}","templated":true}]}}