{"id":82725,"date":"2018-09-13T06:51:49","date_gmt":"2018-09-13T04:51:49","guid":{"rendered":"https:\/\/budoshop.si\/?product=pletena-plezalna-trening-vrv-35-m"},"modified":"2023-10-12T08:25:23","modified_gmt":"2023-10-12T06:25:23","slug":"pletena-plezalna-trening-vrv-35-m","status":"publish","type":"product","link":"https:\/\/www.budoshop.si\/sl\/izdelek\/pletena-plezalna-trening-vrv-35-m\/","title":{"rendered":"Pletena plezalna trening vrv 3,5 m"},"content":{"rendered":"<div style=\"text-align: justify;\">\n<p><span style=\"color: #993300; font-size: 15px;\">Mo\u010dna univerzalna plezalna trening vrv s kavljem za obe\u0161anje na strop. Z njo se ja\u010dajo predvsem mi\u0161ice na hrbtu in ramenih. Obvezen rekvizit vsakega Judo, Jiu-Jitsu, MMA in podobnih telovadnic.<\/span><\/p>\n<p><span style=\"font-size: 15px; color: #993300;\">Dol\u017eina: cca. 3,50 m<\/span><\/p>\n<\/div>\n","protected":false},"excerpt":{"rendered":"<p><strong><span style=\"color: #002060;\">Mo\u010dna pletena trening vrv za plezanje dol\u017eine 3,5 m.<\/span><\/strong><\/p>\n","protected":false},"featured_media":82729,"comment_status":"open","ping_status":"closed","template":"","meta":[],"product_brand":[],"product_cat":[1035,1043,1063,985,1033,1031,1029,1037,1039,1041,1129],"product_tag":[],"class_list":{"0":"post-82725","1":"product","2":"type-product","3":"status-publish","4":"has-post-thumbnail","6":"product_cat-aikido-kendo-iai-kobudo-1","7":"product_cat-boks-kickbox-tajski-boks-mma","8":"product_cat-danhro-1","9":"product_cat-danrho-1","10":"product_cat-ju-jitsujiu-jitsu-1","11":"product_cat-judo-1","12":"product_cat-karate-5","13":"product_cat-ninjutsu-3","14":"product_cat-taekwondo-3","15":"product_cat-tai-chi-kunf-fu-wu-shu-1","16":"product_cat-trening-vrvi","18":"first","19":"instock","20":"taxable","21":"shipping-taxable","22":"purchasable","23":"product-type-simple"},"_links":{"self":[{"href":"https:\/\/www.budoshop.si\/sl\/wp-json\/wp\/v2\/product\/82725","targetHints":{"allow":["GET"]}}],"collection":[{"href":"https:\/\/www.budoshop.si\/sl\/wp-json\/wp\/v2\/product"}],"about":[{"href":"https:\/\/www.budoshop.si\/sl\/wp-json\/wp\/v2\/types\/product"}],"replies":[{"embeddable":true,"href":"https:\/\/www.budoshop.si\/sl\/wp-json\/wp\/v2\/comments?post=82725"}],"wp:featuredmedia":[{"embeddable":true,"href":"https:\/\/www.budoshop.si\/sl\/wp-json\/wp\/v2\/media\/82729"}],"wp:attachment":[{"href":"https:\/\/www.budoshop.si\/sl\/wp-json\/wp\/v2\/media?parent=82725"}],"wp:term":[{"taxonomy":"product_brand","embeddable":true,"href":"https:\/\/www.budoshop.si\/sl\/wp-json\/wp\/v2\/product_brand?post=82725"},{"taxonomy":"product_cat","embeddable":true,"href":"https:\/\/www.budoshop.si\/sl\/wp-json\/wp\/v2\/product_cat?post=82725"},{"taxonomy":"product_tag","embeddable":true,"href":"https:\/\/www.budoshop.si\/sl\/wp-json\/wp\/v2\/product_tag?post=82725"}],"curies":[{"name":"wp","href":"https:\/\/api.w.org\/{rel}","templated":true}]}}