{"id":82625,"date":"2018-09-13T06:51:49","date_gmt":"2018-09-13T06:51:49","guid":{"rendered":"https:\/\/budoshop.si\/?product=modro-judo-gi-kimono-adidas-j350-blue"},"modified":"2026-02-09T17:13:57","modified_gmt":"2026-02-09T16:13:57","slug":"modro-judo-gi-kimono-adidas-j350-blue","status":"publish","type":"product","link":"https:\/\/www.budoshop.si\/sl\/izdelek\/modro-judo-gi-kimono-adidas-j350-blue\/","title":{"rendered":"Modro Judo Gi (Kimono) &#8221;Adidas J350 BLUE&#8221;"},"content":{"rendered":"<p style=\"text-align: justify;\"><span style=\"color: #993300; font-size: 15px;\">To modro Judo Kimono znamke Adidas ima mnoge zna\u010dilnosti, ki jih je sicer mo\u010d najti pri dvojno dra\u017ejih Kimonih. Narejen je iz polibomba\u017e* materiala (40% bomba\u017e \/ 60% poliester, 350 g\/m<sup>2<\/sup>) odli\u010dne kvalitete, s \u0161tevilnimi oja\u010danimi predeli reverja, ramen, prsi in kolen. Jakna ima preko ramen zna\u010dilne Adidas \u010drte v beli barvi. To je idealen izbor za vse praktikante, ki \u017eelijo odli\u010dno kvaliteto za razumen denar. <\/span><\/p>\n<p style=\"text-align: justify;\"><span style=\"color: #993300; font-size: 15px;\">V kompletu so hla\u010de z elastiko v pasu (120-150 cm), jakna zrnastega tkanja in bel pas.<\/span><\/p>\n<p style=\"text-align: justify;\"><span style=\"color: #993300; font-size: 15px;\">Vi\u0161ine: 130 \u2013 190 cm (na 10 cm)<\/span><\/p>\n<p><span style=\"color: #993300; font-size: 15px;\">Barva: modra<\/span><\/p>\n<p style=\"text-align: justify;\"><span style=\"color: #993300;\"><span style=\"font-size: small;\"><span style=\"font-size: 15px;\">* Testi raztegljivosti so pokazali, da je polibomba\u017e (me\u0161anica bomba\u017ea in poliestra) 20% mo\u010dnej\u0161i ob enaki sili in enaki kompaktnosti tkanja na m<sup>2<\/sup>, ter se po prvem pranju (30<sup>o<\/sup>) kr\u010di za 15% manj (v primerjavi s 100% bomba\u017eem).<\/span><\/span><\/span><\/p>\n<p>&nbsp;<\/p>\n<p><span style=\"font-size: 12px; color: #993300;\">Pozor! Uniforma ni predprana in se pri prvem pranju lahko skr\u010di za cca. 2 %.<\/span><\/p>\n","protected":false},"excerpt":{"rendered":"<p><span style=\"color: #002060;\"><strong>Modro 350g Judo Kimono za znamke Adidas.<\/strong><\/span><\/p>\n","protected":false},"featured_media":112936,"comment_status":"open","ping_status":"closed","template":"","meta":[],"product_brand":[5594],"product_cat":[1033,1031,919,675,1017,951,1049],"product_tag":[],"class_list":{"0":"post-82625","1":"product","2":"type-product","3":"status-publish","4":"has-post-thumbnail","6":"product_brand-adidas","7":"product_cat-ju-jitsujiu-jitsu-1","8":"product_cat-judo-1","9":"product_cat-ju-jitsu-kimona","10":"product_cat-judo-kimona","11":"product_cat-adidas-5","12":"product_cat-adidas-3","13":"product_cat-adidas-7","14":"pa_velikost-130-cm-sl","15":"pa_velikost-140-cm-sl","16":"pa_velikost-150-cm-sl","17":"pa_velikost-160-cm-sl","18":"pa_velikost-170-cm-sl","19":"pa_velikost-180-cm-sl","20":"pa_velikost-190-cm-sl","22":"first","23":"instock","24":"taxable","25":"shipping-taxable","26":"purchasable","27":"product-type-variable"},"_links":{"self":[{"href":"https:\/\/www.budoshop.si\/sl\/wp-json\/wp\/v2\/product\/82625","targetHints":{"allow":["GET"]}}],"collection":[{"href":"https:\/\/www.budoshop.si\/sl\/wp-json\/wp\/v2\/product"}],"about":[{"href":"https:\/\/www.budoshop.si\/sl\/wp-json\/wp\/v2\/types\/product"}],"replies":[{"embeddable":true,"href":"https:\/\/www.budoshop.si\/sl\/wp-json\/wp\/v2\/comments?post=82625"}],"wp:featuredmedia":[{"embeddable":true,"href":"https:\/\/www.budoshop.si\/sl\/wp-json\/wp\/v2\/media\/112936"}],"wp:attachment":[{"href":"https:\/\/www.budoshop.si\/sl\/wp-json\/wp\/v2\/media?parent=82625"}],"wp:term":[{"taxonomy":"product_brand","embeddable":true,"href":"https:\/\/www.budoshop.si\/sl\/wp-json\/wp\/v2\/product_brand?post=82625"},{"taxonomy":"product_cat","embeddable":true,"href":"https:\/\/www.budoshop.si\/sl\/wp-json\/wp\/v2\/product_cat?post=82625"},{"taxonomy":"product_tag","embeddable":true,"href":"https:\/\/www.budoshop.si\/sl\/wp-json\/wp\/v2\/product_tag?post=82625"}],"curies":[{"name":"wp","href":"https:\/\/api.w.org\/{rel}","templated":true}]}}