{"id":82503,"date":"2018-09-13T06:51:49","date_gmt":"2018-09-13T06:51:49","guid":{"rendered":"https:\/\/budoshop.si\/?product=boks-hlacke-adidas"},"modified":"2026-01-13T09:47:20","modified_gmt":"2026-01-13T08:47:20","slug":"boks-hlacke-adidas","status":"publish","type":"product","link":"https:\/\/www.budoshop.si\/sl\/izdelek\/boks-hlacke-adidas\/","title":{"rendered":"Boks hla\u010dke &#8221;ADIDAS&#8221;"},"content":{"rendered":"<div style=\"text-align: justify;\">\n<div style=\"text-align: justify;\"><span style=\"font-size: 15px; color: #993300;\">Soo\u010dite se s svojim nasprotnikom v stilu!<br \/>\nTe klasi\u010dno krojene hla\u010dke za boks po AIBA pravilih, so\u00a0<span class=\"HwtZe\" lang=\"sl\"><span class=\"jCAhz ChMk0b\"><span class=\"ryNqvb\">\u00a0izdelane iz 100 % satena (100 % poliestra) z udobno veliko, 10 cm \u0161iroko elastiko v pasu.<\/span><\/span> <span class=\"jCAhz ChMk0b\"><span class=\"ryNqvb\">Visokokakovostna in lahka tkanina DiamondFlex (110 g\/m2) zagotavlja uravnavanje vlage in se ne lepli na oznojeno ko\u017eo.<\/span><\/span> <span class=\"jCAhz ChMk0b\"><span class=\"ryNqvb\">Klasi\u010dni 3-\u010drtni dizajn ob strani hla\u010d z Adidas logotipom v spodnjem desnem kotu hla\u010d.<\/span><\/span><span class=\"jCAhz ChMk0b\"><span class=\"ryNqvb\"><br \/>\n<\/span><\/span><\/span>Hla\u010dke so izredno lahkotne in mehkobne in jih je pravi u\u017eitek nositi na treningu ali tekmovanju.<\/span><\/p>\n<div>\n<ul>\n<li><span style=\"font-size: 15px; color: #993300;\">material: 100 % poliester<\/span><\/li>\n<li><span class=\"HwtZe\" lang=\"sl\" style=\"font-size: 15px; color: #993300;\"><span class=\"jCAhz ChMk0b\"><span class=\"ryNqvb\">odli\u010dna kombinacija kakovosti in dizajna<\/span><\/span><\/span><\/li>\n<\/ul>\n<\/div>\n<\/div>\n<div style=\"text-align: justify;\"><span style=\"color: #993300; font-size: 15px;\">\u00a0<\/span><\/div>\n<div style=\"text-align: justify;\"><span style=\"color: #993300; font-size: 15px;\"><strong>V skladu z AIBA pravili!<\/strong><\/span><\/div>\n<div style=\"text-align: justify;\"><span style=\"color: #993300; font-size: 15px;\"><br \/>\nBarve: rde\u010da ali modra<br \/>\n<\/span><\/div>\n<div style=\"text-align: justify;\"><span style=\"color: #993300; font-size: 15px;\"><br \/>\nVelikosti: XXS &#8211; XS &#8211; S &#8211; M &#8211; L &#8211; XL<\/span><\/div>\n<\/div>\n","protected":false},"excerpt":{"rendered":"<p><strong><span style=\"color: #002060;\"><span id=\"dnn_ctr448_ProductPage_lstProducts_lbllistDescription_16\"><span style=\"color: #002060;\">Lahkotne AIBA Adidas hla\u010dke za boks<\/span><\/span>.<\/span><\/strong><\/p>\n","protected":false},"featured_media":82507,"comment_status":"open","ping_status":"closed","template":"","meta":[],"product_brand":[5594],"product_cat":[1043,905,951,1049],"product_tag":[],"class_list":{"0":"post-82503","1":"product","2":"type-product","3":"status-publish","4":"has-post-thumbnail","6":"product_brand-adidas","7":"product_cat-boks-kickbox-tajski-boks-mma","8":"product_cat-hlacke","9":"product_cat-adidas-3","10":"product_cat-adidas-7","11":"pa_barva-rdeca-barva-sl-2","12":"pa_barva-modre-barve-sl","13":"pa_velikost-xxs-sl","14":"pa_velikost-xs-sl","15":"pa_velikost-s-sl-2","16":"pa_velikost-m-sl-2","17":"pa_velikost-l-sl-2","18":"pa_velikost-xl-sl","20":"first","21":"instock","22":"taxable","23":"shipping-taxable","24":"purchasable","25":"product-type-variable"},"_links":{"self":[{"href":"https:\/\/www.budoshop.si\/sl\/wp-json\/wp\/v2\/product\/82503","targetHints":{"allow":["GET"]}}],"collection":[{"href":"https:\/\/www.budoshop.si\/sl\/wp-json\/wp\/v2\/product"}],"about":[{"href":"https:\/\/www.budoshop.si\/sl\/wp-json\/wp\/v2\/types\/product"}],"replies":[{"embeddable":true,"href":"https:\/\/www.budoshop.si\/sl\/wp-json\/wp\/v2\/comments?post=82503"}],"wp:featuredmedia":[{"embeddable":true,"href":"https:\/\/www.budoshop.si\/sl\/wp-json\/wp\/v2\/media\/82507"}],"wp:attachment":[{"href":"https:\/\/www.budoshop.si\/sl\/wp-json\/wp\/v2\/media?parent=82503"}],"wp:term":[{"taxonomy":"product_brand","embeddable":true,"href":"https:\/\/www.budoshop.si\/sl\/wp-json\/wp\/v2\/product_brand?post=82503"},{"taxonomy":"product_cat","embeddable":true,"href":"https:\/\/www.budoshop.si\/sl\/wp-json\/wp\/v2\/product_cat?post=82503"},{"taxonomy":"product_tag","embeddable":true,"href":"https:\/\/www.budoshop.si\/sl\/wp-json\/wp\/v2\/product_tag?post=82503"}],"curies":[{"name":"wp","href":"https:\/\/api.w.org\/{rel}","templated":true}]}}