{"id":82395,"date":"2018-09-13T06:51:49","date_gmt":"2018-09-13T06:51:49","guid":{"rendered":"https:\/\/budoshop.si\/?product=scitnik-za-zobe-adidas-opro-snap-fit"},"modified":"2026-01-13T09:57:18","modified_gmt":"2026-01-13T08:57:18","slug":"scitnik-za-zobe-adidas-opro-snap-fit-1","status":"publish","type":"product","link":"https:\/\/www.budoshop.si\/sl\/izdelek\/scitnik-za-zobe-adidas-opro-snap-fit-1\/","title":{"rendered":"\u0160\u010ditnik za zobe &#8221;ADIDAS OPRO SNAP-FIT&#8221;"},"content":{"rendered":"<div style=\"text-align: justify;\">\n<p><span style=\"font-size: 15px; color: #993300;\">Enojni \u0161\u010ditnik za zobe Adidas SNAP-FIT je zasnovan tako, da zagotavlja \u010dim bolj\u0161o varnost. \u0160\u010ditnik ima precej prednosti pred obi\u010dajnimi \u0161\u010ditniki za zobe. Je posebej oblikovan za la\u017eje dihanje in jasno govorjenje, najve\u010dja prednost pa je, da ga ni potrebno segrevati v vro\u010di vodi in prilagajati ampak se ga lahko uporabi takoj.<\/span><\/p>\n<p><span style=\"font-size: 15px; color: #993300;\">Glavne zna\u010dilnosti:<br \/>\n&#8211; ne potrebuje segrevanja za prilagajanje<br \/>\n&#8211; nudi maksimalno za\u0161\u010dito zgornje vrste zob<br \/>\n&#8211; antimikrobni<br \/>\n&#8211; zagotavlja enostavno dihanje<br \/>\n&#8211; ne omejuje govora<br \/>\n&#8211; ve\u010d barvnih kombinacij<\/span><\/p>\n<p><span style=\"font-size: 15px; color: #993300;\">Prilo\u017eena \u0161katlica z adidas logotipom zagotavlja higiensko shranjevanje. <\/span><\/p>\n<\/div>\n<div style=\"text-align: justify;\">\n<p><span style=\"font-size: 15px; color: #993300;\">Barve: bela, \u010drna, modra, rde\u010da, zelena<\/span><\/p>\n<p><span style=\"font-size: 15px; color: #993300;\">Velikost: SR<\/span><\/p>\n<p><span style=\"font-size: 15px; color: #993300;\">POZOR: Za vadbo borilnih ve\u0161\u010din in \u0161portov je potrebna za\u0161\u010dita zob, svetujemo pa, da se vsak \u0161portnik posvetuje s svojim zobozdravnikom in preveri ali je \u0161\u010ditnik primeren.<\/span><\/p>\n<\/div>\n","protected":false},"excerpt":{"rendered":"<p><span style=\"color: #002060;\"><strong>Enojni Adidas \u0161\u010ditnik za zobe za tako\u0161njo uporabo brez segrevanja.<\/strong><\/span><\/p>\n","protected":false},"featured_media":82397,"comment_status":"open","ping_status":"closed","template":"","meta":[],"product_brand":[5594],"product_cat":[1049,951,1043,1029,903,1039],"product_tag":[],"class_list":{"0":"post-82395","1":"product","2":"type-product","3":"status-publish","4":"has-post-thumbnail","6":"product_brand-adidas","7":"product_cat-adidas-7","8":"product_cat-adidas-3","9":"product_cat-boks-kickbox-tajski-boks-mma","10":"product_cat-karate-5","11":"product_cat-scitniki-za-zobe","12":"product_cat-taekwondo-3","13":"pa_barva-bele-barve-sl","14":"pa_barva-crne-barve-sl-2","15":"pa_barva-modre-barve-sl","16":"pa_barva-rdeca-barva-sl-2","17":"pa_barva-zelene-barve-sl","19":"first","20":"instock","21":"taxable","22":"shipping-taxable","23":"purchasable","24":"product-type-variable"},"_links":{"self":[{"href":"https:\/\/www.budoshop.si\/sl\/wp-json\/wp\/v2\/product\/82395","targetHints":{"allow":["GET"]}}],"collection":[{"href":"https:\/\/www.budoshop.si\/sl\/wp-json\/wp\/v2\/product"}],"about":[{"href":"https:\/\/www.budoshop.si\/sl\/wp-json\/wp\/v2\/types\/product"}],"replies":[{"embeddable":true,"href":"https:\/\/www.budoshop.si\/sl\/wp-json\/wp\/v2\/comments?post=82395"}],"wp:featuredmedia":[{"embeddable":true,"href":"https:\/\/www.budoshop.si\/sl\/wp-json\/wp\/v2\/media\/82397"}],"wp:attachment":[{"href":"https:\/\/www.budoshop.si\/sl\/wp-json\/wp\/v2\/media?parent=82395"}],"wp:term":[{"taxonomy":"product_brand","embeddable":true,"href":"https:\/\/www.budoshop.si\/sl\/wp-json\/wp\/v2\/product_brand?post=82395"},{"taxonomy":"product_cat","embeddable":true,"href":"https:\/\/www.budoshop.si\/sl\/wp-json\/wp\/v2\/product_cat?post=82395"},{"taxonomy":"product_tag","embeddable":true,"href":"https:\/\/www.budoshop.si\/sl\/wp-json\/wp\/v2\/product_tag?post=82395"}],"curies":[{"name":"wp","href":"https:\/\/api.w.org\/{rel}","templated":true}]}}