{"id":82083,"date":"2018-09-13T06:51:49","date_gmt":"2018-09-13T06:51:49","guid":{"rendered":"https:\/\/budoshop.si\/?product=trening-copati-za-borilne-vescine"},"modified":"2026-01-09T10:11:44","modified_gmt":"2026-01-09T09:11:44","slug":"trening-copati-za-borilne-vescine","status":"publish","type":"product","link":"https:\/\/www.budoshop.si\/sl\/izdelek\/trening-copati-za-borilne-vescine\/","title":{"rendered":"TRENING copati za borilne ve\u0161\u010dine"},"content":{"rendered":"<div style=\"text-align: justify;\">\n<p><span style=\"font-size: 15px; color: #993300;\">Lahkotni copati za trening borilnih ve\u0161\u010din. Izdelani so iz trpe\u017enega 100% canvas platna, z notranjim delom iz 100% bomba\u017ea in s pro\u017enim gumijastim podplatom s profilom, ki zagotavlja odli\u010den kontakt s tlemi. Zavezovanje z vezalkami. Copati so na prednjem delu gumirani, da omogo\u010dajo ve\u010dje obremenitve. Zaradi lahkotnosti dajejo ob\u010dutek kot bi bili bosi in zato nudijo optimalen u\u010dinek treninga borilnih ve\u0161\u010din kot so Wing Chun, Tai Chi Chuan, Qi Gong, Karate in drugih. Kontrastne \u010drte na stranskem delu in print kitajske pismenke na zadnjem delu delajo copate tudi atraktivne. Zaradi materialov izdelave so copati pralni.<\/span><br \/>\n<span style=\"font-size: 15px; color: #993300;\">SESTAVA: Zgornji del: drugi materiali; Podloga in vlo\u017eek: tekstil; Podplat: umetni material <\/span><\/p>\n<p><span style=\"font-size: 15px; color: #993300;\">Barve: bele ali \u010drne.<\/span><\/p>\n<p><span style=\"font-size: 15px; color: #993300;\">\u0160tevilke: 35 &#8211; 47.<\/span><\/p>\n<p>&nbsp;<\/p>\n<\/div>\n","protected":false},"excerpt":{"rendered":"<p><span style=\"color: #002060;\"><strong>Lahki trening copati za borilne ve\u0161\u010dine bele ali \u010drne barve.<\/strong><\/span><\/p>\n","protected":false},"featured_media":82087,"comment_status":"open","ping_status":"closed","template":"","meta":[],"product_brand":[5596],"product_cat":[1029,1041,957,963,983,1061],"product_tag":[],"class_list":{"0":"post-82083","1":"product","2":"type-product","3":"status-publish","4":"has-post-thumbnail","6":"product_brand-kwon","7":"product_cat-karate-5","8":"product_cat-tai-chi-kunf-fu-wu-shu-1","9":"product_cat-karate-taekwondo-copati","10":"product_cat-ostalo-6","11":"product_cat-kwon-3","12":"product_cat-kwon-5","13":"pa_barva-bele-barve-sl","14":"pa_barva-crne-barve-sl-2","15":"pa_velikost-35-sl","16":"pa_velikost-36-sl","17":"pa_velikost-37-sl","18":"pa_velikost-38-sl","19":"pa_velikost-39-sl","20":"pa_velikost-40-sl","21":"pa_velikost-41-sl","22":"pa_velikost-42-sl","23":"pa_velikost-43-sl","24":"pa_velikost-44-sl","25":"pa_velikost-45-sl","26":"pa_velikost-46-sl","27":"pa_velikost-47-sl","29":"first","30":"instock","31":"taxable","32":"shipping-taxable","33":"purchasable","34":"product-type-variable"},"_links":{"self":[{"href":"https:\/\/www.budoshop.si\/sl\/wp-json\/wp\/v2\/product\/82083","targetHints":{"allow":["GET"]}}],"collection":[{"href":"https:\/\/www.budoshop.si\/sl\/wp-json\/wp\/v2\/product"}],"about":[{"href":"https:\/\/www.budoshop.si\/sl\/wp-json\/wp\/v2\/types\/product"}],"replies":[{"embeddable":true,"href":"https:\/\/www.budoshop.si\/sl\/wp-json\/wp\/v2\/comments?post=82083"}],"wp:featuredmedia":[{"embeddable":true,"href":"https:\/\/www.budoshop.si\/sl\/wp-json\/wp\/v2\/media\/82087"}],"wp:attachment":[{"href":"https:\/\/www.budoshop.si\/sl\/wp-json\/wp\/v2\/media?parent=82083"}],"wp:term":[{"taxonomy":"product_brand","embeddable":true,"href":"https:\/\/www.budoshop.si\/sl\/wp-json\/wp\/v2\/product_brand?post=82083"},{"taxonomy":"product_cat","embeddable":true,"href":"https:\/\/www.budoshop.si\/sl\/wp-json\/wp\/v2\/product_cat?post=82083"},{"taxonomy":"product_tag","embeddable":true,"href":"https:\/\/www.budoshop.si\/sl\/wp-json\/wp\/v2\/product_tag?post=82083"}],"curies":[{"name":"wp","href":"https:\/\/api.w.org\/{rel}","templated":true}]}}