{"id":81972,"date":"2018-09-13T06:51:49","date_gmt":"2018-09-13T06:51:49","guid":{"rendered":"https:\/\/budoshop.si\/?product=komplet-karate-rokavic-in-scitnikov-adidas-kumite-wkf"},"modified":"2026-03-02T08:26:20","modified_gmt":"2026-03-02T07:26:20","slug":"komplet-karate-rokavic-in-scitnikov-adidas-kumite-wkf","status":"publish","type":"product","link":"https:\/\/www.budoshop.si\/sl\/izdelek\/komplet-karate-rokavic-in-scitnikov-adidas-kumite-wkf\/","title":{"rendered":"Komplet Karate rokavic in \u0161\u010ditnikov &#8221;Adidas KUMITE WKF&#8221;"},"content":{"rendered":"<div style=\"text-align: justify;\"><span style=\"color: #993300; font-size: 15px;\">Karate komplet vsebuje:<\/span><\/div>\n<div style=\"text-align: justify;\"><span style=\"color: #993300; font-size: 15px;\"><br \/>\n&#8211; Karate rokavice &#8216;Adidas KUMITE WKF&#8217;<\/span><\/div>\n<div style=\"text-align: justify;\">\n<p><span style=\"color: #993300; font-size: 15px;\">&#8211; Karate \u0161\u010ditnik za pi\u0161\u010dal in stopalo &#8216;Adidas KUMITE&#8217;<\/span><\/p>\n<p><span style=\"font-size: 15px; color: #993300;\"><strong>Ti artikli so odobreni iz strani WKF<\/strong>-a (World Karate Federation)!<\/span><\/p>\n<p><span style=\"font-size: 15px; color: #993300;\">Ustreza CE standardom!<\/span><\/p>\n<p><span style=\"font-size: 15px; color: #993300;\">Barve: rde\u010da ali modra.<\/span><\/p>\n<p><span style=\"font-size: 15px; color: #993300;\">Velikosti: S &#8211; M &#8211; L \u2013 XL.<\/span><\/p>\n<p>&nbsp;<\/p>\n<\/div>\n","protected":false},"excerpt":{"rendered":"<p><span style=\"color: #002060;\"><strong>Komplet modrih ali rde\u010dih Adidas WKF Karate ROKAVIC in \u0160\u010cITNIKOV ZA NOGE.<\/strong><\/span><\/p>\n","protected":false},"featured_media":118133,"comment_status":"open","ping_status":"closed","template":"","meta":[],"product_brand":[5594],"product_cat":[1029,927,877,817,899,951,1049],"product_tag":[],"class_list":{"0":"post-81972","1":"product","2":"type-product","3":"status-publish","4":"has-post-thumbnail","6":"product_brand-adidas","7":"product_cat-karate-5","8":"product_cat-v-akciji","9":"product_cat-karate-set","10":"product_cat-karate-in-jujitsu-rokavice","11":"product_cat-scitniki-za-piscali","12":"product_cat-adidas-3","13":"product_cat-adidas-7","14":"pa_barva-rdeca-barva-sl-2","15":"pa_barva-modre-barve-sl","16":"pa_velikost-s-sl-2","17":"pa_velikost-m-sl-2","18":"pa_velikost-l-sl-2","19":"pa_velikost-xl-sl","21":"first","22":"instock","23":"sale","24":"taxable","25":"shipping-taxable","26":"purchasable","27":"product-type-variable"},"_links":{"self":[{"href":"https:\/\/www.budoshop.si\/sl\/wp-json\/wp\/v2\/product\/81972","targetHints":{"allow":["GET"]}}],"collection":[{"href":"https:\/\/www.budoshop.si\/sl\/wp-json\/wp\/v2\/product"}],"about":[{"href":"https:\/\/www.budoshop.si\/sl\/wp-json\/wp\/v2\/types\/product"}],"replies":[{"embeddable":true,"href":"https:\/\/www.budoshop.si\/sl\/wp-json\/wp\/v2\/comments?post=81972"}],"wp:featuredmedia":[{"embeddable":true,"href":"https:\/\/www.budoshop.si\/sl\/wp-json\/wp\/v2\/media\/118133"}],"wp:attachment":[{"href":"https:\/\/www.budoshop.si\/sl\/wp-json\/wp\/v2\/media?parent=81972"}],"wp:term":[{"taxonomy":"product_brand","embeddable":true,"href":"https:\/\/www.budoshop.si\/sl\/wp-json\/wp\/v2\/product_brand?post=81972"},{"taxonomy":"product_cat","embeddable":true,"href":"https:\/\/www.budoshop.si\/sl\/wp-json\/wp\/v2\/product_cat?post=81972"},{"taxonomy":"product_tag","embeddable":true,"href":"https:\/\/www.budoshop.si\/sl\/wp-json\/wp\/v2\/product_tag?post=81972"}],"curies":[{"name":"wp","href":"https:\/\/api.w.org\/{rel}","templated":true}]}}