{"id":81801,"date":"2018-09-13T06:51:49","date_gmt":"2018-09-13T06:51:49","guid":{"rendered":"https:\/\/budoshop.si\/?product=taekwondo-kickboxing-celada-adi-zero-v-akciji"},"modified":"2025-10-13T12:56:48","modified_gmt":"2025-10-13T10:56:48","slug":"taekwondo-kickboxing-celada-adi-zero-v-akciji","status":"publish","type":"product","link":"https:\/\/www.budoshop.si\/sl\/izdelek\/taekwondo-kickboxing-celada-adi-zero-v-akciji\/","title":{"rendered":"Kickboxing\/Taekwondo \u010delada &#8221;ADIDAS&#8221;"},"content":{"rendered":"<div style=\"text-align: justify;\">\n<p><span style=\"font-size: 15px; color: #993300;\">Nova razli\u010dica Adidas Kickbox je zahvaljujo\u010d uliti peni izredno lahko, pravzaprav ena najla\u017ejih v svoji kategoriji. Ulita pena ne izra\u017ea le stila temve\u010d zagotavlja tudi najbolj\u0161o za\u0161\u010dito. Edinstvena pena kontrolirane gostote je zasnovana tako, da absorbira in razpr\u0161i silo udarca v glavo. Skozi odprtine na vrhu in s strani \u010delade je zra\u010denje zagotovljeno, vdrtine za u\u0161esa prepre\u010dujejo neprijeten pritisk na u\u0161esa in ne omejujejo sluha. Za dobro pritrditev in optimalno prilagoditev se \u010delada zapenja s trakom, ki se nahaja pod brado in dodatnim trakom na zadnjem delu. Tako zunanji kot notranji del \u010delade je pralen, kar zagotavlja najve\u010djo higieni\u010dnost.<br \/>\nIzdelana v Evropi z nem\u0161kimi komponentami, zasnovan za kickboxing, ITF taekwondo in druge borilne ve\u0161\u010din. Dobavljiva skupaj z vre\u010dko iz recikliranega blaga.<\/span><\/p>\n<p><span style=\"font-size: 15px; color: #993300;\">Barve: RDE\u010cA in MODRA.<\/span><\/p>\n<p><span style=\"font-size: 15px; color: #993300;\"><span class=\"HwtZe\" lang=\"sl\"><span class=\"jCAhz ChMk0b\"><span class=\"ryNqvb\">Za maksimalno za\u0161\u010dito uporabite ustrezen \u0161\u010ditnik za va\u0161o vi\u0161ino, v skladu z naslednjo tabelo:<\/span><\/span><\/span>:<\/span><\/p>\n<p><span style=\"font-size: 15px; color: #993300;\">Velikosti:<\/span><br \/>\n<span style=\"font-size: 15px; color: #993300;\">S &#8211; obseg glave 52-55 cm<br \/>\nM &#8211; obseg glave 55-58 cm<br \/>\nL &#8211; obseg glave 58+ cm<br \/>\n<\/span><\/p>\n<p><span style=\"font-size: 15px; color: #993300;\">Ta artikel je odobren iz strani <strong>WT<\/strong>-a (World Taekwondo Federation) in <strong>WAKO<\/strong> (World Association of Kickboxing Organizations).<\/span><\/p>\n<p>&nbsp;<\/p>\n<\/div>\n","protected":false},"excerpt":{"rendered":"<p><span style=\"color: #002060;\"><strong>Ultra lahka Adidas KICKBOXING in\/ali TAEKWONDO \u010delada.<\/strong><\/span><\/p>\n","protected":false},"featured_media":108625,"comment_status":"open","ping_status":"closed","template":"","meta":[],"product_brand":[5594],"product_cat":[1043,1039,927,769,951,1049],"product_tag":[],"class_list":{"0":"post-81801","1":"product","2":"type-product","3":"status-publish","4":"has-post-thumbnail","6":"product_brand-adidas","7":"product_cat-boks-kickbox-tajski-boks-mma","8":"product_cat-taekwondo-3","9":"product_cat-v-akciji","10":"product_cat-scitniki-za-glavo","11":"product_cat-adidas-3","12":"product_cat-adidas-7","13":"pa_barva-rdeca-barva-sl-2","14":"pa_barva-modre-barve-sl","15":"pa_velikost-s-sl-2","16":"pa_velikost-m-sl-2","17":"pa_velikost-l-sl-2","19":"first","20":"instock","21":"taxable","22":"shipping-taxable","23":"purchasable","24":"product-type-variable"},"_links":{"self":[{"href":"https:\/\/www.budoshop.si\/sl\/wp-json\/wp\/v2\/product\/81801","targetHints":{"allow":["GET"]}}],"collection":[{"href":"https:\/\/www.budoshop.si\/sl\/wp-json\/wp\/v2\/product"}],"about":[{"href":"https:\/\/www.budoshop.si\/sl\/wp-json\/wp\/v2\/types\/product"}],"replies":[{"embeddable":true,"href":"https:\/\/www.budoshop.si\/sl\/wp-json\/wp\/v2\/comments?post=81801"}],"wp:featuredmedia":[{"embeddable":true,"href":"https:\/\/www.budoshop.si\/sl\/wp-json\/wp\/v2\/media\/108625"}],"wp:attachment":[{"href":"https:\/\/www.budoshop.si\/sl\/wp-json\/wp\/v2\/media?parent=81801"}],"wp:term":[{"taxonomy":"product_brand","embeddable":true,"href":"https:\/\/www.budoshop.si\/sl\/wp-json\/wp\/v2\/product_brand?post=81801"},{"taxonomy":"product_cat","embeddable":true,"href":"https:\/\/www.budoshop.si\/sl\/wp-json\/wp\/v2\/product_cat?post=81801"},{"taxonomy":"product_tag","embeddable":true,"href":"https:\/\/www.budoshop.si\/sl\/wp-json\/wp\/v2\/product_tag?post=81801"}],"curies":[{"name":"wp","href":"https:\/\/api.w.org\/{rel}","templated":true}]}}