{"id":81660,"date":"2018-09-13T06:51:49","date_gmt":"2018-09-13T04:51:49","guid":{"rendered":"https:\/\/budoshop.si\/?product=otroska-boksarska-vreca-tiger"},"modified":"2023-10-10T15:55:47","modified_gmt":"2023-10-10T13:55:47","slug":"otroska-boksarska-vreca-tiger","status":"publish","type":"product","link":"https:\/\/www.budoshop.si\/sl\/izdelek\/otroska-boksarska-vreca-tiger\/","title":{"rendered":"Otro\u0161ka boksarska vre\u010da &#8221;TIGER&#8221;"},"content":{"rendered":"<div style=\"text-align: justify;\">\n<p><span style=\"color: #993300; font-size: 15px;\">Boksarska vre\u010da primerna za otroke starosti 10-14 let. Izdelana je iz 100% umetnega usnja in polnjena s tekstilnimi obrezninami, ki zagotavljajo, da se vre\u010da &#8216;ne zbija&#8217;, hranja svojo obliko in omogo\u010da konstantno \u010dvrstost. Na vrhu je vre\u010da opremljena z zadrgo, ki omogo\u010da prosto dodajanje\/odvzemanje materiala iz vre\u010de. Vre\u010do se na stojalo obesi z enostavno rinko. \u010crno-rde\u010d dizajn z motivom tigra na sredini dela vre\u010do \u0161e posebej atraktivno.<\/span><\/p>\n<p><span style=\"font-size: 15px; color: #993300;\">Mere: cca. 25 x 70 cm<\/span><br \/>\n<span style=\"font-size: 15px; color: #993300;\">Te\u017ea: cca. 10 kg<\/span><\/p>\n<p>&nbsp;<\/p>\n<\/div>\n","protected":false},"excerpt":{"rendered":"<p><span style=\"color: #002060;\"><strong>Otro\u0161ka boksarska vre\u010da.<\/strong><\/span><\/p>\n","protected":false},"featured_media":81663,"comment_status":"open","ping_status":"closed","template":"","meta":[],"product_brand":[],"product_cat":[5431,1043,1033,1029,1039,1041,865,983,1061],"product_tag":[],"class_list":{"0":"post-81660","1":"product","2":"type-product","3":"status-publish","4":"has-post-thumbnail","6":"product_cat-otroske-boksarske-vrece","7":"product_cat-boks-kickbox-tajski-boks-mma","8":"product_cat-ju-jitsujiu-jitsu-1","9":"product_cat-karate-5","10":"product_cat-taekwondo-3","11":"product_cat-tai-chi-kunf-fu-wu-shu-1","12":"product_cat-visece-vrece","13":"product_cat-kwon-3","14":"product_cat-kwon-5","16":"first","17":"instock","18":"taxable","19":"shipping-taxable","20":"purchasable","21":"product-type-simple"},"_links":{"self":[{"href":"https:\/\/www.budoshop.si\/sl\/wp-json\/wp\/v2\/product\/81660","targetHints":{"allow":["GET"]}}],"collection":[{"href":"https:\/\/www.budoshop.si\/sl\/wp-json\/wp\/v2\/product"}],"about":[{"href":"https:\/\/www.budoshop.si\/sl\/wp-json\/wp\/v2\/types\/product"}],"replies":[{"embeddable":true,"href":"https:\/\/www.budoshop.si\/sl\/wp-json\/wp\/v2\/comments?post=81660"}],"wp:featuredmedia":[{"embeddable":true,"href":"https:\/\/www.budoshop.si\/sl\/wp-json\/wp\/v2\/media\/81663"}],"wp:attachment":[{"href":"https:\/\/www.budoshop.si\/sl\/wp-json\/wp\/v2\/media?parent=81660"}],"wp:term":[{"taxonomy":"product_brand","embeddable":true,"href":"https:\/\/www.budoshop.si\/sl\/wp-json\/wp\/v2\/product_brand?post=81660"},{"taxonomy":"product_cat","embeddable":true,"href":"https:\/\/www.budoshop.si\/sl\/wp-json\/wp\/v2\/product_cat?post=81660"},{"taxonomy":"product_tag","embeddable":true,"href":"https:\/\/www.budoshop.si\/sl\/wp-json\/wp\/v2\/product_tag?post=81660"}],"curies":[{"name":"wp","href":"https:\/\/api.w.org\/{rel}","templated":true}]}}