{"id":81404,"date":"2018-09-13T06:51:49","date_gmt":"2018-09-13T06:51:49","guid":{"rendered":"https:\/\/budoshop.si\/?product=katana-saito"},"modified":"2026-03-11T08:17:33","modified_gmt":"2026-03-11T07:17:33","slug":"katana-saito","status":"publish","type":"product","link":"https:\/\/www.budoshop.si\/sl\/izdelek\/katana-saito\/","title":{"rendered":"Katana &#8221;SAITO&#8221;"},"content":{"rendered":"<div style=\"text-align: justify;\">\n<p><span style=\"color: #993300; font-size: 15px;\">Izredno kvaliteten KOVAN Saito Katana me\u010d. Odlikuje ga izredno kvalitetno kovano rezilo izdelano iz 1060 high carbon jekla. Tsuka in Saya sta narejeni iz \u010dvrstega lesa, povitje Tsuke pa je narejeno iz pravega usnja in trdno vezan preko pravega ribjega usnja.<br \/>\nMe\u010d ni nabru\u0161en, se ga pa lahko nabrusi.<br \/>\nVsak me\u010d se razlikuje od drugega, saj so izdelani ro\u010dno. Me\u010d se za la\u017eje vzdr\u017eevanje lahko popolnoma razstavi.<br \/>\nMe\u010d se za la\u017eje vzdr\u017eevanje lahko popolnoma razstavi.<\/span><\/p>\n<p><span style=\"font-size: 15px; color: #993300;\">Nenabru\u0161en ali bru\u0161en (zahteva nekaj dni za dobavo).<\/span><\/p>\n<p><span style=\"font-size: 15px; color: #993300;\">Detajli:<\/span><\/p>\n<p><span style=\"font-size: 15px; color: #993300;\">Jeklo: kovano 1060 High Carbon Steel<\/span><br \/>\n<span style=\"font-size: 15px; color: #993300;\">NAGASA (dol\u017eina rezila): 70 cm (72 cm s Habaki-jem)<\/span><br \/>\n<span style=\"font-size: 15px; color: #993300;\">HAMON (motiv ostrine): Notare<\/span><br \/>\n<span style=\"font-size: 15px; color: #993300;\">SORI (ukrivljenost): 2,00 cm <\/span><br \/>\n<span style=\"font-size: 15px; color: #993300;\">HABAKI (zapiralo): baker s HI-jem<\/span><br \/>\n<span style=\"font-size: 15px; color: #993300;\">SEPPA &amp; SHITADOME: baker<\/span><br \/>\n<span style=\"font-size: 15px; color: #993300;\">TSUKA (ro\u010daj): 27 cm <\/span><br \/>\n<span style=\"font-size: 15px; color: #993300;\">TSUKA ITO (navitje ro\u010daja): <strong>\u010drno usnje<\/strong><\/span><br \/>\n<span style=\"font-size: 15px; color: #993300;\">SAME (podloga ro\u010daja): pravo ribje usnje<\/span><br \/>\n<span style=\"font-size: 15px; color: #993300;\">TSUBA (\u0161\u010ditnik): Mokkogata<\/span><br \/>\n<span style=\"font-size: 15px; color: #993300;\">BOHI (\u017eleb v rezilu): DA<\/span><br \/>\n<span style=\"font-size: 15px; color: #993300;\">SAYA (no\u017enica): 76 cm \u010drno lakiran Kuroro les<\/span><br \/>\n<span style=\"font-size: 15px; color: #993300;\">SAGEO (vrvica): NE<\/span><br \/>\n<span style=\"font-size: 15px; color: #993300;\">MEKUGI (zati\u010d): bambusov 2X<\/span><\/p>\n<p><span style=\"font-size: 15px; color: #993300;\">Te\u017ea: cca. 1.370 g (s Sayo), 1.110 g (brez Saye)<\/span><\/p>\n<p><span style=\"font-size: 15px; color: #993300;\">Darilo: bomba\u017ena prenosna torba!<\/span><\/p>\n<p><span style=\"font-size: 15px; color: #993300;\">TA ARTIKEL PRODAJAMO SAMO POLNOLETNIM OSEBAM!!!<\/span><\/p>\n<\/div>\n<div style=\"text-align: justify;\"><\/div>\n<div style=\"text-align: justify;\"><span style=\"color: #993300; font-size: 15px;\">\u00a0<\/span><\/div>\n<div style=\"text-align: justify;\">\n<p><span style=\"color: #993300; font-size: 11px;\">Opozorilo!<br \/>\n\u25ba Artikel je namenjen samo dekorativni uporabi oziroma osebnemu treningu borilnih ve\u0161\u010din.<br \/>\n\u25ba Po prodaji, prodajalec ni ve\u010d odgovoren za nikakr\u0161ne po\u0161kodbe, ki se lahko zgodijo zaradi napa\u010dne uporabe ali zanemarjanja teh opozoril. Novi lastnik prevzema popolno odgovornost za skrb in uporabo tega artikla.<br \/>\n\u25ba Vsakr\u0161na napa\u010dna uporaba ali nepazljivost lahko vam ali drugemu povzro\u010di resne po\u0161kodbe ali celo smrt!<br \/>\n\u25ba Ta artikel se v nobenem primeru ne sme uporabljati na drugi osebi!<\/span><\/p>\n<\/div>\n","protected":false},"excerpt":{"rendered":"<p><span style=\"color: #002060;\"><strong>Kovan Katana me\u010d z usnjenin povitjem ro\u010daja.<\/strong><\/span><\/p>\n","protected":false},"featured_media":81408,"comment_status":"open","ping_status":"closed","template":"","meta":[],"product_brand":[5600],"product_cat":[1035,5383,1037,5384,1055,977],"product_tag":[],"class_list":{"0":"post-81404","1":"product","2":"type-product","3":"status-publish","4":"has-post-thumbnail","6":"product_brand-yari-no-hanzo","7":"product_cat-aikido-kendo-iai-kobudo-1","8":"product_cat-iaito-trening-katana-meci","9":"product_cat-ninjutsu-3","10":"product_cat-shinken-trening-katana-meci","11":"product_cat-yari-no-hanzo-3","12":"product_cat-yari-no-hanzo-1","13":"pa_model-nabrusen-sl","14":"pa_model-nenabrusen-sl","16":"first","17":"outofstock","18":"taxable","19":"shipping-taxable","20":"purchasable","21":"product-type-variable"},"_links":{"self":[{"href":"https:\/\/www.budoshop.si\/sl\/wp-json\/wp\/v2\/product\/81404","targetHints":{"allow":["GET"]}}],"collection":[{"href":"https:\/\/www.budoshop.si\/sl\/wp-json\/wp\/v2\/product"}],"about":[{"href":"https:\/\/www.budoshop.si\/sl\/wp-json\/wp\/v2\/types\/product"}],"replies":[{"embeddable":true,"href":"https:\/\/www.budoshop.si\/sl\/wp-json\/wp\/v2\/comments?post=81404"}],"wp:featuredmedia":[{"embeddable":true,"href":"https:\/\/www.budoshop.si\/sl\/wp-json\/wp\/v2\/media\/81408"}],"wp:attachment":[{"href":"https:\/\/www.budoshop.si\/sl\/wp-json\/wp\/v2\/media?parent=81404"}],"wp:term":[{"taxonomy":"product_brand","embeddable":true,"href":"https:\/\/www.budoshop.si\/sl\/wp-json\/wp\/v2\/product_brand?post=81404"},{"taxonomy":"product_cat","embeddable":true,"href":"https:\/\/www.budoshop.si\/sl\/wp-json\/wp\/v2\/product_cat?post=81404"},{"taxonomy":"product_tag","embeddable":true,"href":"https:\/\/www.budoshop.si\/sl\/wp-json\/wp\/v2\/product_tag?post=81404"}],"curies":[{"name":"wp","href":"https:\/\/api.w.org\/{rel}","templated":true}]}}