{"id":81378,"date":"2018-09-13T06:51:49","date_gmt":"2018-09-13T04:51:49","guid":{"rendered":"https:\/\/budoshop.si\/?product=stretching"},"modified":"2024-02-13T13:02:56","modified_gmt":"2024-02-13T12:02:56","slug":"stretching","status":"publish","type":"product","link":"https:\/\/www.budoshop.si\/sl\/izdelek\/stretching\/","title":{"rendered":"Stretching"},"content":{"rendered":"<div style=\"text-align: justify;\">\n<p><span style=\"color: #993300; font-size: 15px;\">Pred vami je ena najpopularnej\u0161ih knjig o fitnesu, vseh \u010dasov. Originalna izdaja je bila v svetu prodana v ve\u010d kot treh milijonih izvodih in prevedena vsaj v 20 jezikov.<br \/>\nStretching je v zadnjem desetletju tudi pri nas postal zelo popularna metoda za razvijanje gibljivosti ali kot dopolnilo na trenungu za sprostitev mi\u0161ic med vadbo in po njej. Knjiga je namenjena vsem, \u0161portnikom, rekreativcem in tudi tistim, ki se s \u0161portom ne ukvarjajo. Raztezna vadba je primerna za vse ne gleda na starost, poklic in fizi\u010dno kondicijo. Pri raztezni vadbi sta prikazan tako mo\u0161ki kot \u017eenska, in sicer v obla\u010dilih primernih za dolo\u010den \u0161port. Za ljudi v \u010dasovni stiski je pri vsaki \u0161portni aktivnosti prikazana skraj\u0161ana obilka vadbe &#8211; mini serija.<br \/>\nIzjemno primerno za praktikante vseh borilnih ve\u0161\u010din!<\/span><\/p>\n<p><span style=\"font-size: 15px; color: #993300;\">215 strani, ve\u010d kot 700! risb, mehka vezava<\/span><\/p>\n<\/div>\n","protected":false},"excerpt":{"rendered":"<p><span style=\"color: #002060;\">Avtor: <strong>Bob ANDERSON<\/strong><\/span><\/p>\n","protected":false},"featured_media":81381,"comment_status":"open","ping_status":"closed","template":"","meta":[],"product_brand":[],"product_cat":[1035,1043,1033,1031,1029,777,1037,1039,1041],"product_tag":[],"class_list":{"0":"post-81378","1":"product","2":"type-product","3":"status-publish","4":"has-post-thumbnail","6":"product_cat-aikido-kendo-iai-kobudo-1","7":"product_cat-boks-kickbox-tajski-boks-mma","8":"product_cat-ju-jitsujiu-jitsu-1","9":"product_cat-judo-1","10":"product_cat-karate-5","11":"product_cat-knjige-v-slovenscini","12":"product_cat-ninjutsu-3","13":"product_cat-taekwondo-3","14":"product_cat-tai-chi-kunf-fu-wu-shu-1","16":"first","17":"instock","18":"taxable","19":"shipping-taxable","20":"purchasable","21":"product-type-simple"},"_links":{"self":[{"href":"https:\/\/www.budoshop.si\/sl\/wp-json\/wp\/v2\/product\/81378","targetHints":{"allow":["GET"]}}],"collection":[{"href":"https:\/\/www.budoshop.si\/sl\/wp-json\/wp\/v2\/product"}],"about":[{"href":"https:\/\/www.budoshop.si\/sl\/wp-json\/wp\/v2\/types\/product"}],"replies":[{"embeddable":true,"href":"https:\/\/www.budoshop.si\/sl\/wp-json\/wp\/v2\/comments?post=81378"}],"wp:featuredmedia":[{"embeddable":true,"href":"https:\/\/www.budoshop.si\/sl\/wp-json\/wp\/v2\/media\/81381"}],"wp:attachment":[{"href":"https:\/\/www.budoshop.si\/sl\/wp-json\/wp\/v2\/media?parent=81378"}],"wp:term":[{"taxonomy":"product_brand","embeddable":true,"href":"https:\/\/www.budoshop.si\/sl\/wp-json\/wp\/v2\/product_brand?post=81378"},{"taxonomy":"product_cat","embeddable":true,"href":"https:\/\/www.budoshop.si\/sl\/wp-json\/wp\/v2\/product_cat?post=81378"},{"taxonomy":"product_tag","embeddable":true,"href":"https:\/\/www.budoshop.si\/sl\/wp-json\/wp\/v2\/product_tag?post=81378"}],"curies":[{"name":"wp","href":"https:\/\/api.w.org\/{rel}","templated":true}]}}