{"id":81309,"date":"2018-09-13T06:51:49","date_gmt":"2018-09-13T06:51:49","guid":{"rendered":"https:\/\/budoshop.si\/?product=fokuser-scit-pao-power-par"},"modified":"2026-01-09T18:10:09","modified_gmt":"2026-01-09T17:10:09","slug":"fokuser-scit-pao-power-par","status":"publish","type":"product","link":"https:\/\/www.budoshop.si\/sl\/izdelek\/fokuser-scit-pao-power-par\/","title":{"rendered":"Fokuser \u0161\u010dit &#8221;PAO POWER&#8221; (par)"},"content":{"rendered":"<div style=\"text-align: justify;\"><span style=\"font-size: 15px; color: #993300;\">Pao POWER fokuser \u0161\u010dit za borilne ve\u0161\u010dine, izdelan iz visoko kakovostnega umetnega usnja \u010drne barve. Na zadnji strani se nahaja \u010dvrst ro\u010daj za dr\u017eanje in dva ro\u010daja za podlaket z zapenjanjem na je\u017eka ter dodatnim oblazinjenjem, <span class=\"HwtZe\" lang=\"sl\"><span class=\"jCAhz ChMk0b C1N51c\"><span class=\"ryNqvb\">ki prepre\u010duje bole\u010dine in po\u0161kodbe zaradi te\u017ekega in dolgega treninga<\/span><\/span><\/span>. Rahlo ukrivljena povr\u0161ina obogo\u010da bolj\u0161o absorbcijo sprejema udarcev in <span class=\"HwtZe\" lang=\"sl\"><span class=\"jCAhz ChMk0b\"><span class=\"ryNqvb\">zagotavlja, da udarci tre brce ne bodo zdrsnili.<br \/>\n<\/span><\/span><\/span><\/span><\/div>\n<div style=\"text-align: justify;\"><\/div>\n<div style=\"text-align: justify;\"><span style=\"font-size: 15px; color: #993300;\">Ker je \u0161\u010dit lahek omogo\u010da dolge in naporne treninge.<\/span><\/div>\n<div style=\"text-align: justify;\">\n<p><span style=\"color: #993300; font-size: 15px;\">Prodaja se v paru.<\/span><\/p>\n<p><span style=\"font-size: 15px; color: #993300;\">Dimenzije: cca. 38 x 18 x 8 cm.<\/span><\/p>\n<\/div>\n","protected":false},"excerpt":{"rendered":"<p><span style=\"color: #003366;\"><strong>Vrhunski Pao fokuser \u0161\u010dit za borilne ve\u0161\u010dine &#8211; PAR.<\/strong><\/span><\/p>\n","protected":false},"featured_media":81311,"comment_status":"open","ping_status":"closed","template":"","meta":[],"product_brand":[5608],"product_cat":[1043,1033,1029,1039,1041,1113],"product_tag":[],"class_list":{"0":"post-81309","1":"product","2":"type-product","3":"status-publish","4":"has-post-thumbnail","6":"product_brand-dax","7":"product_cat-boks-kickbox-tajski-boks-mma","8":"product_cat-ju-jitsujiu-jitsu-1","9":"product_cat-karate-5","10":"product_cat-taekwondo-3","11":"product_cat-tai-chi-kunf-fu-wu-shu-1","12":"product_cat-pao-fokuserji","14":"first","15":"instock","16":"taxable","17":"shipping-taxable","18":"purchasable","19":"product-type-simple"},"_links":{"self":[{"href":"https:\/\/www.budoshop.si\/sl\/wp-json\/wp\/v2\/product\/81309","targetHints":{"allow":["GET"]}}],"collection":[{"href":"https:\/\/www.budoshop.si\/sl\/wp-json\/wp\/v2\/product"}],"about":[{"href":"https:\/\/www.budoshop.si\/sl\/wp-json\/wp\/v2\/types\/product"}],"replies":[{"embeddable":true,"href":"https:\/\/www.budoshop.si\/sl\/wp-json\/wp\/v2\/comments?post=81309"}],"wp:featuredmedia":[{"embeddable":true,"href":"https:\/\/www.budoshop.si\/sl\/wp-json\/wp\/v2\/media\/81311"}],"wp:attachment":[{"href":"https:\/\/www.budoshop.si\/sl\/wp-json\/wp\/v2\/media?parent=81309"}],"wp:term":[{"taxonomy":"product_brand","embeddable":true,"href":"https:\/\/www.budoshop.si\/sl\/wp-json\/wp\/v2\/product_brand?post=81309"},{"taxonomy":"product_cat","embeddable":true,"href":"https:\/\/www.budoshop.si\/sl\/wp-json\/wp\/v2\/product_cat?post=81309"},{"taxonomy":"product_tag","embeddable":true,"href":"https:\/\/www.budoshop.si\/sl\/wp-json\/wp\/v2\/product_tag?post=81309"}],"curies":[{"name":"wp","href":"https:\/\/api.w.org\/{rel}","templated":true}]}}