{"id":81302,"date":"2018-09-13T06:51:49","date_gmt":"2018-09-13T06:51:49","guid":{"rendered":"https:\/\/budoshop.si\/?product=oblazinjen-fokuser-scit-muay-thai"},"modified":"2026-04-15T08:15:42","modified_gmt":"2026-04-15T06:15:42","slug":"oblazinjen-fokuser-scit-muay-thai","status":"publish","type":"product","link":"https:\/\/www.budoshop.si\/sl\/izdelek\/oblazinjen-fokuser-scit-muay-thai\/","title":{"rendered":"Oblazinjen fokuser \u0161\u010dit &#8221;MUAY THAI&#8221;"},"content":{"rendered":"<div style=\"text-align: justify;\">\n<p><span style=\"color: #993300; font-size: 15px;\">Poseben prenosni oblazinjen fokuser \u0161\u010dit za borilne ve\u0161\u010dine namenjen treningu udarcev z nogo v telo, spodnji del telesa in tehnikam s polno mo\u010djo. Fokuser ima raz\u0161irjen zgornji delo za udarce s kolenom in brce navzgor.<br \/>\nFokuser je izdelan iz \u010dvrstega umetnega material \u010drne barve, z dvema ro\u010dajema za podlakti in dodatnim ro\u010dajem na zadnji strani.<br \/>\n<\/span><\/p>\n<p><span style=\"font-size: 15px; color: #993300;\">Barva: \u010drna<\/span><\/p>\n<p><span style=\"font-size: 15px; color: #993300;\">Dimenzije: 75 x 36 x 12\/24 cm<\/span><\/p>\n<\/div>\n","protected":false},"excerpt":{"rendered":"<p><span style=\"color: #003366;\"><strong>Dimenzije: 74 x 36 x 12\/24 cm.<\/strong><\/span><\/p>\n","protected":false},"featured_media":112775,"comment_status":"open","ping_status":"closed","template":"","meta":[],"product_brand":[5595],"product_cat":[5405,5406,1043,1029,1039,755],"product_tag":[],"class_list":{"0":"post-81302","1":"product","2":"type-product","3":"status-publish","4":"has-post-thumbnail","6":"product_brand-ju-sports","7":"product_cat-ju-sports","8":"product_cat-ju-sports-2","9":"product_cat-boks-kickbox-tajski-boks-mma","10":"product_cat-karate-5","11":"product_cat-taekwondo-3","12":"product_cat-fokuserji-in-oblazinjeni-scit","14":"first","15":"outofstock","16":"taxable","17":"shipping-taxable","18":"purchasable","19":"product-type-simple"},"_links":{"self":[{"href":"https:\/\/www.budoshop.si\/sl\/wp-json\/wp\/v2\/product\/81302","targetHints":{"allow":["GET"]}}],"collection":[{"href":"https:\/\/www.budoshop.si\/sl\/wp-json\/wp\/v2\/product"}],"about":[{"href":"https:\/\/www.budoshop.si\/sl\/wp-json\/wp\/v2\/types\/product"}],"replies":[{"embeddable":true,"href":"https:\/\/www.budoshop.si\/sl\/wp-json\/wp\/v2\/comments?post=81302"}],"wp:featuredmedia":[{"embeddable":true,"href":"https:\/\/www.budoshop.si\/sl\/wp-json\/wp\/v2\/media\/112775"}],"wp:attachment":[{"href":"https:\/\/www.budoshop.si\/sl\/wp-json\/wp\/v2\/media?parent=81302"}],"wp:term":[{"taxonomy":"product_brand","embeddable":true,"href":"https:\/\/www.budoshop.si\/sl\/wp-json\/wp\/v2\/product_brand?post=81302"},{"taxonomy":"product_cat","embeddable":true,"href":"https:\/\/www.budoshop.si\/sl\/wp-json\/wp\/v2\/product_cat?post=81302"},{"taxonomy":"product_tag","embeddable":true,"href":"https:\/\/www.budoshop.si\/sl\/wp-json\/wp\/v2\/product_tag?post=81302"}],"curies":[{"name":"wp","href":"https:\/\/api.w.org\/{rel}","templated":true}]}}