{"id":81274,"date":"2018-09-13T06:51:49","date_gmt":"2018-09-13T06:51:49","guid":{"rendered":"https:\/\/budoshop.si\/?product=boksarska-fokuser-rokavica-zebra-black-par"},"modified":"2026-02-09T17:09:48","modified_gmt":"2026-02-09T16:09:48","slug":"boksarska-fokuser-rokavica-zebra-black-par","status":"publish","type":"product","link":"https:\/\/www.budoshop.si\/sl\/izdelek\/boksarska-fokuser-rokavica-zebra-black-par\/","title":{"rendered":"Boksarska fokuser rokavica &#8221;ZEBRA BLACK&#8221;  (par)"},"content":{"rendered":"<div style=\"text-align: justify;\">\n<p><span style=\"font-size: 15px; color: #993300;\">Trenerske boksarske fokuser rokavice Zebra so izdelane iz trpe\u017enega in zelo kvalitetnega matt &#8220;FLX PU&#8221; umetnega usnja. Fokuserji so rahlo ukrivljeni in vsebujejo izjemno lahko penasto jedro, ki je v pomo\u010d pri vsestranski uporabi med treningom borilnih ve\u0161\u010din. Okroglina na sredini ro\u010daja zagotavlja anatomski polo\u017eaj roke in zanesljivo prileganje na dlan. Podlo\u017een predel pri konicah prstov \u0161\u010diti pred po\u0161kodbami, mre\u017easti poliestrski material pa zagotavlja dobro ventilacijo in prepre\u010duje pretirano znojenje. Zahvaljujo\u010d rahlo oblazinjeni pre\u010dki na zadnji strani roke je natikanje fokuserja enostavno in hitro. Dodatna mehka blazina na spodnji strani zapestja zagotavlja dodatno podporo in za\u0161\u010dito sklepu ter pomaga absorbirati mo\u010dne udarce. Primeren za treninge MMA, boksa in kickboksa, Karateja in drugih kontaktnih borilnih ve\u0161\u010din.<\/span><br \/>\n<span style=\"font-size: 15px; color: #993300;\"> \u010crno-bele barve.<\/span><\/p>\n<p><span style=\"font-size: 15px; color: #993300;\">Dimenzije: cca. 28 x 20 x 6 cm<\/span><\/p>\n<p><span style=\"font-size: 15px; color: #993300;\">Prodajajo se v paru.<\/span><\/p>\n<\/div>\n","protected":false},"excerpt":{"rendered":"<p><span style=\"color: #003366;\"><strong>\u010crn ukrivljeni boksarski trenerski fokuser (par).<\/strong><\/span><\/p>\n","protected":false},"featured_media":81281,"comment_status":"open","ping_status":"closed","template":"","meta":[],"product_brand":[5599],"product_cat":[1043,1033,1029,1039,1111,1105,1103],"product_tag":[],"class_list":{"0":"post-81274","1":"product","2":"type-product","3":"status-publish","4":"has-post-thumbnail","6":"product_brand-zebra","7":"product_cat-boks-kickbox-tajski-boks-mma","8":"product_cat-ju-jitsujiu-jitsu-1","9":"product_cat-karate-5","10":"product_cat-taekwondo-3","11":"product_cat-fokuser-rokavice","12":"product_cat-zebra-3","13":"product_cat-zebra-1","15":"first","16":"instock","17":"taxable","18":"shipping-taxable","19":"purchasable","20":"product-type-simple"},"_links":{"self":[{"href":"https:\/\/www.budoshop.si\/sl\/wp-json\/wp\/v2\/product\/81274","targetHints":{"allow":["GET"]}}],"collection":[{"href":"https:\/\/www.budoshop.si\/sl\/wp-json\/wp\/v2\/product"}],"about":[{"href":"https:\/\/www.budoshop.si\/sl\/wp-json\/wp\/v2\/types\/product"}],"replies":[{"embeddable":true,"href":"https:\/\/www.budoshop.si\/sl\/wp-json\/wp\/v2\/comments?post=81274"}],"wp:featuredmedia":[{"embeddable":true,"href":"https:\/\/www.budoshop.si\/sl\/wp-json\/wp\/v2\/media\/81281"}],"wp:attachment":[{"href":"https:\/\/www.budoshop.si\/sl\/wp-json\/wp\/v2\/media?parent=81274"}],"wp:term":[{"taxonomy":"product_brand","embeddable":true,"href":"https:\/\/www.budoshop.si\/sl\/wp-json\/wp\/v2\/product_brand?post=81274"},{"taxonomy":"product_cat","embeddable":true,"href":"https:\/\/www.budoshop.si\/sl\/wp-json\/wp\/v2\/product_cat?post=81274"},{"taxonomy":"product_tag","embeddable":true,"href":"https:\/\/www.budoshop.si\/sl\/wp-json\/wp\/v2\/product_tag?post=81274"}],"curies":[{"name":"wp","href":"https:\/\/api.w.org\/{rel}","templated":true}]}}