{"id":81171,"date":"2018-09-13T06:51:49","date_gmt":"2018-09-13T06:51:49","guid":{"rendered":"https:\/\/budoshop.si\/?product=bjj-pas-obi-jiu-jitsu"},"modified":"2026-02-19T08:30:02","modified_gmt":"2026-02-19T07:30:02","slug":"bjj-pas-obi-jiu-jitsu","status":"publish","type":"product","link":"https:\/\/www.budoshop.si\/sl\/izdelek\/bjj-pas-obi-jiu-jitsu\/","title":{"rendered":"BJJ pas &#8221;Obi JIU-JITSU&#8221;"},"content":{"rendered":"<div style=\"text-align: justify;\">\n<p><span style=\"color: #993300; font-size: 15px;\">Jiujitsu pasovi \u0161irine 4 cm in narejeni iz 100% bomba\u017ea. Pasovi so osemkrat pre\u0161iti, kar daje pasu trdnost in obstojnost, barve pa so visoko kvalitetne in se s pranjem ne obrabijo. <\/span><\/p>\n<p><span style=\"color: #993300; font-size: 15px;\">Barve: bela, modra, vijoli\u010dna in rjava s \u010drno oznako ter \u010drna z rde\u010do oznako.<\/span><\/p>\n<p><span style=\"color: #993300; font-size: 15px;\">Dol\u017eine: A1 \u2013 260 cm, A2 \u2013 280 cm, A3 \u2013 300 cm, A4 \u2013 320 cm.<\/span><\/p>\n<\/div>\n","protected":false},"excerpt":{"rendered":"<p><span style=\"color: #002060;\"><strong>Barvni JIU-JITSU pasovi.<\/strong><\/span><\/p>\n","protected":false},"featured_media":81173,"comment_status":"open","ping_status":"closed","template":"","meta":[],"product_brand":[5607],"product_cat":[1033,859,985,1063],"product_tag":[],"class_list":{"0":"post-81171","1":"product","2":"type-product","3":"status-publish","4":"has-post-thumbnail","6":"product_brand-danhro","7":"product_cat-ju-jitsujiu-jitsu-1","8":"product_cat-barvni-pasovi","9":"product_cat-danrho-1","10":"product_cat-danhro-1","11":"pa_barva-bele-barve-sl","12":"pa_barva-modre-barve-sl","13":"pa_barva-vijolicna","14":"pa_barva-rjava-barva-sl","15":"pa_barva-crne-barve-sl-2","16":"pa_dolzina-a1-260-cm-2","17":"pa_dolzina-a2-280-cm-2","18":"pa_dolzina-a3-300cm-sl","19":"pa_dolzina-a4-320-cm-2","21":"first","22":"instock","23":"sale","24":"taxable","25":"shipping-taxable","26":"purchasable","27":"product-type-variable"},"_links":{"self":[{"href":"https:\/\/www.budoshop.si\/sl\/wp-json\/wp\/v2\/product\/81171","targetHints":{"allow":["GET"]}}],"collection":[{"href":"https:\/\/www.budoshop.si\/sl\/wp-json\/wp\/v2\/product"}],"about":[{"href":"https:\/\/www.budoshop.si\/sl\/wp-json\/wp\/v2\/types\/product"}],"replies":[{"embeddable":true,"href":"https:\/\/www.budoshop.si\/sl\/wp-json\/wp\/v2\/comments?post=81171"}],"wp:featuredmedia":[{"embeddable":true,"href":"https:\/\/www.budoshop.si\/sl\/wp-json\/wp\/v2\/media\/81173"}],"wp:attachment":[{"href":"https:\/\/www.budoshop.si\/sl\/wp-json\/wp\/v2\/media?parent=81171"}],"wp:term":[{"taxonomy":"product_brand","embeddable":true,"href":"https:\/\/www.budoshop.si\/sl\/wp-json\/wp\/v2\/product_brand?post=81171"},{"taxonomy":"product_cat","embeddable":true,"href":"https:\/\/www.budoshop.si\/sl\/wp-json\/wp\/v2\/product_cat?post=81171"},{"taxonomy":"product_tag","embeddable":true,"href":"https:\/\/www.budoshop.si\/sl\/wp-json\/wp\/v2\/product_tag?post=81171"}],"curies":[{"name":"wp","href":"https:\/\/api.w.org\/{rel}","templated":true}]}}