{"id":81136,"date":"2018-09-13T06:51:49","date_gmt":"2018-09-13T06:51:49","guid":{"rendered":"https:\/\/budoshop.si\/?product=otroska-boksarska-vreca-mini-shark"},"modified":"2026-01-12T16:33:52","modified_gmt":"2026-01-12T15:33:52","slug":"otroska-boksarska-vreca-mini-shark","status":"publish","type":"product","link":"https:\/\/www.budoshop.si\/sl\/izdelek\/otroska-boksarska-vreca-mini-shark\/","title":{"rendered":"Otro\u0161ka boksarska vre\u010da &#8221;MINI SHARK&#8221;"},"content":{"rendered":"<div style=\"text-align: justify;\">\n<p><span style=\"color: #993300; font-size: 15px;\">Ta boksarska vre\u010da za udarjanje je namenjena mladim boks nadebudne\u017eem starosti 4-7 let. Njena te\u017ea (cca. 3,5 kg) namre\u010d zagotavlja minimalno mo\u017enost po\u0161kodb za otroka. Izdelana je vinilnega zunanjega materiala in polnjena s tekstilnimi obrezninami, ki zagotavljajo, da se vre\u010da &#8216;ne zbija&#8217; in nenehno ohranja svojo obliko. Na vrhu je vre\u010da opremljena z zadrgo, ki omogo\u010da prosto dodajanje\/odvzemanje materiala iz vre\u010de. Vre\u010do se na stojalo obesi z enostavno rinko.<\/span><\/p>\n<p><span style=\"font-size: 15px; color: #993300;\">Mere: cca. 20 x 50cm<\/span><br \/>\n<span style=\"font-size: 15px; color: #993300;\">Te\u017ea: cca. 3,5kg<\/span><\/p>\n<\/div>\n","protected":false},"excerpt":{"rendered":"<p><span style=\"color: #002060;\"><strong>Otro\u0161ka boksarska vre\u010da.<\/strong><\/span><\/p>\n","protected":false},"featured_media":81139,"comment_status":"open","ping_status":"closed","template":"","meta":[],"product_brand":[5596],"product_cat":[5431,1043,1033,1029,1039,865,983,1061],"product_tag":[],"class_list":{"0":"post-81136","1":"product","2":"type-product","3":"status-publish","4":"has-post-thumbnail","6":"product_brand-kwon","7":"product_cat-otroske-boksarske-vrece","8":"product_cat-boks-kickbox-tajski-boks-mma","9":"product_cat-ju-jitsujiu-jitsu-1","10":"product_cat-karate-5","11":"product_cat-taekwondo-3","12":"product_cat-visece-vrece","13":"product_cat-kwon-3","14":"product_cat-kwon-5","16":"first","17":"instock","18":"taxable","19":"shipping-taxable","20":"purchasable","21":"product-type-simple"},"_links":{"self":[{"href":"https:\/\/www.budoshop.si\/sl\/wp-json\/wp\/v2\/product\/81136","targetHints":{"allow":["GET"]}}],"collection":[{"href":"https:\/\/www.budoshop.si\/sl\/wp-json\/wp\/v2\/product"}],"about":[{"href":"https:\/\/www.budoshop.si\/sl\/wp-json\/wp\/v2\/types\/product"}],"replies":[{"embeddable":true,"href":"https:\/\/www.budoshop.si\/sl\/wp-json\/wp\/v2\/comments?post=81136"}],"wp:featuredmedia":[{"embeddable":true,"href":"https:\/\/www.budoshop.si\/sl\/wp-json\/wp\/v2\/media\/81139"}],"wp:attachment":[{"href":"https:\/\/www.budoshop.si\/sl\/wp-json\/wp\/v2\/media?parent=81136"}],"wp:term":[{"taxonomy":"product_brand","embeddable":true,"href":"https:\/\/www.budoshop.si\/sl\/wp-json\/wp\/v2\/product_brand?post=81136"},{"taxonomy":"product_cat","embeddable":true,"href":"https:\/\/www.budoshop.si\/sl\/wp-json\/wp\/v2\/product_cat?post=81136"},{"taxonomy":"product_tag","embeddable":true,"href":"https:\/\/www.budoshop.si\/sl\/wp-json\/wp\/v2\/product_tag?post=81136"}],"curies":[{"name":"wp","href":"https:\/\/api.w.org\/{rel}","templated":true}]}}