{"id":81119,"date":"2018-09-13T06:51:49","date_gmt":"2018-09-13T04:51:49","guid":{"rendered":"https:\/\/budoshop.si\/?product=meifu-shinkage-ryu-fundo-kusarijutsu-shurikenjutsu"},"modified":"2024-03-01T09:28:07","modified_gmt":"2024-03-01T08:28:07","slug":"meifu-shinkage-ryu-fundo-kusarijutsu-shurikenjutsu-1","status":"publish","type":"product","link":"https:\/\/www.budoshop.si\/sl\/izdelek\/meifu-shinkage-ryu-fundo-kusarijutsu-shurikenjutsu-1\/","title":{"rendered":"Meifu Shinkage Ry\u00fb Fundo-kusarijutsu &#038; Shurikenjutsu"},"content":{"rendered":"<div style=\"text-align: justify;\">\n<p><span style=\"color: #993300; font-size: 15px;\">Meifu Shinkage ryu je moderna \u0161ola Shuriken-jutsu-ja (ve\u0161\u010dine metanja konic) in Fundo-kusari jutsu-ja (ve\u0161\u010dine uporabe verige z ute\u017ejo), ki jo je v sedemdesetih letih razvil Chikatoshi Someya.<br \/>\nNjegov naslednik Otsuka Yasuyuki v tej svoji knjigi temeljito razlaga tako Shuriken-jutsu, ki se uporablja v tem stilu kot Fundo-kusari. Kot dodatek pa dodaja \u0161e ve\u0161\u010dini Shoken-jutsu in Onken-jutsu.<\/span><\/p>\n<p><span style=\"font-size: 15px; color: #993300;\">153 strani, ve\u010d kot 380 fotografij<\/span><\/p>\n<p><span style=\"font-size: 15px; color: #993300;\">Jezik: angle\u0161ki<\/span><\/p>\n<\/div>\n<p style=\"text-align: justify;\">\n","protected":false},"excerpt":{"rendered":"<p><span style=\"color: #002060;\">Avtor: <strong>Otsuka YASUKI<\/strong><\/span><\/p>\n","protected":false},"featured_media":81121,"comment_status":"open","ping_status":"closed","template":"","meta":[],"product_brand":[],"product_cat":[1035,801,1037,797,803],"product_tag":[],"class_list":{"0":"post-81119","1":"product","2":"type-product","3":"status-publish","4":"has-post-thumbnail","6":"product_cat-aikido-kendo-iai-kobudo-1","7":"product_cat-kobudo-1","8":"product_cat-ninjutsu-3","9":"product_cat-ninjutsu-1","10":"product_cat-ostale-vescine-self-defence","12":"first","13":"instock","14":"taxable","15":"shipping-taxable","16":"purchasable","17":"product-type-simple"},"_links":{"self":[{"href":"https:\/\/www.budoshop.si\/sl\/wp-json\/wp\/v2\/product\/81119","targetHints":{"allow":["GET"]}}],"collection":[{"href":"https:\/\/www.budoshop.si\/sl\/wp-json\/wp\/v2\/product"}],"about":[{"href":"https:\/\/www.budoshop.si\/sl\/wp-json\/wp\/v2\/types\/product"}],"replies":[{"embeddable":true,"href":"https:\/\/www.budoshop.si\/sl\/wp-json\/wp\/v2\/comments?post=81119"}],"wp:featuredmedia":[{"embeddable":true,"href":"https:\/\/www.budoshop.si\/sl\/wp-json\/wp\/v2\/media\/81121"}],"wp:attachment":[{"href":"https:\/\/www.budoshop.si\/sl\/wp-json\/wp\/v2\/media?parent=81119"}],"wp:term":[{"taxonomy":"product_brand","embeddable":true,"href":"https:\/\/www.budoshop.si\/sl\/wp-json\/wp\/v2\/product_brand?post=81119"},{"taxonomy":"product_cat","embeddable":true,"href":"https:\/\/www.budoshop.si\/sl\/wp-json\/wp\/v2\/product_cat?post=81119"},{"taxonomy":"product_tag","embeddable":true,"href":"https:\/\/www.budoshop.si\/sl\/wp-json\/wp\/v2\/product_tag?post=81119"}],"curies":[{"name":"wp","href":"https:\/\/api.w.org\/{rel}","templated":true}]}}