{"id":80926,"date":"2018-09-13T06:51:49","date_gmt":"2018-09-13T04:51:49","guid":{"rendered":"https:\/\/budoshop.si\/?product=katana-shibata"},"modified":"2024-05-31T11:20:04","modified_gmt":"2024-05-31T09:20:04","slug":"katana-shibata","status":"publish","type":"product","link":"https:\/\/www.budoshop.si\/sl\/izdelek\/katana-shibata\/","title":{"rendered":"Katana &#8221;SHIBATA&#8221;"},"content":{"rendered":"<div>\n<p><span style=\"font-size: 15px; color: #993300;\">Ta Katana je namenjena vsem, ki za svoj Iai-do ali Kenjutsu trening \u017eelijo kvaliteten me\u010d za dolgo uporabo, a po ugodni ceni. Kljub sorazmerno nizki ceni ta me\u010d nudi odli\u010dno kvaliteto in obstojnost, saj je me\u010d (strojno) kovan in ro\u010dno poliran. Rezilo je izdelano iz 1045 high carbon jekla. <span class=\"HwtZe\" lang=\"sl\"><span class=\"jCAhz ChMk0b\"><span class=\"ryNqvb\">zelo kvalitetni dodatki kot so Seppa, Habaki in Shitodome pa so narejeni iz medenine.<\/span><\/span> Tsuba \u0161\u010ditnik in Tsuka Kashira (vrh ro\u010daja) sta <span class=\"jCAhz ChMk0b\"><span class=\"ryNqvb\">okra\u0161en z zlatim pupkom. Zlate barve so tudi ostali okrasi.<\/span><\/span><\/span> Tsuka in Saya sta narejeni iz \u010dvrstega lesa. Tsuka Ito je narejena iz sinteti\u010dnega bomba\u017ea, ki je vezan preko pravega ribjega usnja. Me\u010d krasijo zanimiva barvna kombinacija, ki vklju\u010duje bel ro\u010daj, temno rde\u010do no\u017enico, belo-\u010drno Sageo vrvico in unikatno Tsubo (\u0161\u010ditnik).<\/span><\/p>\n<p><span style=\"font-size: 15px; color: #993300;\">Nenabru\u0161en ali nabru\u0161en (zahteva nekaj dni za dostavo).<\/span><\/p>\n<p><span style=\"font-size: 15px; color: #993300;\">Detajli:<\/span><br \/>\n<span style=\"font-size: 15px; color: #993300;\">Jeklo: 1045 High Carbon Steel<\/span><br \/>\n<span style=\"font-size: 15px; color: #993300;\">NAGASA (dol\u017eina rezila): 72 cm, 74 cm s Habaki-jem<\/span><br \/>\n<span style=\"font-size: 15px; color: #993300;\">HAMON (motiv ostrine): Notare<\/span><br \/>\n<span style=\"font-size: 15px; color: #993300;\">SORI (ukrivljenost): 2,00 cm <\/span><br \/>\n<span style=\"font-size: 15px; color: #993300;\">TSUKA (ro\u010daj): 27 cm <\/span><br \/>\n<span style=\"font-size: 15px; color: #993300;\">TSUKA ITO (navitje ro\u010daja): \u010drn bomba\u017e &#8211; Katate-maki<\/span><br \/>\n<span style=\"font-size: 15px; color: #993300;\">SAME (podloga ro\u010daja): pravo ribje usnje<\/span><br \/>\n<span style=\"font-size: 15px; color: #993300;\">TSUBA (\u0161\u010ditnik): Shin no Marugata \u2013 Tsuru<\/span><br \/>\n<span style=\"font-size: 15px; color: #993300;\">BOHI (\u017eleb v rezilu): DA<\/span><br \/>\n<span style=\"font-size: 15px; color: #993300;\">SAYA (no\u017enica): 78 cm temno rjavo barvan lakiran les<\/span><br \/>\n<span style=\"font-size: 15px; color: #993300;\">SAGEO (vrvica): \u010drn bomba\u017e<\/span><br \/>\n<span style=\"font-size: 15px; color: #993300;\">MEKUGI (zati\u010d): bambusov 2X <\/span><br \/>\n<span style=\"font-size: 15px; color: #993300;\">Te\u017ea: cca. 1.400 g (s Sayo), 1.180 g (brez Saye)<\/span><\/p>\n<p><span style=\"font-size: 15px; color: #993300;\">Darilo: bomba\u017ena prenosna torba!<\/span><\/p>\n<p><span style=\"font-size: 15px; color: #993300;\">TA ARTIKEL PRODAJAMO SAMO POLNOLETNIM OSEBAM!!!<\/span><\/p>\n<\/div>\n<div style=\"text-align: justify;\"><\/div>\n<div style=\"text-align: justify;\"><span style=\"color: #993300; font-size: 15px;\">\u00a0<\/span><\/div>\n<div style=\"text-align: justify;\"><span style=\"color: #993300; font-size: 11px;\">Opozorilo!<br \/>\n\u25ba Artikel je namenjen samo dekorativni uporabi oziroma osebnemu treningu borilnih ve\u0161\u010din.<br \/>\n\u25ba Po prodaji, prodajalec ni ve\u010d odgovoren za nikakr\u0161ne po\u0161kodbe, ki se lahko zgodijo zaradi napa\u010dne uporabe ali zanemarjanja teh opozoril. Novi lastnik prevzema popolno odgovornost za skrb in uporabo tega artikla.<br \/>\n\u25ba Vsakr\u0161na napa\u010dna uporaba ali nepazljivost lahko vam ali drugemu povzro\u010di resne po\u0161kodbe ali celo smrt!<br \/>\n\u25ba Ta artikel se v nobenem primeru ne sme uporabljati na drugi osebi!<\/span><\/div>\n","protected":false},"excerpt":{"rendered":"<p><strong><span style=\"color: #002060;\">Atraktiven prakti\u010den kovinski vadbeni Katana me\u010d.<\/span><\/strong><\/p>\n","protected":false},"featured_media":111338,"comment_status":"open","ping_status":"closed","template":"","meta":[],"product_brand":[],"product_cat":[5383,1035,1037,977,1055],"product_tag":[],"class_list":{"0":"post-80926","1":"product","2":"type-product","3":"status-publish","4":"has-post-thumbnail","6":"product_cat-iaito-trening-katana-meci","7":"product_cat-aikido-kendo-iai-kobudo-1","8":"product_cat-ninjutsu-3","9":"product_cat-yari-no-hanzo-1","10":"product_cat-yari-no-hanzo-3","11":"pa_model-nabrusen-sl","12":"pa_model-nenabrusen-sl","14":"first","15":"instock","16":"taxable","17":"shipping-taxable","18":"purchasable","19":"product-type-variable"},"_links":{"self":[{"href":"https:\/\/www.budoshop.si\/sl\/wp-json\/wp\/v2\/product\/80926","targetHints":{"allow":["GET"]}}],"collection":[{"href":"https:\/\/www.budoshop.si\/sl\/wp-json\/wp\/v2\/product"}],"about":[{"href":"https:\/\/www.budoshop.si\/sl\/wp-json\/wp\/v2\/types\/product"}],"replies":[{"embeddable":true,"href":"https:\/\/www.budoshop.si\/sl\/wp-json\/wp\/v2\/comments?post=80926"}],"wp:featuredmedia":[{"embeddable":true,"href":"https:\/\/www.budoshop.si\/sl\/wp-json\/wp\/v2\/media\/111338"}],"wp:attachment":[{"href":"https:\/\/www.budoshop.si\/sl\/wp-json\/wp\/v2\/media?parent=80926"}],"wp:term":[{"taxonomy":"product_brand","embeddable":true,"href":"https:\/\/www.budoshop.si\/sl\/wp-json\/wp\/v2\/product_brand?post=80926"},{"taxonomy":"product_cat","embeddable":true,"href":"https:\/\/www.budoshop.si\/sl\/wp-json\/wp\/v2\/product_cat?post=80926"},{"taxonomy":"product_tag","embeddable":true,"href":"https:\/\/www.budoshop.si\/sl\/wp-json\/wp\/v2\/product_tag?post=80926"}],"curies":[{"name":"wp","href":"https:\/\/api.w.org\/{rel}","templated":true}]}}